{"id":57418,"date":"2024-07-05T04:41:27","date_gmt":"2024-07-05T04:41:27","guid":{"rendered":"https:\/\/donaulife-new.ogrisdigital.at\/heisenberg-diffusorchillum-huell-292188mm\/"},"modified":"2024-07-05T04:41:28","modified_gmt":"2024-07-05T04:41:28","slug":"heisenberg-diffusorchillum-huell-292188mm","status":"publish","type":"product","link":"https:\/\/donaulife-new.ogrisdigital.at\/sv\/heisenberg-diffusorchillum-huell-292188mm\/","title":{"rendered":"HEISENBERG Diffusorchillum \u2018Huell\u2019 | 29,2>18,8mm"},"content":{"rendered":"<h2>Heisenberg Diffusorchillum med 29,2 >18,8 mm slip<\/h2>\n<p>En Matrix-diffusor-chillum med slip p\u00e5 29,2 mm till 18,8 mm. Heisenberg-logotypen \u00e4r tryckt i svart p\u00e5 r\u00f6ret. Huell levererar alltid b\u00e4sta resultat.<\/p>\n<h3>Om Heisenberg:<\/h3>\n<div>\n<p>Heisenberg \u2013 inte bara ett fenomen genom Breaking Bad. Varum\u00e4rket Heisenberg har bland annat blivit k\u00e4nt f\u00f6r sina glasbongs. Ingen bong i Heisenberg-serien \u00e4r likadan. H\u00e4r erbjuds olika designelement, till exempel poppiga f\u00e4rger eller med glow in the dark-funktion, platser f\u00f6r att s\u00e4tta in LED-belysning och andra extramaterial.<\/p>\n<\/div>\n<p>\u00a0<\/p>\n","protected":false},"excerpt":{"rendered":"<p>Heisenberg Diffusorchillum med 29,2 >18,8 mm slip En Matrix-diffusor-chillum med slip p\u00e5 29,2 mm till 18,8 mm. Heisenberg-logotypen \u00e4r tryckt<\/p>\n","protected":false},"featured_media":41860,"comment_status":"open","ping_status":"closed","template":"","meta":{"_acf_changed":false},"product_cat":[],"product_tag":[],"acf":[],"_links":{"self":[{"href":"https:\/\/donaulife-new.ogrisdigital.at\/sv\/wp-json\/wp\/v2\/product\/57418"}],"collection":[{"href":"https:\/\/donaulife-new.ogrisdigital.at\/sv\/wp-json\/wp\/v2\/product"}],"about":[{"href":"https:\/\/donaulife-new.ogrisdigital.at\/sv\/wp-json\/wp\/v2\/types\/product"}],"replies":[{"embeddable":true,"href":"https:\/\/donaulife-new.ogrisdigital.at\/sv\/wp-json\/wp\/v2\/comments?post=57418"}],"wp:featuredmedia":[{"embeddable":true,"href":"https:\/\/donaulife-new.ogrisdigital.at\/sv\/wp-json\/wp\/v2\/media\/41860"}],"wp:attachment":[{"href":"https:\/\/donaulife-new.ogrisdigital.at\/sv\/wp-json\/wp\/v2\/media?parent=57418"}],"wp:term":[{"taxonomy":"product_cat","embeddable":true,"href":"https:\/\/donaulife-new.ogrisdigital.at\/sv\/wp-json\/wp\/v2\/product_cat?post=57418"},{"taxonomy":"product_tag","embeddable":true,"href":"https:\/\/donaulife-new.ogrisdigital.at\/sv\/wp-json\/wp\/v2\/product_tag?post=57418"}],"curies":[{"name":"wp","href":"https:\/\/api.w.org\/{rel}","templated":true}]}}