{"id":57413,"date":"2024-07-05T04:40:24","date_gmt":"2024-07-05T04:40:24","guid":{"rendered":"https:\/\/donaulife-new.ogrisdigital.at\/silikon-cylinderbong-stanley-35-cm\/"},"modified":"2024-07-05T04:40:24","modified_gmt":"2024-07-05T04:40:24","slug":"silikon-cylinderbong-stanley-35-cm","status":"publish","type":"product","link":"https:\/\/donaulife-new.ogrisdigital.at\/sv\/silikon-cylinderbong-stanley-35-cm\/","title":{"rendered":"Silikon Cylinderbong &#8216;Stanley&#8217; | 35 cm"},"content":{"rendered":"<h2>Silikon Cylinderbong &#8216;Stanley&#8217; med 18,8 mm slip<\/h2>\n<div class=\"flex-1 overflow-hidden\">\n<div class=\"react-scroll-to-bottom--css-decsl-79elbk h-full dark:bg-gray-800\">\n<div class=\"react-scroll-to-bottom--css-decsl-1n7m0yu\">\n<div class=\"flex flex-col text-sm dark:bg-gray-800\">\n<div class=\"group w-full text-token-text-primary border-b border-black\/10 dark:border-gray-900\/50 bg-gray-50 dark:bg-[#444654]\" data-testid=\"conversation-turn-29\">\n<div class=\"p-4 justify-center text-base md:gap-6 md:py-6 m-auto\">\n<div class=\"flex flex-1 gap-4 text-base mx-auto md:gap-6 md:max-w-2xl lg:max-w-[38rem] xl:max-w-3xl }\">\n<div class=\"relative flex w-[calc(100%-50px)] flex-col gap-1 md:gap-3 lg:w-[calc(100%-115px)]\">\n<div class=\"flex flex-grow flex-col gap-3 max-w-full\">\n<div class=\"min-h-[20px] flex flex-col items-start gap-3 overflow-x-auto whitespace-pre-wrap break-words\">\n<div class=\"markdown prose w-full break-words dark:prose-invert light\">\n<p>Den raka silikon Cylinderbongen vid namn Stanley \u00e4r en robust och praktisk bong. Med en h\u00f6jd av 35 cm och en diameter p\u00e5 50 mm, ger den en fantastisk r\u00f6kningsupplevelse. Det medf\u00f6ljande silikonchillet m\u00f6jligg\u00f6r en s\u00f6ml\u00f6s anpassning fr\u00e5n 18,8 mm till 14,5 mm, vilket g\u00f6r den mycket m\u00e5ngsidig. Stanley \u00e4r det perfekta valet f\u00f6r ett h\u00e5llbart och okomplicerat r\u00f6kningsn\u00f6je.<\/p>\n<\/div>\n<\/div>\n<\/div>\n<\/div>\n<\/div>\n<\/div>\n<\/div>\n<\/div>\n<\/div>\n<\/div>\n<\/div>\n<\/div>\n<div>\n<div>\n<p>\u00a0<\/p>\n<\/div>\n<\/div>\n","protected":false},"excerpt":{"rendered":"<p>Silikon Cylinderbong &#8216;Stanley&#8217; med 18,8 mm slip Den raka silikon Cylinderbongen vid namn Stanley \u00e4r en robust och praktisk bong.<\/p>\n","protected":false},"featured_media":41821,"comment_status":"open","ping_status":"closed","template":"","meta":{"_acf_changed":false},"product_cat":[],"product_tag":[],"acf":[],"_links":{"self":[{"href":"https:\/\/donaulife-new.ogrisdigital.at\/sv\/wp-json\/wp\/v2\/product\/57413"}],"collection":[{"href":"https:\/\/donaulife-new.ogrisdigital.at\/sv\/wp-json\/wp\/v2\/product"}],"about":[{"href":"https:\/\/donaulife-new.ogrisdigital.at\/sv\/wp-json\/wp\/v2\/types\/product"}],"replies":[{"embeddable":true,"href":"https:\/\/donaulife-new.ogrisdigital.at\/sv\/wp-json\/wp\/v2\/comments?post=57413"}],"wp:featuredmedia":[{"embeddable":true,"href":"https:\/\/donaulife-new.ogrisdigital.at\/sv\/wp-json\/wp\/v2\/media\/41821"}],"wp:attachment":[{"href":"https:\/\/donaulife-new.ogrisdigital.at\/sv\/wp-json\/wp\/v2\/media?parent=57413"}],"wp:term":[{"taxonomy":"product_cat","embeddable":true,"href":"https:\/\/donaulife-new.ogrisdigital.at\/sv\/wp-json\/wp\/v2\/product_cat?post=57413"},{"taxonomy":"product_tag","embeddable":true,"href":"https:\/\/donaulife-new.ogrisdigital.at\/sv\/wp-json\/wp\/v2\/product_tag?post=57413"}],"curies":[{"name":"wp","href":"https:\/\/api.w.org\/{rel}","templated":true}]}}