{"id":57408,"date":"2024-07-05T04:39:31","date_gmt":"2024-07-05T04:39:31","guid":{"rendered":"https:\/\/donaulife-new.ogrisdigital.at\/silikon-beakerbong-grafitti-33-cm-2\/"},"modified":"2024-07-05T04:39:31","modified_gmt":"2024-07-05T04:39:31","slug":"silikon-beakerbong-grafitti-33-cm-2","status":"publish","type":"product","link":"https:\/\/donaulife-new.ogrisdigital.at\/sv\/silikon-beakerbong-grafitti-33-cm-2\/","title":{"rendered":"Silikon Beakerbong &#8216;Grafitti&#8217; | 33 cm"},"content":{"rendered":"<h2>Silikon Beakerbong &#8216;Grafitti&#8217; med 18,8 mm slip<\/h2>\n<div class=\"flex-1 overflow-hidden\">\n<div class=\"react-scroll-to-bottom--css-decsl-79elbk h-full dark:bg-gray-800\">\n<div class=\"react-scroll-to-bottom--css-decsl-1n7m0yu\">\n<div class=\"flex flex-col text-sm dark:bg-gray-800\">\n<div class=\"group w-full text-token-text-primary border-b border-black\/10 dark:border-gray-900\/50 bg-gray-50 dark:bg-[#444654]\" data-testid=\"conversation-turn-29\">\n<div class=\"p-4 justify-center text-base md:gap-6 md:py-6 m-auto\">\n<div class=\"flex flex-1 gap-4 text-base mx-auto md:gap-6 md:max-w-2xl lg:max-w-[38rem] xl:max-w-3xl }\">\n<div class=\"relative flex w-[calc(100%-50px)] flex-col gap-1 md:gap-3 lg:w-[calc(100%-115px)]\">\n<div class=\"flex flex-grow flex-col gap-3 max-w-full\">\n<div class=\"min-h-[20px] flex flex-col items-start gap-3 overflow-x-auto whitespace-pre-wrap break-words\">\n<div class=\"markdown prose w-full break-words dark:prose-invert light\">\n<p>Denna 33 cm h\u00f6ga silikon-Beakerbong &#8216;Grafitti&#8217; \u00e4r den perfekta kombinationen av funktionalitet och h\u00e5llbarhet. Med en diameter p\u00e5 50 mm ger den tillr\u00e4ckligt med utrymme f\u00f6r en intensiv r\u00f6kerupplevelse. Det medf\u00f6ljande silikon-r\u00f6kr\u00f6ret m\u00f6jligg\u00f6r en smidig anpassning fr\u00e5n 18,8 mm till 14,5 mm, vilket ger maximal m\u00e5ngsidighet. Denna bong \u00e4r perfekt f\u00f6r resor och t\u00e5lig mot st\u00f6tar och fall. Ett m\u00e5ste f\u00f6r den klumpige r\u00f6karen.<\/p>\n<\/div>\n<\/div>\n<\/div>\n<\/div>\n<\/div>\n<\/div>\n<\/div>\n<\/div>\n<\/div>\n<\/div>\n<\/div>\n<div>\n<div>\n<p>\u00a0<\/p>\n<\/div>\n<\/div>\n","protected":false},"excerpt":{"rendered":"<p>Silikon Beakerbong &#8216;Grafitti&#8217; med 18,8 mm slip Denna 33 cm h\u00f6ga silikon-Beakerbong &#8216;Grafitti&#8217; \u00e4r den perfekta kombinationen av funktionalitet och<\/p>\n","protected":false},"featured_media":41802,"comment_status":"open","ping_status":"closed","template":"","meta":{"_acf_changed":false},"product_cat":[],"product_tag":[],"acf":[],"_links":{"self":[{"href":"https:\/\/donaulife-new.ogrisdigital.at\/sv\/wp-json\/wp\/v2\/product\/57408"}],"collection":[{"href":"https:\/\/donaulife-new.ogrisdigital.at\/sv\/wp-json\/wp\/v2\/product"}],"about":[{"href":"https:\/\/donaulife-new.ogrisdigital.at\/sv\/wp-json\/wp\/v2\/types\/product"}],"replies":[{"embeddable":true,"href":"https:\/\/donaulife-new.ogrisdigital.at\/sv\/wp-json\/wp\/v2\/comments?post=57408"}],"wp:featuredmedia":[{"embeddable":true,"href":"https:\/\/donaulife-new.ogrisdigital.at\/sv\/wp-json\/wp\/v2\/media\/41802"}],"wp:attachment":[{"href":"https:\/\/donaulife-new.ogrisdigital.at\/sv\/wp-json\/wp\/v2\/media?parent=57408"}],"wp:term":[{"taxonomy":"product_cat","embeddable":true,"href":"https:\/\/donaulife-new.ogrisdigital.at\/sv\/wp-json\/wp\/v2\/product_cat?post=57408"},{"taxonomy":"product_tag","embeddable":true,"href":"https:\/\/donaulife-new.ogrisdigital.at\/sv\/wp-json\/wp\/v2\/product_tag?post=57408"}],"curies":[{"name":"wp","href":"https:\/\/api.w.org\/{rel}","templated":true}]}}