{"id":57398,"date":"2024-07-04T23:26:32","date_gmt":"2024-07-04T23:26:32","guid":{"rendered":"https:\/\/donaulife-new.ogrisdigital.at\/kerr-mason-einmachglas-oe-90-mm\/"},"modified":"2024-07-04T23:26:32","modified_gmt":"2024-07-04T23:26:32","slug":"kerr-mason-einmachglas-oe-90-mm","status":"publish","type":"product","link":"https:\/\/donaulife-new.ogrisdigital.at\/sv\/kerr-mason-einmachglas-oe-90-mm\/","title":{"rendered":"KERR Mason Einmachglas | \u00d8 90 mm"},"content":{"rendered":"<div>\n<h2>Kerr Einmachglas mit Humidor<\/h2>\n<\/div>\n<div>\n<p>Kerr\u00ae-Gl\u00e4ser sind zur Grundaustattung f\u00fcr jeden Vorrat geworden. Jetzt haben sich die luftdichten Kerr\u00ae-Gl\u00e4ser mit Integra zusammengetan, um die perfekten Humidity Control Jars zu entwickeln. Das klassische Einmachglas enth\u00e4lt jetzt einen Pack Holder f\u00fcr dein Integra Bag. So werden Ihre getrockneten Kr\u00e4uter bei gleichbleibender Luftfeuchtigkeit gelagert.<\/p>\n<p>Dieses Kit enth\u00e4lt:<\/p>\n<p>1x Kerr\u00ae Wide Mouth Quart Jar mit Band und Deckel<\/p>\n<p>6x Integra 4 Gramm Boost bei 62% relativer Luftfeuchtigkeit<\/p>\n<p>1x Kerr\u00ae Packungshalterung<\/p>\n<\/div>\n<div><\/div>\n<div>\n<h3 style=\"margin: 0in; font-family: Calibri; font-size: 16.0pt;\">\u00dcber Kerr:<\/h3>\n<p style=\"margin: 0in; font-family: Calibri; font-size: 11.0pt;\">Die Kerr Glass Manufacturing Co. wurde 1904 in Portland, OR, gegr\u00fcndet. Obwohl das Unternehmen bei seiner Gr\u00fcndung nicht wirklich ein Hersteller war, bot Kerr die Marke &#8220;Economy&#8221; f\u00fcr Einmachgl\u00e4ser an, die von der Illinois-Pacific Glass Co. f\u00fcr sie produziert wurden.<\/p>\n<p>Der Name Kerr erschien erstmals 1915 auf einem Einmachglas als &#8220;Kerr Economy&#8221;. Sp\u00e4ter wurde das &#8220;Economy&#8221; gestrichen, und der Name Kerr wurde zusammen mit &#8220;Self Sealing&#8221; als &#8220;Kerr Self Sealing Trademark Reg&#8221; an prominenter Stelle aufgef\u00fchrt. &#8220;Selbstdichtend&#8221; wurde von Kerr erstmals 1934 als Marke gesch\u00fctzt, aber der Begriff wurde von Kerr bereits 1904 zum ersten Mal verwendet.<\/p>\n<p>Seitdem hat sich Kerr zur bekanntesten amerikanischen Einmachglasmarke neben Ball entwickelt und ist eine der wenigen Einmachglasmarken, die auch nach \u00fcber einem Jahrhundert noch produziert werden. 1992 wurden die Kerr-Glasfabriken zusammen mit den Rechten am Kerr-Warenzeichen von der Ball Corporation \u00fcbernommen, die sp\u00e4ter ihr Einmachglasgesch\u00e4ft in das Unternehmen Jarden Home Brands ausgliederte, zu dem die Marken Ball, Kerr, Bernardin und Golden Harvest geh\u00f6ren.<\/p>\n<\/div>\n","protected":false},"excerpt":{"rendered":"<p>Kerr Einmachglas mit Humidor Kerr\u00ae-Gl\u00e4ser sind zur Grundaustattung f\u00fcr jeden Vorrat geworden. Jetzt haben sich die luftdichten Kerr\u00ae-Gl\u00e4ser mit Integra<\/p>\n","protected":false},"featured_media":42305,"comment_status":"open","ping_status":"closed","template":"","meta":{"_acf_changed":false},"product_cat":[],"product_tag":[],"acf":[],"_links":{"self":[{"href":"https:\/\/donaulife-new.ogrisdigital.at\/sv\/wp-json\/wp\/v2\/product\/57398"}],"collection":[{"href":"https:\/\/donaulife-new.ogrisdigital.at\/sv\/wp-json\/wp\/v2\/product"}],"about":[{"href":"https:\/\/donaulife-new.ogrisdigital.at\/sv\/wp-json\/wp\/v2\/types\/product"}],"replies":[{"embeddable":true,"href":"https:\/\/donaulife-new.ogrisdigital.at\/sv\/wp-json\/wp\/v2\/comments?post=57398"}],"wp:featuredmedia":[{"embeddable":true,"href":"https:\/\/donaulife-new.ogrisdigital.at\/sv\/wp-json\/wp\/v2\/media\/42305"}],"wp:attachment":[{"href":"https:\/\/donaulife-new.ogrisdigital.at\/sv\/wp-json\/wp\/v2\/media?parent=57398"}],"wp:term":[{"taxonomy":"product_cat","embeddable":true,"href":"https:\/\/donaulife-new.ogrisdigital.at\/sv\/wp-json\/wp\/v2\/product_cat?post=57398"},{"taxonomy":"product_tag","embeddable":true,"href":"https:\/\/donaulife-new.ogrisdigital.at\/sv\/wp-json\/wp\/v2\/product_tag?post=57398"}],"curies":[{"name":"wp","href":"https:\/\/api.w.org\/{rel}","templated":true}]}}