{"id":57392,"date":"2024-07-04T22:41:45","date_gmt":"2024-07-04T22:41:45","guid":{"rendered":"https:\/\/donaulife-new.ogrisdigital.at\/best-buds-askkopp-ak-47\/"},"modified":"2024-07-04T22:41:45","modified_gmt":"2024-07-04T22:41:45","slug":"best-buds-askkopp-ak-47","status":"publish","type":"product","link":"https:\/\/donaulife-new.ogrisdigital.at\/sv\/best-buds-askkopp-ak-47\/","title":{"rendered":"BEST BUDS Askkopp | \u2018AK-47\u2019"},"content":{"rendered":"<h2>Best Buds Askkopp AK-47<\/h2>\n<p>Best Buds Askkopp-serien i metall utm\u00e4rks av unika motiv. P\u00e5 v\u00e4g till strid. Har du redan haft en Jay idag?<\/p>\n<h3>Om Best Buds:<\/h3>\n<p>Varum\u00e4rket Best Buds kommer fr\u00e5n Nederl\u00e4nderna och riktar sig mot en ung och trendig m\u00e5lgrupp. Varum\u00e4rket har som m\u00e5l att erbjuda coola designer till \u00f6verkomliga priser. Sortimentet omfattar allt fr\u00e5n rullbrickor till grinder och f\u00f6rvarings- eller f\u00f6rstoringsglas.<\/p>\n","protected":false},"excerpt":{"rendered":"<p>Best Buds Askkopp AK-47 Best Buds Askkopp-serien i metall utm\u00e4rks av unika motiv. P\u00e5 v\u00e4g till strid. Har du redan<\/p>\n","protected":false},"featured_media":0,"comment_status":"open","ping_status":"closed","template":"","meta":{"_acf_changed":false},"product_cat":[],"product_tag":[],"acf":[],"_links":{"self":[{"href":"https:\/\/donaulife-new.ogrisdigital.at\/sv\/wp-json\/wp\/v2\/product\/57392"}],"collection":[{"href":"https:\/\/donaulife-new.ogrisdigital.at\/sv\/wp-json\/wp\/v2\/product"}],"about":[{"href":"https:\/\/donaulife-new.ogrisdigital.at\/sv\/wp-json\/wp\/v2\/types\/product"}],"replies":[{"embeddable":true,"href":"https:\/\/donaulife-new.ogrisdigital.at\/sv\/wp-json\/wp\/v2\/comments?post=57392"}],"wp:attachment":[{"href":"https:\/\/donaulife-new.ogrisdigital.at\/sv\/wp-json\/wp\/v2\/media?parent=57392"}],"wp:term":[{"taxonomy":"product_cat","embeddable":true,"href":"https:\/\/donaulife-new.ogrisdigital.at\/sv\/wp-json\/wp\/v2\/product_cat?post=57392"},{"taxonomy":"product_tag","embeddable":true,"href":"https:\/\/donaulife-new.ogrisdigital.at\/sv\/wp-json\/wp\/v2\/product_tag?post=57392"}],"curies":[{"name":"wp","href":"https:\/\/api.w.org\/{rel}","templated":true}]}}