{"id":57391,"date":"2024-07-04T22:25:38","date_gmt":"2024-07-04T22:25:38","guid":{"rendered":"https:\/\/donaulife-new.ogrisdigital.at\/raw-black-classic-kss-papper-och-tips-32-ark\/"},"modified":"2024-07-04T22:25:38","modified_gmt":"2024-07-04T22:25:38","slug":"raw-black-classic-kss-papper-och-tips-32-ark","status":"publish","type":"product","link":"https:\/\/donaulife-new.ogrisdigital.at\/sv\/raw-black-classic-kss-papper-och-tips-32-ark\/","title":{"rendered":"RAW Black Classic KSS-papper och tips | 32 ark"},"content":{"rendered":"<h2>RAW Classic Black Papper och tips<\/h2>\n<p>RAW Natural Papers i king size-format gjorda av renaste naturfiber med naturligt gummering.<\/p>\n<p>J\u00e4mn och l\u00e5ngsam f\u00f6rbr\u00e4nning med n\u00e4stan inget \u00e5terst\u00e5ende.<br \/>\nDen svarta utg\u00e5van \u00e4r det tunnaste obestrukna papperet som RAW n\u00e5gonsin har tillverkat och erbjuder d\u00e4rmed en oslagbar njutning!<\/p>\n<h3>Om RAW:<\/h3>\n<p>RAW \u2013 det naturliga s\u00e4ttet att rulla.<\/p>\n<p>Fr\u00e5n dag ett har RAW uppdraget att ta ledande roll inom rullpappersindustrin. RAW har revolutionerat r\u00f6stv\u00e4rlden genom att skapa produkter som \u00e4r genialt designade f\u00f6r att f\u00f6rb\u00e4ttra r\u00f6klivsupplevelsen.<\/p>\n<p>RAW tillverkar endast h\u00f6gkvalitativa och milj\u00f6v\u00e4nliga produkter som f\u00f6rb\u00e4ttrar din r\u00f6kupplevelse, och vi kommer aldrig att \u00e4ndra p\u00e5 det vi st\u00e5r f\u00f6r. Vi \u00e4lskar att r\u00f6ka v\u00e5rt r\u00e5a papper varje dag, och vi kommer alltid att g\u00f6ra det helt rent, allts\u00e5 \u201cRAW\u201d \u2013 f\u00f6r dig och oss!<\/p>\n<p>\u00a0<\/p>\n","protected":false},"excerpt":{"rendered":"<p>RAW Classic Black Papper och tips RAW Natural Papers i king size-format gjorda av renaste naturfiber med naturligt gummering. J\u00e4mn<\/p>\n","protected":false},"featured_media":43537,"comment_status":"open","ping_status":"closed","template":"","meta":{"_acf_changed":false},"product_cat":[],"product_tag":[],"acf":[],"_links":{"self":[{"href":"https:\/\/donaulife-new.ogrisdigital.at\/sv\/wp-json\/wp\/v2\/product\/57391"}],"collection":[{"href":"https:\/\/donaulife-new.ogrisdigital.at\/sv\/wp-json\/wp\/v2\/product"}],"about":[{"href":"https:\/\/donaulife-new.ogrisdigital.at\/sv\/wp-json\/wp\/v2\/types\/product"}],"replies":[{"embeddable":true,"href":"https:\/\/donaulife-new.ogrisdigital.at\/sv\/wp-json\/wp\/v2\/comments?post=57391"}],"wp:featuredmedia":[{"embeddable":true,"href":"https:\/\/donaulife-new.ogrisdigital.at\/sv\/wp-json\/wp\/v2\/media\/43537"}],"wp:attachment":[{"href":"https:\/\/donaulife-new.ogrisdigital.at\/sv\/wp-json\/wp\/v2\/media?parent=57391"}],"wp:term":[{"taxonomy":"product_cat","embeddable":true,"href":"https:\/\/donaulife-new.ogrisdigital.at\/sv\/wp-json\/wp\/v2\/product_cat?post=57391"},{"taxonomy":"product_tag","embeddable":true,"href":"https:\/\/donaulife-new.ogrisdigital.at\/sv\/wp-json\/wp\/v2\/product_tag?post=57391"}],"curies":[{"name":"wp","href":"https:\/\/api.w.org\/{rel}","templated":true}]}}