{"id":57390,"date":"2024-07-04T22:24:26","date_gmt":"2024-07-04T22:24:26","guid":{"rendered":"https:\/\/donaulife-new.ogrisdigital.at\/heisenberg-beakerbong-walter-48-cm-2\/"},"modified":"2024-07-04T22:24:26","modified_gmt":"2024-07-04T22:24:26","slug":"heisenberg-beakerbong-walter-48-cm-2","status":"publish","type":"product","link":"https:\/\/donaulife-new.ogrisdigital.at\/sv\/heisenberg-beakerbong-walter-48-cm-2\/","title":{"rendered":"HEISENBERG Beakerbong \u2018Walter\u2019 | 48 cm"},"content":{"rendered":"<h2>Heisenberg Beakerbong med 12 Arms perkolator<\/h2>\n<div id=\"description\" class=\"data item content\" role=\"tabpanel\" data-role=\"content\" aria-labelledby=\"tab-label-description\" aria-hidden=\"false\">\n<div class=\"product attribute description\">\n<div class=\"value\">\n<p>En beakerbong av vanligt Heisenberg-kvalitet! \ud83d\ude09 Det finns sm\u00e5 p\u00e4rlor inb\u00e4ddade vid bonghalsen, vilket g\u00f6r att det ser ut som om vattendroppar rinner ner. Detta fina stycke \u00e4r n\u00e4stan 50 cm h\u00f6gt och \u00e4r utrustat med ett 18 mm huvud. R\u00f6ren \u00e4r cirka 12 cm l\u00e5nga. Diameter \u00e4r 50 mm vid munstycket. V\u00e4ggens tjocklek \u00e4r 5 mm. Halsen pryds av Heisenberg-logotypen i bl\u00e5tt. Det stora r\u00f6kr\u00f6ret skjuter snabbt upp och knockar snabbt oerfarna r\u00f6kare. Du kan dra h\u00e5rdare i bongen, eftersom b\u00e5de slitsdiffusorn och 12 armarna percolatorn ger en bra dragning, \u00e4ven utan risken att \u00f6verfl\u00f6digt vatten sprutar upp till munnen.<\/p>\n<\/div>\n<\/div>\n<\/div>\n<div>\n<h3>Om Heisenberg:<\/h3>\n<div>\n<p>Heisenberg &#8211; inte bara ett fenomen genom Breaking Bad. Varum\u00e4rket Heisenberg har blivit k\u00e4nt bland annat f\u00f6r sina glasbongs. Ingen bong fr\u00e5n Heisenberg-serien \u00e4r den andra. H\u00e4r erbjuds olika designelement, som till exempel f\u00e4rgglada f\u00e4rger eller med glow-in-the-dark-funktion, platser f\u00f6r att s\u00e4tta in LED-belysning och andra extramaterial.<\/p>\n<p>Med det intressanta sortimentet av glasbongs finns det s\u00e4kert n\u00e5got f\u00f6r dig!<\/p>\n<\/div>\n<\/div>\n","protected":false},"excerpt":{"rendered":"<p>Heisenberg Beakerbong med 12 Arms perkolator En beakerbong av vanligt Heisenberg-kvalitet! \ud83d\ude09 Det finns sm\u00e5 p\u00e4rlor inb\u00e4ddade vid bonghalsen, vilket<\/p>\n","protected":false},"featured_media":46595,"comment_status":"open","ping_status":"closed","template":"","meta":{"_acf_changed":false},"product_cat":[],"product_tag":[],"acf":[],"_links":{"self":[{"href":"https:\/\/donaulife-new.ogrisdigital.at\/sv\/wp-json\/wp\/v2\/product\/57390"}],"collection":[{"href":"https:\/\/donaulife-new.ogrisdigital.at\/sv\/wp-json\/wp\/v2\/product"}],"about":[{"href":"https:\/\/donaulife-new.ogrisdigital.at\/sv\/wp-json\/wp\/v2\/types\/product"}],"replies":[{"embeddable":true,"href":"https:\/\/donaulife-new.ogrisdigital.at\/sv\/wp-json\/wp\/v2\/comments?post=57390"}],"wp:featuredmedia":[{"embeddable":true,"href":"https:\/\/donaulife-new.ogrisdigital.at\/sv\/wp-json\/wp\/v2\/media\/46595"}],"wp:attachment":[{"href":"https:\/\/donaulife-new.ogrisdigital.at\/sv\/wp-json\/wp\/v2\/media?parent=57390"}],"wp:term":[{"taxonomy":"product_cat","embeddable":true,"href":"https:\/\/donaulife-new.ogrisdigital.at\/sv\/wp-json\/wp\/v2\/product_cat?post=57390"},{"taxonomy":"product_tag","embeddable":true,"href":"https:\/\/donaulife-new.ogrisdigital.at\/sv\/wp-json\/wp\/v2\/product_tag?post=57390"}],"curies":[{"name":"wp","href":"https:\/\/api.w.org\/{rel}","templated":true}]}}