{"id":57389,"date":"2024-07-04T22:20:31","date_gmt":"2024-07-04T22:20:31","guid":{"rendered":"https:\/\/donaulife-new.ogrisdigital.at\/raw-onesie-spacesuit-svart-paa-svart\/"},"modified":"2024-07-04T22:20:31","modified_gmt":"2024-07-04T22:20:31","slug":"raw-onesie-spacesuit-svart-paa-svart","status":"publish","type":"product","link":"https:\/\/donaulife-new.ogrisdigital.at\/sv\/raw-onesie-spacesuit-svart-paa-svart\/","title":{"rendered":"RAW Onesie &#8216;Spacesuit&#8217; | Svart p\u00e5 svart"},"content":{"rendered":"<h2>RAW Onesie Spacesuit i svart<\/h2>\n<div class=\"teaser\">RAW Onesie Spacesuit \u00e4r ett samarbete mellan Rolling Papers och RAW. Den \u00e4r speciellt bekv\u00e4m och har massor av coola detaljer. Sj\u00e4lvklart har onesien tillr\u00e4ckligt med fickor f\u00f6r papper och tillbeh\u00f6r av alla slag. Midjefickan kan till och med f\u00e4llas ut som en rulltr\u00e5g s\u00e5 att du inte beh\u00f6ver r\u00f6ra dig l\u00e5ngt \ud83d\ude09<\/div>\n<p>Storlekar: S, M, L, XL, XXL<\/p>\n<h3>Om RAW:<\/h3>\n<p>RAW &#8211; Den naturliga s\u00e4ttet att rulla.<\/p>\n<p>Fr\u00e5n dag 1 har RAW haft uppdraget att ta ledarrollen inom rullpappersbranschen. RAW har revolutionerat v\u00e4rlden av r\u00f6kning genom att skapa produkter som \u00e4r genialt designade f\u00f6r att f\u00f6rb\u00e4ttra r\u00f6kupplevelsen.<\/p>\n<p>RAW tillverkar bara h\u00f6gkvalitativa och milj\u00f6v\u00e4nliga produkter som f\u00f6rb\u00e4ttrar din r\u00f6kupplevelse, och vi kommer aldrig att \u00e4ndra p\u00e5 vad vi st\u00e5r f\u00f6r. Vi njuter av att r\u00f6ka v\u00e5rt obearbetade papper varje dag, och vi kommer alltid att h\u00e5lla det helt rent, allts\u00e5 &#8216;RAW&#8217; &#8211; f\u00f6r dig och f\u00f6r oss!<\/p>\n","protected":false},"excerpt":{"rendered":"<p>RAW Onesie Spacesuit i svart RAW Onesie Spacesuit \u00e4r ett samarbete mellan Rolling Papers och RAW. Den \u00e4r speciellt bekv\u00e4m<\/p>\n","protected":false},"featured_media":43423,"comment_status":"open","ping_status":"closed","template":"","meta":{"_acf_changed":false},"product_cat":[],"product_tag":[],"acf":[],"_links":{"self":[{"href":"https:\/\/donaulife-new.ogrisdigital.at\/sv\/wp-json\/wp\/v2\/product\/57389"}],"collection":[{"href":"https:\/\/donaulife-new.ogrisdigital.at\/sv\/wp-json\/wp\/v2\/product"}],"about":[{"href":"https:\/\/donaulife-new.ogrisdigital.at\/sv\/wp-json\/wp\/v2\/types\/product"}],"replies":[{"embeddable":true,"href":"https:\/\/donaulife-new.ogrisdigital.at\/sv\/wp-json\/wp\/v2\/comments?post=57389"}],"wp:featuredmedia":[{"embeddable":true,"href":"https:\/\/donaulife-new.ogrisdigital.at\/sv\/wp-json\/wp\/v2\/media\/43423"}],"wp:attachment":[{"href":"https:\/\/donaulife-new.ogrisdigital.at\/sv\/wp-json\/wp\/v2\/media?parent=57389"}],"wp:term":[{"taxonomy":"product_cat","embeddable":true,"href":"https:\/\/donaulife-new.ogrisdigital.at\/sv\/wp-json\/wp\/v2\/product_cat?post=57389"},{"taxonomy":"product_tag","embeddable":true,"href":"https:\/\/donaulife-new.ogrisdigital.at\/sv\/wp-json\/wp\/v2\/product_tag?post=57389"}],"curies":[{"name":"wp","href":"https:\/\/api.w.org\/{rel}","templated":true}]}}