{"id":57388,"date":"2024-07-04T22:17:10","date_gmt":"2024-07-04T22:17:10","guid":{"rendered":"https:\/\/donaulife-new.ogrisdigital.at\/medusa-filters-aktivkohlefilter-6-mm-mixed-edition-1000-filter-2\/"},"modified":"2024-07-04T22:17:10","modified_gmt":"2024-07-04T22:17:10","slug":"medusa-filters-aktivkohlefilter-6-mm-mixed-edition-1000-filter-2","status":"publish","type":"product","link":"https:\/\/donaulife-new.ogrisdigital.at\/sv\/medusa-filters-aktivkohlefilter-6-mm-mixed-edition-1000-filter-2\/","title":{"rendered":"MEDUSA FILTERS Aktivkohlefilter 6 mm \u2018Mixed Edition\u2019 | 1000 Filter"},"content":{"rendered":"<h2>Medusa Aktivkohlefilter med 6 mm diameter<\/h2>\n<p>M\u00e5nga stoners gillar inte aktiverade kolfilter eftersom de tycker att motst\u00e5ndet \u00e4r f\u00f6r starkt. H\u00e4r ger aktiverade kolfilteret \u2018Medusa\u2019 l\u00f6sningen.<\/p>\n<p>Tack vare det innovativa dubbel-filtersystemet tillh\u00f6r stark dragning fr\u00e5n sportcigarettet till historien. Aktivkol fr\u00e5n kokosn\u00f6tsskal filtrerar bort o\u00f6nskade biprodukter fr\u00e5n r\u00f6ken och kyler den, samtidigt som den tillagda cellulosan absorberar fuktighet.<\/p>\n<p>De v\u00e4lbalanserade komponenterna i \u2018Medusa\u2019-filtrerna ger en superbehaglig r\u00f6kk\u00e4nsla med filtrerad, renare smak. Och \u00f6vertygar \u00e4ven de mest inbitna motst\u00e5ndarna till aktiverade kol.<\/p>\n<h3>Om Medusa Filters:<\/h3>\n<p><strong>Premium aktiverade kolfilter med veganska fibrer.<\/strong><\/p>\n<p>V\u00e5ra mycket popul\u00e4ra kokosn\u00f6ts aktiverade kolfilter tillverkas med k\u00e4rlek i Tyskland av v\u00e5rt unga team.<\/p>\n<p>Aktiverade kolfilter minskar igens\u00e4ttning och minskar skadliga \u00e4mnen.<\/p>\n","protected":false},"excerpt":{"rendered":"<p>Medusa Aktivkohlefilter med 6 mm diameter M\u00e5nga stoners gillar inte aktiverade kolfilter eftersom de tycker att motst\u00e5ndet \u00e4r f\u00f6r starkt.<\/p>\n","protected":false},"featured_media":43600,"comment_status":"open","ping_status":"closed","template":"","meta":{"_acf_changed":false},"product_cat":[],"product_tag":[],"acf":[],"_links":{"self":[{"href":"https:\/\/donaulife-new.ogrisdigital.at\/sv\/wp-json\/wp\/v2\/product\/57388"}],"collection":[{"href":"https:\/\/donaulife-new.ogrisdigital.at\/sv\/wp-json\/wp\/v2\/product"}],"about":[{"href":"https:\/\/donaulife-new.ogrisdigital.at\/sv\/wp-json\/wp\/v2\/types\/product"}],"replies":[{"embeddable":true,"href":"https:\/\/donaulife-new.ogrisdigital.at\/sv\/wp-json\/wp\/v2\/comments?post=57388"}],"wp:featuredmedia":[{"embeddable":true,"href":"https:\/\/donaulife-new.ogrisdigital.at\/sv\/wp-json\/wp\/v2\/media\/43600"}],"wp:attachment":[{"href":"https:\/\/donaulife-new.ogrisdigital.at\/sv\/wp-json\/wp\/v2\/media?parent=57388"}],"wp:term":[{"taxonomy":"product_cat","embeddable":true,"href":"https:\/\/donaulife-new.ogrisdigital.at\/sv\/wp-json\/wp\/v2\/product_cat?post=57388"},{"taxonomy":"product_tag","embeddable":true,"href":"https:\/\/donaulife-new.ogrisdigital.at\/sv\/wp-json\/wp\/v2\/product_tag?post=57388"}],"curies":[{"name":"wp","href":"https:\/\/api.w.org\/{rel}","templated":true}]}}