{"id":57387,"date":"2024-07-04T22:16:13","date_gmt":"2024-07-04T22:16:13","guid":{"rendered":"https:\/\/donaulife-new.ogrisdigital.at\/heisenberg-zylinderbong-long-fat-joe-3-0-60-cm-2\/"},"modified":"2024-07-04T22:16:13","modified_gmt":"2024-07-04T22:16:13","slug":"heisenberg-zylinderbong-long-fat-joe-3-0-60-cm-2","status":"publish","type":"product","link":"https:\/\/donaulife-new.ogrisdigital.at\/sv\/heisenberg-zylinderbong-long-fat-joe-3-0-60-cm-2\/","title":{"rendered":"HEISENBERG Zylinderbong \u2018Long Fat Joe 3.0\u2019 |  60 cm"},"content":{"rendered":"<h2>Long Fat Joe 3.0: En 18,8-cylindrig bong fr\u00e5n klassiska Blue-Line av Heisenberg<\/h2>\n<p>Kerbnorna i glasr\u00f6ret m\u00f6jligg\u00f6r inf\u00f6rande av isbitar. R\u00f6ken dras sedan l\u00e4ngs isbitarna, vilket kyler ner r\u00f6ken och g\u00f6r den behaglig att andas.<\/p>\n<p>Denna stora, st\u00e5tliga glasbong \u00e4r underbar f\u00f6r det alldeles speciella, ovanliga draget. Men den \u00e4r ocks\u00e5 trevlig att r\u00f6ka f\u00f6r nyb\u00f6rjare med bra lungkapacitet.<\/p>\n<p>Long Fat Joe 3.0 \u00e4r mycket l\u00e4tt att reng\u00f6ra efter anv\u00e4ndning. P\u00e5 grund av den raka, r\u00f6rliknande formen utan hinder som t.ex. perkolatorer kan den enkelt reng\u00f6ras med en bong- eller flaskborste.<\/p>\n<div>\n<div><\/div>\n<\/div>\n","protected":false},"excerpt":{"rendered":"<p>Long Fat Joe 3.0: En 18,8-cylindrig bong fr\u00e5n klassiska Blue-Line av Heisenberg Kerbnorna i glasr\u00f6ret m\u00f6jligg\u00f6r inf\u00f6rande av isbitar. R\u00f6ken<\/p>\n","protected":false},"featured_media":48904,"comment_status":"open","ping_status":"closed","template":"","meta":{"_acf_changed":false},"product_cat":[],"product_tag":[],"acf":[],"_links":{"self":[{"href":"https:\/\/donaulife-new.ogrisdigital.at\/sv\/wp-json\/wp\/v2\/product\/57387"}],"collection":[{"href":"https:\/\/donaulife-new.ogrisdigital.at\/sv\/wp-json\/wp\/v2\/product"}],"about":[{"href":"https:\/\/donaulife-new.ogrisdigital.at\/sv\/wp-json\/wp\/v2\/types\/product"}],"replies":[{"embeddable":true,"href":"https:\/\/donaulife-new.ogrisdigital.at\/sv\/wp-json\/wp\/v2\/comments?post=57387"}],"wp:featuredmedia":[{"embeddable":true,"href":"https:\/\/donaulife-new.ogrisdigital.at\/sv\/wp-json\/wp\/v2\/media\/48904"}],"wp:attachment":[{"href":"https:\/\/donaulife-new.ogrisdigital.at\/sv\/wp-json\/wp\/v2\/media?parent=57387"}],"wp:term":[{"taxonomy":"product_cat","embeddable":true,"href":"https:\/\/donaulife-new.ogrisdigital.at\/sv\/wp-json\/wp\/v2\/product_cat?post=57387"},{"taxonomy":"product_tag","embeddable":true,"href":"https:\/\/donaulife-new.ogrisdigital.at\/sv\/wp-json\/wp\/v2\/product_tag?post=57387"}],"curies":[{"name":"wp","href":"https:\/\/api.w.org\/{rel}","templated":true}]}}