{"id":57377,"date":"2024-07-04T17:47:12","date_gmt":"2024-07-04T17:47:12","guid":{"rendered":"https:\/\/donaulife-new.ogrisdigital.at\/elements-cones-ks-rosa-3-stycken\/"},"modified":"2024-07-04T17:47:15","modified_gmt":"2024-07-04T17:47:15","slug":"elements-cones-ks-rosa-3-stycken","status":"publish","type":"product","link":"https:\/\/donaulife-new.ogrisdigital.at\/sv\/elements-cones-ks-rosa-3-stycken\/","title":{"rendered":"ELEMENTS Cones KS rosa | 3 stycken"},"content":{"rendered":"<h2>Elements Kingsize Cones 3 stycken i rosa<\/h2>\n<div><\/div>\n<div>Elements Rullpapper har uppst\u00e5tt i harmoni med naturen. Dessa rosa Cones kommer i en f\u00f6rpackning med 3 stycken och \u00e4r 110 mm l\u00e5nga.<\/div>\n<div>\n<p>\u00a0<\/p>\n<\/div>\n<div class=\"std\">[row ][col span=&#8221;1\/4&#8243; ]<br \/>\n<img decoding=\"async\" class=\"alignnone size-full wp-image-20681\" style=\"color: #333333; font-size: 14.4px;\" src=\"https:\/\/www.donaulife.com\/wp-content\/uploads\/2020\/03\/icon_home_col1.png\" alt=\"\" width=\"185\" height=\"130\" \/>Elements Rullpapper tillverkas av naturliga material. De brinner n\u00e4stan utan aska, med undantag av naturligt socker som omvandlas till karamell vid f\u00f6rbr\u00e4nning. Resultatet? Det b\u00e4sta rullpappret som m\u00e4nniskan n\u00e5gonsin sett.[\/col]<br \/>\n[col span=&#8221;1\/4&#8243; ]<br \/>\n<img decoding=\"async\" class=\"alignnone size-full wp-image-20683\" style=\"font-size: 14.4px;\" src=\"https:\/\/www.donaulife.com\/wp-content\/uploads\/2020\/03\/icon_home_col3.png\" alt=\"\" width=\"185\" height=\"130\" \/>Elements Rullpapper inkluderar \u00e4ven elementet vind. Produktionen av dessa vackra papper sker i en liten region i Spanien som heter Alcoy, i bergen norr om Alicante, Spanien. Alcoy \u00e4r k\u00e4nt som rullpapprens f\u00f6delseplats (ca 1700).[\/col]<br \/>\n[col span=&#8221;1\/4&#8243; ]<br \/>\n<img decoding=\"async\" class=\"alignnone size-full wp-image-20682\" src=\"https:\/\/www.donaulife.com\/wp-content\/uploads\/2020\/03\/icon_home_col2.png\" alt=\"\" width=\"185\" height=\"130\" \/>Varje ark \u00e4r tryckt med f\u00f6retagets egna vattenst\u00e4mpel som g\u00e5r p\u00e5 kors och tv\u00e4rs. Denna vattenst\u00e4mpel m\u00f6jligg\u00f6r en j\u00e4mn och enhetlig br\u00e4nning. Om du h\u00e5ller ett Elements Rullpapper mot ljuset kommer du se hur den vackra vattenst\u00e4mpeln trycks ned i varje ark.<\/col]\n[col span=\"1\/4\" ]\n<img loading=\"lazy\" decoding=\"async\" class=\"alignnone size-full wp-image-20684\" src=\"https:\/\/www.donaulife.com\/wp-content\/uploads\/2020\/03\/icon_home_col4.png\" alt=\"\" width=\"185\" height=\"130\" \/>Elements Rullpapper \u00e4r designade f\u00f6r eld, och tyv\u00e4rr brinner de n\u00e4stan perfekt med minimal aska. Pappren \u00e4r konstruerade f\u00f6r att brinna otroligt rent och inte \u00e4ndra smaken av din r\u00f6kning.<\/col][\/row]<\/div>\n","protected":false},"excerpt":{"rendered":"<p>Elements Kingsize Cones 3 stycken i rosa Elements Rullpapper har uppst\u00e5tt i harmoni med naturen. Dessa rosa Cones kommer i<\/p>\n","protected":false},"featured_media":43405,"comment_status":"open","ping_status":"closed","template":"","meta":{"_acf_changed":false},"product_cat":[],"product_tag":[],"acf":[],"_links":{"self":[{"href":"https:\/\/donaulife-new.ogrisdigital.at\/sv\/wp-json\/wp\/v2\/product\/57377"}],"collection":[{"href":"https:\/\/donaulife-new.ogrisdigital.at\/sv\/wp-json\/wp\/v2\/product"}],"about":[{"href":"https:\/\/donaulife-new.ogrisdigital.at\/sv\/wp-json\/wp\/v2\/types\/product"}],"replies":[{"embeddable":true,"href":"https:\/\/donaulife-new.ogrisdigital.at\/sv\/wp-json\/wp\/v2\/comments?post=57377"}],"wp:featuredmedia":[{"embeddable":true,"href":"https:\/\/donaulife-new.ogrisdigital.at\/sv\/wp-json\/wp\/v2\/media\/43405"}],"wp:attachment":[{"href":"https:\/\/donaulife-new.ogrisdigital.at\/sv\/wp-json\/wp\/v2\/media?parent=57377"}],"wp:term":[{"taxonomy":"product_cat","embeddable":true,"href":"https:\/\/donaulife-new.ogrisdigital.at\/sv\/wp-json\/wp\/v2\/product_cat?post=57377"},{"taxonomy":"product_tag","embeddable":true,"href":"https:\/\/donaulife-new.ogrisdigital.at\/sv\/wp-json\/wp\/v2\/product_tag?post=57377"}],"curies":[{"name":"wp","href":"https:\/\/api.w.org\/{rel}","templated":true}]}}