{"id":57372,"date":"2024-07-04T17:41:21","date_gmt":"2024-07-04T17:41:21","guid":{"rendered":"https:\/\/donaulife-new.ogrisdigital.at\/raw-classic-1-1-4-papper-tips-50-ark\/"},"modified":"2024-07-04T17:41:21","modified_gmt":"2024-07-04T17:41:21","slug":"raw-classic-1-1-4-papper-tips-50-ark","status":"publish","type":"product","link":"https:\/\/donaulife-new.ogrisdigital.at\/sv\/raw-classic-1-1-4-papper-tips-50-ark\/","title":{"rendered":"RAW Classic 1 1\/4-papper   Tips | 50 ark"},"content":{"rendered":"<h2>RAW Classic 1 1\/4-papper med 50 ark   Tips<\/h2>\n<div>RAW Classic 1 1\/4 \u00e4r f\u00f6r oss som gillar naturliga p\u00e5sar. Pappren \u00e4r 84 mm l\u00e5nga och har en h\u00f6jd p\u00e5 45 mm. RAW Classic \u00e4r perfekt f\u00f6r vackert j\u00e4mnt br\u00e4nnande Jays.<\/div>\n<div><\/div>\n<div>50 ark per f\u00f6rpackning<\/div>\n<div>50 Tips per f\u00f6rpackning<\/div>\n<h3>Om RAW:<\/h3>\n<p>RAW &#8211; Den naturliga rullningsmetoden.<\/p>\n<p>\u00c4nda sedan dag 1 har RAW haft uppdraget att ta ledarrollen inom pappersrullningsindustrin. RAW har revolutionerat v\u00e4rlden av r\u00f6kning genom att skapa produkter som \u00e4r genialt utformade f\u00f6r att f\u00f6rb\u00e4ttra r\u00f6kningsupplevelsen.<\/p>\n<p>RAW tillverkar endast h\u00f6gkvalitativa och milj\u00f6v\u00e4nliga produkter som f\u00f6rb\u00e4ttrar din r\u00f6kningsupplevelse, och vi kommer aldrig att \u00e4ndra p\u00e5 det vi st\u00e5r f\u00f6r. Vi \u00e4lskar att r\u00f6k v\u00e5rt obehandlade papper varje dag, och vi kommer alltid att h\u00e5lla det helt rent, allts\u00e5 &#8220;RAW&#8221; &#8211; f\u00f6r dig och oss!<\/p>\n","protected":false},"excerpt":{"rendered":"<p>RAW Classic 1 1\/4-papper med 50 ark Tips RAW Classic 1 1\/4 \u00e4r f\u00f6r oss som gillar naturliga p\u00e5sar. Pappren<\/p>\n","protected":false},"featured_media":43545,"comment_status":"open","ping_status":"closed","template":"","meta":{"_acf_changed":false},"product_cat":[],"product_tag":[],"acf":[],"_links":{"self":[{"href":"https:\/\/donaulife-new.ogrisdigital.at\/sv\/wp-json\/wp\/v2\/product\/57372"}],"collection":[{"href":"https:\/\/donaulife-new.ogrisdigital.at\/sv\/wp-json\/wp\/v2\/product"}],"about":[{"href":"https:\/\/donaulife-new.ogrisdigital.at\/sv\/wp-json\/wp\/v2\/types\/product"}],"replies":[{"embeddable":true,"href":"https:\/\/donaulife-new.ogrisdigital.at\/sv\/wp-json\/wp\/v2\/comments?post=57372"}],"wp:featuredmedia":[{"embeddable":true,"href":"https:\/\/donaulife-new.ogrisdigital.at\/sv\/wp-json\/wp\/v2\/media\/43545"}],"wp:attachment":[{"href":"https:\/\/donaulife-new.ogrisdigital.at\/sv\/wp-json\/wp\/v2\/media?parent=57372"}],"wp:term":[{"taxonomy":"product_cat","embeddable":true,"href":"https:\/\/donaulife-new.ogrisdigital.at\/sv\/wp-json\/wp\/v2\/product_cat?post=57372"},{"taxonomy":"product_tag","embeddable":true,"href":"https:\/\/donaulife-new.ogrisdigital.at\/sv\/wp-json\/wp\/v2\/product_tag?post=57372"}],"curies":[{"name":"wp","href":"https:\/\/api.w.org\/{rel}","templated":true}]}}