{"id":57367,"date":"2024-07-04T17:39:15","date_gmt":"2024-07-04T17:39:15","guid":{"rendered":"https:\/\/donaulife-new.ogrisdigital.at\/best-buds-askkopp-dab-bud\/"},"modified":"2024-07-04T17:39:17","modified_gmt":"2024-07-04T17:39:17","slug":"best-buds-askkopp-dab-bud","status":"publish","type":"product","link":"https:\/\/donaulife-new.ogrisdigital.at\/sv\/best-buds-askkopp-dab-bud\/","title":{"rendered":"BEST BUDS Askkopp | &#8216;Dab Bud&#8217;"},"content":{"rendered":"<h2>Best Buds Askkopp Dab Bud<\/h2>\n<p>Best Buds Askkopp-serien i metall k\u00e4nnetecknas av unika motiv. Ser riktigt l\u00e4ckert ut. Har du tagit en Dab idag?<\/p>\n<h3>Om Best Buds:<\/h3>\n<p>Varum\u00e4rket Best Buds kommer fr\u00e5n Nederl\u00e4nderna och riktar sig till en ung och trendig m\u00e5lgrupp. M\u00e4rket har som m\u00e5l att erbjuda coola designer till ett \u00f6verkomligt pris. Sortimentet str\u00e4cker sig fr\u00e5n rullbrickor till grindar och f\u00f6rvarings- eller f\u00f6rstoringsglas.<\/p>\n","protected":false},"excerpt":{"rendered":"<p>Best Buds Askkopp Dab Bud Best Buds Askkopp-serien i metall k\u00e4nnetecknas av unika motiv. Ser riktigt l\u00e4ckert ut. Har du<\/p>\n","protected":false},"featured_media":43622,"comment_status":"open","ping_status":"closed","template":"","meta":{"_acf_changed":false},"product_cat":[],"product_tag":[],"acf":[],"_links":{"self":[{"href":"https:\/\/donaulife-new.ogrisdigital.at\/sv\/wp-json\/wp\/v2\/product\/57367"}],"collection":[{"href":"https:\/\/donaulife-new.ogrisdigital.at\/sv\/wp-json\/wp\/v2\/product"}],"about":[{"href":"https:\/\/donaulife-new.ogrisdigital.at\/sv\/wp-json\/wp\/v2\/types\/product"}],"replies":[{"embeddable":true,"href":"https:\/\/donaulife-new.ogrisdigital.at\/sv\/wp-json\/wp\/v2\/comments?post=57367"}],"wp:featuredmedia":[{"embeddable":true,"href":"https:\/\/donaulife-new.ogrisdigital.at\/sv\/wp-json\/wp\/v2\/media\/43622"}],"wp:attachment":[{"href":"https:\/\/donaulife-new.ogrisdigital.at\/sv\/wp-json\/wp\/v2\/media?parent=57367"}],"wp:term":[{"taxonomy":"product_cat","embeddable":true,"href":"https:\/\/donaulife-new.ogrisdigital.at\/sv\/wp-json\/wp\/v2\/product_cat?post=57367"},{"taxonomy":"product_tag","embeddable":true,"href":"https:\/\/donaulife-new.ogrisdigital.at\/sv\/wp-json\/wp\/v2\/product_tag?post=57367"}],"curies":[{"name":"wp","href":"https:\/\/api.w.org\/{rel}","templated":true}]}}