{"id":57362,"date":"2024-07-04T17:34:36","date_gmt":"2024-07-04T17:34:36","guid":{"rendered":"https:\/\/donaulife-new.ogrisdigital.at\/bulldog-black-1-1-4-papers-50-ark\/"},"modified":"2024-07-04T17:34:36","modified_gmt":"2024-07-04T17:34:36","slug":"bulldog-black-1-1-4-papers-50-ark","status":"publish","type":"product","link":"https:\/\/donaulife-new.ogrisdigital.at\/sv\/bulldog-black-1-1-4-papers-50-ark\/","title":{"rendered":"BULLDOG Black 1 1\/4 Papers | 50 ark"},"content":{"rendered":"<h2>Bulldog Black 1 1\/4 Papers med 50 ark<\/h2>\n<p>Disse King Size Slim Papers kommer fra &#8216;Bulldog&#8217; og inneholder 50 ark og minner deg selv n\u00e5r papirene begynner \u00e5 g\u00e5 tom.<\/p>\n<h3>Om Bulldog:<\/h3>\n<p>Gr\u00fcnderen og oppfinneren av Bulldog-merket, Henk de Vries, var en pioner med den f\u00f8rste stuelignende coffeeshop i Amsterdam. Utallige mennesker str\u00f8mmer fortsatt til de ulike coffeeshopene, hotellet eller Merch Stores i Amsterdam. Merket er n\u00e5 kjent over hele verden, og du finner Bulldog-produkter i nesten alle land.<\/p>\n","protected":false},"excerpt":{"rendered":"<p>Bulldog Black 1 1\/4 Papers med 50 ark Disse King Size Slim Papers kommer fra &#8216;Bulldog&#8217; og inneholder 50 ark<\/p>\n","protected":false},"featured_media":43730,"comment_status":"open","ping_status":"closed","template":"","meta":{"_acf_changed":false},"product_cat":[],"product_tag":[],"acf":[],"_links":{"self":[{"href":"https:\/\/donaulife-new.ogrisdigital.at\/sv\/wp-json\/wp\/v2\/product\/57362"}],"collection":[{"href":"https:\/\/donaulife-new.ogrisdigital.at\/sv\/wp-json\/wp\/v2\/product"}],"about":[{"href":"https:\/\/donaulife-new.ogrisdigital.at\/sv\/wp-json\/wp\/v2\/types\/product"}],"replies":[{"embeddable":true,"href":"https:\/\/donaulife-new.ogrisdigital.at\/sv\/wp-json\/wp\/v2\/comments?post=57362"}],"wp:featuredmedia":[{"embeddable":true,"href":"https:\/\/donaulife-new.ogrisdigital.at\/sv\/wp-json\/wp\/v2\/media\/43730"}],"wp:attachment":[{"href":"https:\/\/donaulife-new.ogrisdigital.at\/sv\/wp-json\/wp\/v2\/media?parent=57362"}],"wp:term":[{"taxonomy":"product_cat","embeddable":true,"href":"https:\/\/donaulife-new.ogrisdigital.at\/sv\/wp-json\/wp\/v2\/product_cat?post=57362"},{"taxonomy":"product_tag","embeddable":true,"href":"https:\/\/donaulife-new.ogrisdigital.at\/sv\/wp-json\/wp\/v2\/product_tag?post=57362"}],"curies":[{"name":"wp","href":"https:\/\/api.w.org\/{rel}","templated":true}]}}