{"id":57361,"date":"2024-07-04T17:34:19","date_gmt":"2024-07-04T17:34:19","guid":{"rendered":"https:\/\/donaulife-new.ogrisdigital.at\/best-buds-blandningsskaal-av-silikon\/"},"modified":"2024-07-04T17:34:19","modified_gmt":"2024-07-04T17:34:19","slug":"best-buds-blandningsskaal-av-silikon","status":"publish","type":"product","link":"https:\/\/donaulife-new.ogrisdigital.at\/sv\/best-buds-blandningsskaal-av-silikon\/","title":{"rendered":"BEST BUDS Blandningssk\u00e5l av silikon"},"content":{"rendered":"<h2>Best Buds Blandningssk\u00e5l<\/h2>\n<p>Best Buds Rolling Tray Blandningsskal Serie tillverkad av silikon k\u00e4nnetecknas av enkelhet och perfekt reng\u00f6ring. H\u00e4r i ett f\u00e4ngslande gr\u00f6n med gula Best Buds-text.<\/p>\n<h3>Om Best Buds:<\/h3>\n<p>M\u00e4rket Best Buds kommer fr\u00e5n Nederl\u00e4nderna och riktar sig mot en ung och trendig m\u00e5lgrupp. M\u00e4rket har som m\u00e5l att erbjuda snygga designer till \u00f6verkomliga priser. Sortimentet str\u00e4cker sig fr\u00e5n Rolling Trays till grinder och f\u00f6rvarings- eller f\u00f6rstoringsglas.<\/p>\n","protected":false},"excerpt":{"rendered":"<p>Best Buds Blandningssk\u00e5l Best Buds Rolling Tray Blandningsskal Serie tillverkad av silikon k\u00e4nnetecknas av enkelhet och perfekt reng\u00f6ring. H\u00e4r i<\/p>\n","protected":false},"featured_media":49019,"comment_status":"open","ping_status":"closed","template":"","meta":{"_acf_changed":false},"product_cat":[],"product_tag":[],"acf":[],"_links":{"self":[{"href":"https:\/\/donaulife-new.ogrisdigital.at\/sv\/wp-json\/wp\/v2\/product\/57361"}],"collection":[{"href":"https:\/\/donaulife-new.ogrisdigital.at\/sv\/wp-json\/wp\/v2\/product"}],"about":[{"href":"https:\/\/donaulife-new.ogrisdigital.at\/sv\/wp-json\/wp\/v2\/types\/product"}],"replies":[{"embeddable":true,"href":"https:\/\/donaulife-new.ogrisdigital.at\/sv\/wp-json\/wp\/v2\/comments?post=57361"}],"wp:featuredmedia":[{"embeddable":true,"href":"https:\/\/donaulife-new.ogrisdigital.at\/sv\/wp-json\/wp\/v2\/media\/49019"}],"wp:attachment":[{"href":"https:\/\/donaulife-new.ogrisdigital.at\/sv\/wp-json\/wp\/v2\/media?parent=57361"}],"wp:term":[{"taxonomy":"product_cat","embeddable":true,"href":"https:\/\/donaulife-new.ogrisdigital.at\/sv\/wp-json\/wp\/v2\/product_cat?post=57361"},{"taxonomy":"product_tag","embeddable":true,"href":"https:\/\/donaulife-new.ogrisdigital.at\/sv\/wp-json\/wp\/v2\/product_tag?post=57361"}],"curies":[{"name":"wp","href":"https:\/\/api.w.org\/{rel}","templated":true}]}}