{"id":57348,"date":"2024-07-04T17:14:09","date_gmt":"2024-07-04T17:14:09","guid":{"rendered":"https:\/\/donaulife-new.ogrisdigital.at\/pure-glass-dabrig-solaris-med-inline-recycler-19-cm\/"},"modified":"2024-07-04T17:14:09","modified_gmt":"2024-07-04T17:14:09","slug":"pure-glass-dabrig-solaris-med-inline-recycler-19-cm","status":"publish","type":"product","link":"https:\/\/donaulife-new.ogrisdigital.at\/sv\/pure-glass-dabrig-solaris-med-inline-recycler-19-cm\/","title":{"rendered":"PURE GLASS Dabrig &#8216;Solaris&#8217; med Inline Recycler | 19 cm"},"content":{"rendered":"<h2>PURE GLASS Inline Recycler inkl. 1x Huvud f\u00f6r blommor och 1x Kupa f\u00f6r extrakt<\/h2>\n<div>\n<p>En enast\u00e5ende produkt fr\u00e5n Pure Glass \u00e4r Solaris Inline Infinity Recycler 10mm, som kan anv\u00e4ndas f\u00f6r b\u00e5de blommor och dabs. Denna unika del levereras med ett 10mm huvud f\u00f6r blommor och en 10mm kupa f\u00f6r dabs, som \u00e4r anslutna via en 10mm slipning.<\/p>\n<p>Solaris Perc, en Inline-Perc, och Recycler-designen s\u00e4kerst\u00e4ller en utm\u00e4rkt filtrering. Det som g\u00f6r denna produkt speciell \u00e4r den lyckade kombinationen av den popul\u00e4ra Solaris Perc med en recycler. Den konstn\u00e4rliga djupetsningen av texten &#8220;Pure Glass&#8221; ger glaskroppen en extra estetisk touch.<\/p>\n<\/div>\n","protected":false},"excerpt":{"rendered":"<p>PURE GLASS Inline Recycler inkl. 1x Huvud f\u00f6r blommor och 1x Kupa f\u00f6r extrakt En enast\u00e5ende produkt fr\u00e5n Pure Glass<\/p>\n","protected":false},"featured_media":43746,"comment_status":"open","ping_status":"closed","template":"","meta":{"_acf_changed":false},"product_cat":[],"product_tag":[],"acf":[],"_links":{"self":[{"href":"https:\/\/donaulife-new.ogrisdigital.at\/sv\/wp-json\/wp\/v2\/product\/57348"}],"collection":[{"href":"https:\/\/donaulife-new.ogrisdigital.at\/sv\/wp-json\/wp\/v2\/product"}],"about":[{"href":"https:\/\/donaulife-new.ogrisdigital.at\/sv\/wp-json\/wp\/v2\/types\/product"}],"replies":[{"embeddable":true,"href":"https:\/\/donaulife-new.ogrisdigital.at\/sv\/wp-json\/wp\/v2\/comments?post=57348"}],"wp:featuredmedia":[{"embeddable":true,"href":"https:\/\/donaulife-new.ogrisdigital.at\/sv\/wp-json\/wp\/v2\/media\/43746"}],"wp:attachment":[{"href":"https:\/\/donaulife-new.ogrisdigital.at\/sv\/wp-json\/wp\/v2\/media?parent=57348"}],"wp:term":[{"taxonomy":"product_cat","embeddable":true,"href":"https:\/\/donaulife-new.ogrisdigital.at\/sv\/wp-json\/wp\/v2\/product_cat?post=57348"},{"taxonomy":"product_tag","embeddable":true,"href":"https:\/\/donaulife-new.ogrisdigital.at\/sv\/wp-json\/wp\/v2\/product_tag?post=57348"}],"curies":[{"name":"wp","href":"https:\/\/api.w.org\/{rel}","templated":true}]}}