{"id":57343,"date":"2024-07-04T17:06:56","date_gmt":"2024-07-04T17:06:56","guid":{"rendered":"https:\/\/donaulife-new.ogrisdigital.at\/dlx-deluxe-1-1-4-papper-50-ark\/"},"modified":"2024-07-04T17:06:56","modified_gmt":"2024-07-04T17:06:56","slug":"dlx-deluxe-1-1-4-papper-50-ark","status":"publish","type":"product","link":"https:\/\/donaulife-new.ogrisdigital.at\/sv\/dlx-deluxe-1-1-4-papper-50-ark\/","title":{"rendered":"DLX Deluxe 1 1\/4 Papper | 50 ark"},"content":{"rendered":"<h2>DLX Deluxe 1 1\/4 Papper<\/h2>\n<p>Vi vet alla att en cigarett \u00e4r bara s\u00e5 bra som det papper den \u00e4r inslagen i. DLX\u00ae 1 1\/4 Papper \u00e4r inte bara tillverkade av speciellt l\u00e5ngsamt br\u00e4nnande tv\u00e4rg\u00e5ende tyg, utan har ocks\u00e5 en inbyggd magnetl\u00e5s.<\/p>\n<h3>Om DLX<\/h3>\n<div>1 1\/4-papper \u00e4r 78 mm l\u00e5nga. Kungssize-papper \u00e4r 110 mm l\u00e5nga. Men en cigarett i standardstorlek \u00e4r 84 mm l\u00e5ng! Under \u00e5ratal har vi h\u00f6rt fr\u00e5n r\u00f6kare att 1 1\/4 \u00e4r deras favoritstorlek, men de \u00f6nskade sig n\u00e5got l\u00e4ngre. Efter att ha testat m\u00e5nga storlekar kom vi till slut fram till att de flesta cigaretter \u00e4r 84 mm l\u00e5nga, f\u00f6r att det \u00e4r den perfekta l\u00e4ngden f\u00f6r en cigarett! S\u00e5 f\u00f6ddes DLX\u00ae 84mm.<\/div>\n","protected":false},"excerpt":{"rendered":"<p>DLX Deluxe 1 1\/4 Papper Vi vet alla att en cigarett \u00e4r bara s\u00e5 bra som det papper den \u00e4r<\/p>\n","protected":false},"featured_media":35213,"comment_status":"open","ping_status":"closed","template":"","meta":{"_acf_changed":false},"product_cat":[],"product_tag":[],"acf":[],"_links":{"self":[{"href":"https:\/\/donaulife-new.ogrisdigital.at\/sv\/wp-json\/wp\/v2\/product\/57343"}],"collection":[{"href":"https:\/\/donaulife-new.ogrisdigital.at\/sv\/wp-json\/wp\/v2\/product"}],"about":[{"href":"https:\/\/donaulife-new.ogrisdigital.at\/sv\/wp-json\/wp\/v2\/types\/product"}],"replies":[{"embeddable":true,"href":"https:\/\/donaulife-new.ogrisdigital.at\/sv\/wp-json\/wp\/v2\/comments?post=57343"}],"wp:featuredmedia":[{"embeddable":true,"href":"https:\/\/donaulife-new.ogrisdigital.at\/sv\/wp-json\/wp\/v2\/media\/35213"}],"wp:attachment":[{"href":"https:\/\/donaulife-new.ogrisdigital.at\/sv\/wp-json\/wp\/v2\/media?parent=57343"}],"wp:term":[{"taxonomy":"product_cat","embeddable":true,"href":"https:\/\/donaulife-new.ogrisdigital.at\/sv\/wp-json\/wp\/v2\/product_cat?post=57343"},{"taxonomy":"product_tag","embeddable":true,"href":"https:\/\/donaulife-new.ogrisdigital.at\/sv\/wp-json\/wp\/v2\/product_tag?post=57343"}],"curies":[{"name":"wp","href":"https:\/\/api.w.org\/{rel}","templated":true}]}}