{"id":57342,"date":"2024-07-04T17:04:36","date_gmt":"2024-07-04T17:04:36","guid":{"rendered":"https:\/\/donaulife-new.ogrisdigital.at\/grace-glass-beakerbong-small-boy-med-spiralperc-35-cm\/"},"modified":"2024-07-04T17:04:36","modified_gmt":"2024-07-04T17:04:36","slug":"grace-glass-beakerbong-small-boy-med-spiralperc-35-cm","status":"publish","type":"product","link":"https:\/\/donaulife-new.ogrisdigital.at\/sv\/grace-glass-beakerbong-small-boy-med-spiralperc-35-cm\/","title":{"rendered":"GRACE GLASS Beakerbong \u2018Small Boy\u2019 med Spiralperc |  35 cm"},"content":{"rendered":"<h2>GRACE GLASS &#8216;Small Boy&#8217; med Spiralpercolator f\u00f6r mjuka tr\u00e4ffar<\/h2>\n<p>Grace Glass &#8216;Small Boy&#8217; Blue Beaker Spiralpercolator Bong \u00e4r en i\u00f6gonfallande och stilfull glasbong. Dess Amber-Beaker-design och Spiralperc ger en imponerande r\u00f6krening och ger en sval och behaglig r\u00f6karupplevelse. Med en h\u00f6jd av 35 cm, en 18,8 mm slipning och en v\u00e4ggtjocklek p\u00e5 5 mm \u00e4r denna bong b\u00e5de attraktiv och h\u00e5llbar. Den Small Boy Umber Beaker Spiral Perc Bong fr\u00e5n Grace Glass \u00e4r idealisk f\u00f6r dem som letar efter en stilfull, h\u00f6gkvalitativ glasartikel.<\/p><\/div>\n<\/div>\n","protected":false},"excerpt":{"rendered":"<p>GRACE GLASS &#8216;Small Boy&#8217; med Spiralpercolator f\u00f6r mjuka tr\u00e4ffar Grace Glass &#8216;Small Boy&#8217; Blue Beaker Spiralpercolator Bong \u00e4r en i\u00f6gonfallande<\/p>\n","protected":false},"featured_media":0,"comment_status":"open","ping_status":"closed","template":"","meta":{"_acf_changed":false},"product_cat":[],"product_tag":[],"acf":[],"_links":{"self":[{"href":"https:\/\/donaulife-new.ogrisdigital.at\/sv\/wp-json\/wp\/v2\/product\/57342"}],"collection":[{"href":"https:\/\/donaulife-new.ogrisdigital.at\/sv\/wp-json\/wp\/v2\/product"}],"about":[{"href":"https:\/\/donaulife-new.ogrisdigital.at\/sv\/wp-json\/wp\/v2\/types\/product"}],"replies":[{"embeddable":true,"href":"https:\/\/donaulife-new.ogrisdigital.at\/sv\/wp-json\/wp\/v2\/comments?post=57342"}],"wp:attachment":[{"href":"https:\/\/donaulife-new.ogrisdigital.at\/sv\/wp-json\/wp\/v2\/media?parent=57342"}],"wp:term":[{"taxonomy":"product_cat","embeddable":true,"href":"https:\/\/donaulife-new.ogrisdigital.at\/sv\/wp-json\/wp\/v2\/product_cat?post=57342"},{"taxonomy":"product_tag","embeddable":true,"href":"https:\/\/donaulife-new.ogrisdigital.at\/sv\/wp-json\/wp\/v2\/product_tag?post=57342"}],"curies":[{"name":"wp","href":"https:\/\/api.w.org\/{rel}","templated":true}]}}