{"id":57341,"date":"2024-07-04T17:02:13","date_gmt":"2024-07-04T17:02:13","guid":{"rendered":"https:\/\/donaulife-new.ogrisdigital.at\/pay-pay-premium-1-1-4-papper-32-ark\/"},"modified":"2024-07-04T17:02:13","modified_gmt":"2024-07-04T17:02:13","slug":"pay-pay-premium-1-1-4-papper-32-ark","status":"publish","type":"product","link":"https:\/\/donaulife-new.ogrisdigital.at\/sv\/pay-pay-premium-1-1-4-papper-32-ark\/","title":{"rendered":"PAY-PAY Premium 1 1\/4 Papper | 32 ark"},"content":{"rendered":"<h2>Pay-Pay Papers 1 1\/4<\/h2>\n<p>Pay-Pay, tillverkaren av v\u00e4rldens f\u00f6rsta of\u00e4rgade papper, kommer fr\u00e5n Alcoy, Spanien. Den allra senaste utvecklingen: ett helt r\u00f6k- och ekologiskt papper som antar den gr\u00f6na f\u00e4rgen hos alfalfa-v\u00e4xten.<br \/>\nDessutom tillverkas det till 100% av f\u00f6rnybar energi, organiskt gummi, och inneh\u00e5ller varken kemikalier eller klor.<\/p>\n<h3>Om Pay Pay:<\/h3>\n<p>Pay-Pay, tillverkaren av v\u00e4rldens f\u00f6rsta of\u00e4rgade papper, kommer fr\u00e5n Alcoy, Spanien. Pay-Pay \u00e4r v\u00e4rldens \u00e4ldsta cigarettpappersm\u00e4rke och grundades 1764. Pay-Pay-papper byttes ursprungligen av spanska sj\u00f6m\u00e4n mot bomull och tobak i Nordamerika. Detta \u00e4r den tidigaste registreringen av kommersiellt producerat virkespapper som n\u00e5dde den nordamerikanska marknaden.<\/p>\n<p>Dessutom tillverkas papperen i produktionsanl\u00e4ggningar som drivs till 100% med f\u00f6rnybar energi, limytan \u00e4r gjord av organiskt gummi och inneh\u00e5ller varken kemikalier eller klor.<\/p>\n<p>Den historia av Paypay<\/p>\n<p><strong>1764<br \/>\n<\/strong><br \/>\nDen f\u00f6rsta cigarettpapperfabriken installeras i Alcoy<\/p>\n<p>I mitten av 1700-talet hade bruket av r\u00f6kelse som hade spridit sig i Spanien fr\u00e5n Amerika. I Europa var tobak dock en extremt dyr produkt som konsumerades genom att r\u00f6kas p\u00e5 sina egna blad, s\u00e5 m\u00e5nga m\u00e4nniskor valde att konsumera det i form av pulver eller inslaget i tidningspapper.<\/p>\n<p>F\u00f6r att f\u00f6rhindra att detta tjocka papper r\u00f6ks med bl\u00e4ck utvecklade de d\u00e5varande entrepren\u00f6rerna ett tunnare papper \u00e4n vanligt, 40 g\/m2, vitt, fr\u00e5n stora blad i storleken p\u00e5 ett blad (dubbelblad), som r\u00f6karen kunde sk\u00e4ra efter sin smak och behov. Snart b\u00f6rjade detta papper som uteslutande var avsett f\u00f6r r\u00f6kning, att ha en underbar uppt\u00e4ckt och stor framg\u00e5ng \u00f6ver hela v\u00e4rlden. Detta \u00e4r Pay-Pay av Alcoy i sin urform.<\/p>\n<p><strong>1815<br \/>\n<\/strong><br \/>\nCigarettpappersh\u00e4ftet uppfinns<\/p>\n<p>Vid b\u00f6rjan av 1800-talet minskade modet f\u00f6r tobakspulver, vanan att rulla den spred sig och med den kom snart behovet av att servera papper i en mer l\u00e4mplig storlek f\u00f6r cigaretter. En dominikan fr\u00e5n den valencianska staden X\u00e1tiva, Pater Jaime Villanueva Estingo, uppfann cigarettpappersh\u00e4ftet: ett \u00f6mt\u00e5ligt f\u00f6rem\u00e5l och en stor uppfinning vars anv\u00e4ndning forts\u00e4tter \u00e4n idag. Workshopar om cigarettpapper \u00f6kar alltmer i Alcoy, Pay-Pay-workshopen \u00e4r en av dem. P\u00e5 omslagen fanns vackra allegoriska gravyrer och namnet p\u00e5 tillverkaren &#8211; Pascual Ivorra &#8211; ingraverat. De trycktes ocks\u00e5 i l\u00e5nga serier om Spaniens historia, ber\u00f6mda figurer och karakt\u00e4rer, sedv\u00e4njor, kostymer, allegorier, ordspr\u00e5k&#8230; och erbjuder oss idag en komplett vision av den sociala utvecklingen och sedv\u00e4njor vid den tiden.<\/p>\n<p><strong>1883<br \/>\n<\/strong><br \/>\nGummerat papper uppfanns<\/p>\n<p>En liten str\u00e4ng av gummiarabikum applicerades p\u00e5 en av de st\u00f6rre sidorna av cigarettpapperet, vilket underl\u00e4ttade att rulla cigaretten.<\/p>\n<p><strong>1894<\/strong><\/p>\n<p>Zickzacken<\/p>\n<p>En metod f\u00f6r att rynka bladen registrerades: zickzackformen som anv\u00e4nds i dagens broschyrer.<\/p>\n","protected":false},"excerpt":{"rendered":"<p>Pay-Pay Papers 1 1\/4 Pay-Pay, tillverkaren av v\u00e4rldens f\u00f6rsta of\u00e4rgade papper, kommer fr\u00e5n Alcoy, Spanien. Den allra senaste utvecklingen: ett<\/p>\n","protected":false},"featured_media":0,"comment_status":"open","ping_status":"closed","template":"","meta":{"_acf_changed":false},"product_cat":[],"product_tag":[],"acf":[],"_links":{"self":[{"href":"https:\/\/donaulife-new.ogrisdigital.at\/sv\/wp-json\/wp\/v2\/product\/57341"}],"collection":[{"href":"https:\/\/donaulife-new.ogrisdigital.at\/sv\/wp-json\/wp\/v2\/product"}],"about":[{"href":"https:\/\/donaulife-new.ogrisdigital.at\/sv\/wp-json\/wp\/v2\/types\/product"}],"replies":[{"embeddable":true,"href":"https:\/\/donaulife-new.ogrisdigital.at\/sv\/wp-json\/wp\/v2\/comments?post=57341"}],"wp:attachment":[{"href":"https:\/\/donaulife-new.ogrisdigital.at\/sv\/wp-json\/wp\/v2\/media?parent=57341"}],"wp:term":[{"taxonomy":"product_cat","embeddable":true,"href":"https:\/\/donaulife-new.ogrisdigital.at\/sv\/wp-json\/wp\/v2\/product_cat?post=57341"},{"taxonomy":"product_tag","embeddable":true,"href":"https:\/\/donaulife-new.ogrisdigital.at\/sv\/wp-json\/wp\/v2\/product_tag?post=57341"}],"curies":[{"name":"wp","href":"https:\/\/api.w.org\/{rel}","templated":true}]}}