{"id":57340,"date":"2024-07-04T16:53:31","date_gmt":"2024-07-04T16:53:31","guid":{"rendered":"https:\/\/donaulife-new.ogrisdigital.at\/medusa-filter-6-mm-violet-edition-500-aktivkolsfilter-i-glas\/"},"modified":"2024-07-04T16:53:31","modified_gmt":"2024-07-04T16:53:31","slug":"medusa-filter-6-mm-violet-edition-500-aktivkolsfilter-i-glas","status":"publish","type":"product","link":"https:\/\/donaulife-new.ogrisdigital.at\/sv\/medusa-filter-6-mm-violet-edition-500-aktivkolsfilter-i-glas\/","title":{"rendered":"MEDUSA FILTER 6 mm \u2018Violet Edition\u2019 | 500 Aktivkolsfilter i glas"},"content":{"rendered":"<h2>Medusa aktivkolsfilter med 6 mm diameter<\/h2>\n<p>M\u00e5nga Stoners gillar inte aktivkolsfilter eftersom de upplever motst\u00e5ndet som f\u00f6r starkt. H\u00e4r ger Aktivkolsfiltret fr\u00e5n\u00a0<strong>MEDUSAFILTERS<\/strong>\u00a0l\u00f6sningen. H\u00e4r i VIOLET EDITION.<\/p>\n<p>\u2714\ufe0f dubbel filtrering, ingen aktivkol som rasar ut<\/p>\n<p>\u2714\ufe0f perfekt genomfl\u00f6de, inget stopp<\/p>\n<p>\u2714\ufe0f Tillverkad i Tyskland<\/p>\n<p>Tack vare det nya dubbla filtersystemet \u00e4r det kraftiga draget p\u00e5 sportciggen ett minne blott. Aktivkolen fr\u00e5n kokosn\u00f6tsskal filtrerar bort o\u00f6nskade biprodukter fr\u00e5n r\u00f6ken och kyls ner, medan den tillsatta cellulosan absorberar fukt.<\/p>\n<p>De kombinerade ingredienserna i\u00a0<strong>MEDUSAFILTERS<\/strong>\u00a0i perfekt proportion garanterar en super sk\u00f6n r\u00f6kupplevelse med renare, filtrerad smak. Och \u00f6vertygar \u00e4ven hardcore aktivkolmotst\u00e5ndare.<\/p>\n<h3>Om Medusa Filters:<\/h3>\n<p><strong>Premium aktivkolsfilter med vegetabilisk fiber.<\/strong><\/p>\n<p>V\u00e5ra mycket eftertraktade kokosn\u00f6tsaktivkolsfilter tillverkas k\u00e4rleksfullt i Tyskland av v\u00e5rt unga team.<\/p>\n<p>Aktivkolsfiltret minskar stoppning och reducerar skadliga \u00e4mnen.<\/p>\n","protected":false},"excerpt":{"rendered":"<p>Medusa aktivkolsfilter med 6 mm diameter M\u00e5nga Stoners gillar inte aktivkolsfilter eftersom de upplever motst\u00e5ndet som f\u00f6r starkt. H\u00e4r ger<\/p>\n","protected":false},"featured_media":0,"comment_status":"open","ping_status":"closed","template":"","meta":{"_acf_changed":false},"product_cat":[],"product_tag":[],"acf":[],"_links":{"self":[{"href":"https:\/\/donaulife-new.ogrisdigital.at\/sv\/wp-json\/wp\/v2\/product\/57340"}],"collection":[{"href":"https:\/\/donaulife-new.ogrisdigital.at\/sv\/wp-json\/wp\/v2\/product"}],"about":[{"href":"https:\/\/donaulife-new.ogrisdigital.at\/sv\/wp-json\/wp\/v2\/types\/product"}],"replies":[{"embeddable":true,"href":"https:\/\/donaulife-new.ogrisdigital.at\/sv\/wp-json\/wp\/v2\/comments?post=57340"}],"wp:attachment":[{"href":"https:\/\/donaulife-new.ogrisdigital.at\/sv\/wp-json\/wp\/v2\/media?parent=57340"}],"wp:term":[{"taxonomy":"product_cat","embeddable":true,"href":"https:\/\/donaulife-new.ogrisdigital.at\/sv\/wp-json\/wp\/v2\/product_cat?post=57340"},{"taxonomy":"product_tag","embeddable":true,"href":"https:\/\/donaulife-new.ogrisdigital.at\/sv\/wp-json\/wp\/v2\/product_tag?post=57340"}],"curies":[{"name":"wp","href":"https:\/\/api.w.org\/{rel}","templated":true}]}}