{"id":57339,"date":"2024-07-04T16:50:15","date_gmt":"2024-07-04T16:50:15","guid":{"rendered":"https:\/\/donaulife-new.ogrisdigital.at\/clipper-metall-taendare-icy-amsterdam-amnesia-haze\/"},"modified":"2024-07-04T16:50:15","modified_gmt":"2024-07-04T16:50:15","slug":"clipper-metall-taendare-icy-amsterdam-amnesia-haze","status":"publish","type":"product","link":"https:\/\/donaulife-new.ogrisdigital.at\/sv\/clipper-metall-taendare-icy-amsterdam-amnesia-haze\/","title":{"rendered":"CLIPPER Metall T\u00e4ndare Icy &#8216;Amsterdam&#8217; | Amnesia Haze"},"content":{"rendered":"<h2>Clipper Metall T\u00e4ndare Amnesia Haze<\/h2>\n<p>H\u00e4r ser du en CLIPPER t\u00e4ndare, perfekt f\u00f6r att t\u00e4nda inneh\u00e5llet i bonghuvuden eftersom l\u00e5gan f\u00f6rstoras n\u00e4r den h\u00e5lls upp och ner. H\u00e4r \u00e4r tv\u00e5 fr\u00e4scha designer fr\u00e5n CLIPPER-serien &#8216;Gold Standard&#8217;.<\/p>\n<p>Clipper kan ocks\u00e5 fungera som flaskkorkar eller s\u00e5 kan du anv\u00e4nda den inbyggda stenpennan f\u00f6r att stoppa. \ud83d\ude09<\/p>\n<p>Inklusive h\u00f6gkvalitativ Clipper metallbox<\/p>\n<h3>Om Clipper:<\/h3>\n<p>Clipper \u00e4r synonymt med tillf\u00f6rlitlighet och den h\u00e4r modellen \u00e4r inget undantag! Den f\u00f6rsta Clipper-t\u00e4ndaren tillverkades 1972, och nu \u00e4r den \u00e5rliga v\u00e4rldsomfattande produktionsniv\u00e5n cirka 450 miljoner enheter. En av de egenskaper i Clipper-t\u00e4ndare som g\u00f6r den genialisk \u00e4r det avtagbara sten-systemet, som g\u00f6r det enkelt \u00e4ven att rulla cigaretter.<\/p>\n","protected":false},"excerpt":{"rendered":"<p>Clipper Metall T\u00e4ndare Amnesia Haze H\u00e4r ser du en CLIPPER t\u00e4ndare, perfekt f\u00f6r att t\u00e4nda inneh\u00e5llet i bonghuvuden eftersom l\u00e5gan<\/p>\n","protected":false},"featured_media":0,"comment_status":"open","ping_status":"closed","template":"","meta":{"_acf_changed":false},"product_cat":[],"product_tag":[],"acf":[],"_links":{"self":[{"href":"https:\/\/donaulife-new.ogrisdigital.at\/sv\/wp-json\/wp\/v2\/product\/57339"}],"collection":[{"href":"https:\/\/donaulife-new.ogrisdigital.at\/sv\/wp-json\/wp\/v2\/product"}],"about":[{"href":"https:\/\/donaulife-new.ogrisdigital.at\/sv\/wp-json\/wp\/v2\/types\/product"}],"replies":[{"embeddable":true,"href":"https:\/\/donaulife-new.ogrisdigital.at\/sv\/wp-json\/wp\/v2\/comments?post=57339"}],"wp:attachment":[{"href":"https:\/\/donaulife-new.ogrisdigital.at\/sv\/wp-json\/wp\/v2\/media?parent=57339"}],"wp:term":[{"taxonomy":"product_cat","embeddable":true,"href":"https:\/\/donaulife-new.ogrisdigital.at\/sv\/wp-json\/wp\/v2\/product_cat?post=57339"},{"taxonomy":"product_tag","embeddable":true,"href":"https:\/\/donaulife-new.ogrisdigital.at\/sv\/wp-json\/wp\/v2\/product_tag?post=57339"}],"curies":[{"name":"wp","href":"https:\/\/api.w.org\/{rel}","templated":true}]}}