{"id":57338,"date":"2024-07-04T16:49:31","date_gmt":"2024-07-04T16:49:31","guid":{"rendered":"https:\/\/donaulife-new.ogrisdigital.at\/bio-glass-dabrig-dude-med-showerheadperc-23-cm\/"},"modified":"2024-07-04T16:49:31","modified_gmt":"2024-07-04T16:49:31","slug":"bio-glass-dabrig-dude-med-showerheadperc-23-cm","status":"publish","type":"product","link":"https:\/\/donaulife-new.ogrisdigital.at\/sv\/bio-glass-dabrig-dude-med-showerheadperc-23-cm\/","title":{"rendered":"BIO GLASS Dabrig \u2018Dude\u2019 med Showerheadperc | 23 cm"},"content":{"rendered":"<h2>BIO GLASS Dabrig &#8216;Dude&#8217; med Showerheadpercolator<\/h2>\n<div>\n<p>Utforska njutningens v\u00e4rld med den h\u00f6gkvalitativa &#8216;Dude&#8217; fr\u00e5n Bio Glass, utrustad med en Showerhead Percolator. Med en precis 14,5 mm slipning \u00e4r denna bong perfekt f\u00f6r extrakt. Den inbyggda Showerhead Percolator garanterar inte bara effektiv filtrering, utan s\u00e4kerst\u00e4ller ocks\u00e5 extra mjuka drag. F\u00e5 en unik r\u00f6karupplevelse d\u00e4r kvalitet, funktionalitet och estetik f\u00f6renas p\u00e5 h\u00f6gsta niv\u00e5.<\/p>\n<\/div>\n","protected":false},"excerpt":{"rendered":"<p>BIO GLASS Dabrig &#8216;Dude&#8217; med Showerheadpercolator Utforska njutningens v\u00e4rld med den h\u00f6gkvalitativa &#8216;Dude&#8217; fr\u00e5n Bio Glass, utrustad med en Showerhead<\/p>\n","protected":false},"featured_media":0,"comment_status":"open","ping_status":"closed","template":"","meta":{"_acf_changed":false},"product_cat":[],"product_tag":[],"acf":[],"_links":{"self":[{"href":"https:\/\/donaulife-new.ogrisdigital.at\/sv\/wp-json\/wp\/v2\/product\/57338"}],"collection":[{"href":"https:\/\/donaulife-new.ogrisdigital.at\/sv\/wp-json\/wp\/v2\/product"}],"about":[{"href":"https:\/\/donaulife-new.ogrisdigital.at\/sv\/wp-json\/wp\/v2\/types\/product"}],"replies":[{"embeddable":true,"href":"https:\/\/donaulife-new.ogrisdigital.at\/sv\/wp-json\/wp\/v2\/comments?post=57338"}],"wp:attachment":[{"href":"https:\/\/donaulife-new.ogrisdigital.at\/sv\/wp-json\/wp\/v2\/media?parent=57338"}],"wp:term":[{"taxonomy":"product_cat","embeddable":true,"href":"https:\/\/donaulife-new.ogrisdigital.at\/sv\/wp-json\/wp\/v2\/product_cat?post=57338"},{"taxonomy":"product_tag","embeddable":true,"href":"https:\/\/donaulife-new.ogrisdigital.at\/sv\/wp-json\/wp\/v2\/product_tag?post=57338"}],"curies":[{"name":"wp","href":"https:\/\/api.w.org\/{rel}","templated":true}]}}