{"id":57337,"date":"2024-07-04T16:47:33","date_gmt":"2024-07-04T16:47:33","guid":{"rendered":"https:\/\/donaulife-new.ogrisdigital.at\/best-buds-askkopp-ananaskung\/"},"modified":"2024-07-04T16:47:33","modified_gmt":"2024-07-04T16:47:33","slug":"best-buds-askkopp-ananaskung","status":"publish","type":"product","link":"https:\/\/donaulife-new.ogrisdigital.at\/sv\/best-buds-askkopp-ananaskung\/","title":{"rendered":"BEST BUDS Askkopp | \u2018Ananaskung\u2019"},"content":{"rendered":"<h2>Best Buds Askkopp Ananaskung<\/h2>\n<p>Best Buds Askkopp-serien i metall utm\u00e4rker sig genom unika motiv. Till m\u00e5nen. Har du redan r\u00f6kt idag?<\/p>\n<h3>Om Best Buds:<\/h3>\n<p>M\u00e4rket Best Buds kommer fr\u00e5n Nederl\u00e4nderna och riktar sig till en ung och trendig m\u00e5lgrupp. M\u00e4rket har som m\u00e5l att erbjuda snygga designer till \u00f6verkomliga priser. Sortimentet str\u00e4cker sig fr\u00e5n rullande brickor till kvarnar och f\u00f6rvarings- eller f\u00f6rstoringsglas.<\/p>\n","protected":false},"excerpt":{"rendered":"<p>Best Buds Askkopp Ananaskung Best Buds Askkopp-serien i metall utm\u00e4rker sig genom unika motiv. Till m\u00e5nen. Har du redan r\u00f6kt<\/p>\n","protected":false},"featured_media":43620,"comment_status":"open","ping_status":"closed","template":"","meta":{"_acf_changed":false},"product_cat":[],"product_tag":[],"acf":[],"_links":{"self":[{"href":"https:\/\/donaulife-new.ogrisdigital.at\/sv\/wp-json\/wp\/v2\/product\/57337"}],"collection":[{"href":"https:\/\/donaulife-new.ogrisdigital.at\/sv\/wp-json\/wp\/v2\/product"}],"about":[{"href":"https:\/\/donaulife-new.ogrisdigital.at\/sv\/wp-json\/wp\/v2\/types\/product"}],"replies":[{"embeddable":true,"href":"https:\/\/donaulife-new.ogrisdigital.at\/sv\/wp-json\/wp\/v2\/comments?post=57337"}],"wp:featuredmedia":[{"embeddable":true,"href":"https:\/\/donaulife-new.ogrisdigital.at\/sv\/wp-json\/wp\/v2\/media\/43620"}],"wp:attachment":[{"href":"https:\/\/donaulife-new.ogrisdigital.at\/sv\/wp-json\/wp\/v2\/media?parent=57337"}],"wp:term":[{"taxonomy":"product_cat","embeddable":true,"href":"https:\/\/donaulife-new.ogrisdigital.at\/sv\/wp-json\/wp\/v2\/product_cat?post=57337"},{"taxonomy":"product_tag","embeddable":true,"href":"https:\/\/donaulife-new.ogrisdigital.at\/sv\/wp-json\/wp\/v2\/product_tag?post=57337"}],"curies":[{"name":"wp","href":"https:\/\/api.w.org\/{rel}","templated":true}]}}