{"id":57336,"date":"2024-07-04T16:45:49","date_gmt":"2024-07-04T16:45:49","guid":{"rendered":"https:\/\/donaulife-new.ogrisdigital.at\/cookies-baggie-svart-s-xl\/"},"modified":"2024-07-04T16:45:49","modified_gmt":"2024-07-04T16:45:49","slug":"cookies-baggie-svart-s-xl","status":"publish","type":"product","link":"https:\/\/donaulife-new.ogrisdigital.at\/sv\/cookies-baggie-svart-s-xl\/","title":{"rendered":"COOKIES Baggie svart | S-XL"},"content":{"rendered":"<h2>Cookies Baggies<\/h2>\n<p>De h\u00f6gkvalitativa Cookies-v\u00e4skorna erbjuder en rad f\u00f6rdelar j\u00e4mf\u00f6rt med vanliga p\u00e5sar. Det dubbla dragf\u00f6rslutningen h\u00e5ller lukten av inneh\u00e5llet d\u00e4r den h\u00f6r hemma &#8211; innanf\u00f6r. Dessutom blir p\u00e5sarna dessutom vattent\u00e4ta. I kombination med den opaka och st\u00f6tfasta plasten \u00e4r p\u00e5sarna d\u00e4rf\u00f6r perfekta f\u00f6r anv\u00e4ndning utanf\u00f6r hemmet.<\/p>\n<p>Dragkedjan och den h\u00f6gkvalitativa bearbetningen g\u00f6r Cookies-v\u00e4skorna till en t\u00e5lig och p\u00e5litlig f\u00f6ljeslagare.<\/p>\n<p>Beroende p\u00e5 behov finns Cookies-v\u00e4skor i 4 olika storlekar:<\/p>\n<p>Sm\u00e5: 102 mm x 76 mm (12 stycken)<br \/>\nMedium: 102 mm x 152 mm (12 stycken)<br \/>\nStora: 190 mm x 178 mm (6 stycken)<br \/>\nExtra stora: 215 mm x 255 mm (6 stycken)<\/p>\n<h3>Om Cookies:<\/h3>\n<div>Cookies Los Angeles i Maywood, Kalifornien, i hj\u00e4rtat av Los Angeles County, grundades med visionen att producera v\u00e4rldsklassens cannabis och cannabisprodukter. Cookies har alltid st\u00e5tt f\u00f6r en livsstil av excellens, kvalitet och smak.<\/div>\n<div><\/div>\n<div>Cookies Los Angeles \u00e4r hem f\u00f6r kl\u00e4dm\u00e4rket och accessoarm\u00e4rket Cookies. Cookies Clothing, konstn\u00e4ren och entrepren\u00f6ren Berners (Gilbert Milams) id\u00e9, kommer att producera exklusiva design f\u00f6r Cookies Maywood f\u00f6r att representera L.A: s unika multikulturella livsstil genom mode, cannabis, sport och musik. Vi kommer att forts\u00e4tta att \u00f6verbrygga klyftan mellan streetwear, urban livsstil, marijuana, hiphop-musik och en m\u00e5ngkulturell samh\u00e4lle och lyfta Cookies till n\u00e4sta niv\u00e5.<\/div>\n","protected":false},"excerpt":{"rendered":"<p>Cookies Baggies De h\u00f6gkvalitativa Cookies-v\u00e4skorna erbjuder en rad f\u00f6rdelar j\u00e4mf\u00f6rt med vanliga p\u00e5sar. Det dubbla dragf\u00f6rslutningen h\u00e5ller lukten av inneh\u00e5llet<\/p>\n","protected":false},"featured_media":43862,"comment_status":"open","ping_status":"closed","template":"","meta":{"_acf_changed":false},"product_cat":[],"product_tag":[],"acf":[],"_links":{"self":[{"href":"https:\/\/donaulife-new.ogrisdigital.at\/sv\/wp-json\/wp\/v2\/product\/57336"}],"collection":[{"href":"https:\/\/donaulife-new.ogrisdigital.at\/sv\/wp-json\/wp\/v2\/product"}],"about":[{"href":"https:\/\/donaulife-new.ogrisdigital.at\/sv\/wp-json\/wp\/v2\/types\/product"}],"replies":[{"embeddable":true,"href":"https:\/\/donaulife-new.ogrisdigital.at\/sv\/wp-json\/wp\/v2\/comments?post=57336"}],"wp:featuredmedia":[{"embeddable":true,"href":"https:\/\/donaulife-new.ogrisdigital.at\/sv\/wp-json\/wp\/v2\/media\/43862"}],"wp:attachment":[{"href":"https:\/\/donaulife-new.ogrisdigital.at\/sv\/wp-json\/wp\/v2\/media?parent=57336"}],"wp:term":[{"taxonomy":"product_cat","embeddable":true,"href":"https:\/\/donaulife-new.ogrisdigital.at\/sv\/wp-json\/wp\/v2\/product_cat?post=57336"},{"taxonomy":"product_tag","embeddable":true,"href":"https:\/\/donaulife-new.ogrisdigital.at\/sv\/wp-json\/wp\/v2\/product_tag?post=57336"}],"curies":[{"name":"wp","href":"https:\/\/api.w.org\/{rel}","templated":true}]}}