{"id":57332,"date":"2024-07-04T15:33:39","date_gmt":"2024-07-04T15:33:39","guid":{"rendered":"https:\/\/donaulife-new.ogrisdigital.at\/bulldog-glas-askkopp-blaa-oe-105-mm\/"},"modified":"2024-07-04T15:33:39","modified_gmt":"2024-07-04T15:33:39","slug":"bulldog-glas-askkopp-blaa-oe-105-mm","status":"publish","type":"product","link":"https:\/\/donaulife-new.ogrisdigital.at\/sv\/bulldog-glas-askkopp-blaa-oe-105-mm\/","title":{"rendered":"BULLDOG Glas Askkopp bl\u00e5 | \u00d8 105 mm"},"content":{"rendered":"<div>\n<h2>Bulldog Grinder med Bulldog-logotyp<\/h2>\n<p>\u00c4lskar du de nederl\u00e4ndska weed-vibbarna? Den ikoniska bulldoggen i f\u00e4rg f\u00f6rvandlar varje rum till en avslappnad Bulldog Coffeeshop. Dessutom \u00e4r den mycket robust och l\u00e4tt att tv\u00e4tta.<\/p>\n<\/div>\n<div>Diameter: 105 mm<\/div>\n<h3>Om Bulldog:<\/h3>\n<div>Vi \u00e4r ett f\u00f6retag baserat i Amsterdam med coffeeshops, barer, merchandisebutiker och ett hotell i Amsterdam. V\u00e5ra internationella platser inkluderar en cocktailbar och en restaurang i Rom, sociala klubbar i Barcelona och Ibiza, ett hotell med Grand Caf\u00e9\/Restaurang och semesterhus p\u00e5 Silver Star Mountain (Kanada) och slutligen en tropisk cocktailbar p\u00e5 Aruba.<\/div>\n","protected":false},"excerpt":{"rendered":"<p>Bulldog Grinder med Bulldog-logotyp \u00c4lskar du de nederl\u00e4ndska weed-vibbarna? Den ikoniska bulldoggen i f\u00e4rg f\u00f6rvandlar varje rum till en avslappnad<\/p>\n","protected":false},"featured_media":43606,"comment_status":"open","ping_status":"closed","template":"","meta":{"_acf_changed":false},"product_cat":[],"product_tag":[],"acf":[],"_links":{"self":[{"href":"https:\/\/donaulife-new.ogrisdigital.at\/sv\/wp-json\/wp\/v2\/product\/57332"}],"collection":[{"href":"https:\/\/donaulife-new.ogrisdigital.at\/sv\/wp-json\/wp\/v2\/product"}],"about":[{"href":"https:\/\/donaulife-new.ogrisdigital.at\/sv\/wp-json\/wp\/v2\/types\/product"}],"replies":[{"embeddable":true,"href":"https:\/\/donaulife-new.ogrisdigital.at\/sv\/wp-json\/wp\/v2\/comments?post=57332"}],"wp:featuredmedia":[{"embeddable":true,"href":"https:\/\/donaulife-new.ogrisdigital.at\/sv\/wp-json\/wp\/v2\/media\/43606"}],"wp:attachment":[{"href":"https:\/\/donaulife-new.ogrisdigital.at\/sv\/wp-json\/wp\/v2\/media?parent=57332"}],"wp:term":[{"taxonomy":"product_cat","embeddable":true,"href":"https:\/\/donaulife-new.ogrisdigital.at\/sv\/wp-json\/wp\/v2\/product_cat?post=57332"},{"taxonomy":"product_tag","embeddable":true,"href":"https:\/\/donaulife-new.ogrisdigital.at\/sv\/wp-json\/wp\/v2\/product_tag?post=57332"}],"curies":[{"name":"wp","href":"https:\/\/api.w.org\/{rel}","templated":true}]}}