{"id":57327,"date":"2024-07-04T14:58:18","date_gmt":"2024-07-04T14:58:18","guid":{"rendered":"https:\/\/donaulife-new.ogrisdigital.at\/heisenberg-kvarts-terp-slurper-banger-188-mm\/"},"modified":"2024-07-04T14:58:18","modified_gmt":"2024-07-04T14:58:18","slug":"heisenberg-kvarts-terp-slurper-banger-188-mm","status":"publish","type":"product","link":"https:\/\/donaulife-new.ogrisdigital.at\/sv\/heisenberg-kvarts-terp-slurper-banger-188-mm\/","title":{"rendered":"HEISENBERG Kvarts Terp Slurper Banger | 18,8 mm"},"content":{"rendered":"<h2>HNBG Banger av kvarts med Carb Cap och Terp Pill<\/h2>\n<p>Terp Slurper bonghuvudet av kvartsglas \u00e4r l\u00e4mpligt f\u00f6r f\u00f6r\u00e5ngning av koncentrat. Den har en hane 18.8 slipning med en 90\u00b0 anslutningsvinkel. Det \u00e4r optimalt f\u00f6r Dab Rigs och sm\u00e5 bongs med en l\u00e4mplig vertikal slipanslutning.<\/p>\n<p>Huvudet levereras med en 3-delars tillbeh\u00f6rsp\u00e5se som inneh\u00e5ller en Terp Pill och 2 Terp Balls, varav den st\u00f6rre har funktionen av en Carb Cap.<\/p>\n<h3>Vad anv\u00e4nds Terp Ball och Terp Pill till?<\/h3>\n<p><strong>Terp Pill<\/strong>\u2013 Det pillerformade pinnen b\u00f6rjar rotera i cirkel under inhalationen genom b\u00e4ngern. Detta skapar en st\u00f6rre yta d\u00e4r olja och koncentrat kan f\u00f6r\u00e5ngas och \u00f6kar \u00e5ngproduktionen. F\u00f6rutom \u00f6kad luftcirkulation och \u00f6kad \u00e5ngproduktion \u00e4r en positiv bieffekt att \u00e5ngan n\u00e5got svalnar och blir behagligare.<\/p>\n<p><strong>Terp Ball<\/strong>\u2013 Vanliga Terp Balls med en storlek mellan 4-6 mm anv\u00e4nds f\u00f6r att j\u00e4mnt f\u00f6rdela koncentratet i b\u00e4ngern. I det h\u00e4r b\u00e4ngern snurrar kulan med en diameter p\u00e5 11.5 mm i cirkel under inhalationen och hj\u00e4lper till att beh\u00e5lla v\u00e4rmen samt \u00f6ka ytan f\u00f6r f\u00f6r\u00e5ngning och d\u00e4rigenom \u00f6ka \u00e5ngproduktionen.<\/p>\n<h3>Hur Terp Slurper fungerar<\/h3>\n<p>S\u00e4tt in alla bollar och Terp Pill i b\u00e4ngern. V\u00e4rm Terp Slurper fr\u00e5n undersidan med en bunsenbr\u00e4nnare eller en jetflammat\u00e4ndare i 20-30 sekunder tills den b\u00f6rjar gl\u00f6da. L\u00e5t den svalna n\u00e5got (du kan t.ex. kontrollera temperaturen med en optisk termometer.) F\u00f6rdela koncentratet i den nedre pannan med en dabber och b\u00f6rja samtidigt inhalera. Det f\u00f6r\u00e5ngade koncentratet dras in i glaspannan genom de sneda springorna och passerar glaskulorna till bongen.<\/p>\n<p>*L\u00e5g temp Dab (157-232\u00b0C), Mellan temp Dab (232-315\u00b0C), H\u00f6g temp Dab (315-482\u00b0C)<\/p>\n<h3>Om Heisenberg:<\/h3>\n<div>\n<p>Heisenberg &#8211; inte bara en f\u00f6reteelse genom Breaking Bad. Varum\u00e4rket Heisenberg har blivit k\u00e4nt f\u00f6r sina glasbongar. Ingen bong fr\u00e5n Heisenberg-serien \u00e4r som den andra. H\u00e4r erbjuds olika designelement, s\u00e5som f\u00e4rgglada eller med Glow in the dark-funktion, platser att s\u00e4tta in LED-belysning och andra extratillbeh\u00f6r.<\/p>\n<p>Med det intressanta utbudet av glasbongar finns garanterat n\u00e5got f\u00f6r dig!<\/p>\n<\/div>\n","protected":false},"excerpt":{"rendered":"<p>HNBG Banger av kvarts med Carb Cap och Terp Pill Terp Slurper bonghuvudet av kvartsglas \u00e4r l\u00e4mpligt f\u00f6r f\u00f6r\u00e5ngning av<\/p>\n","protected":false},"featured_media":56248,"comment_status":"open","ping_status":"closed","template":"","meta":{"_acf_changed":false},"product_cat":[],"product_tag":[],"acf":[],"_links":{"self":[{"href":"https:\/\/donaulife-new.ogrisdigital.at\/sv\/wp-json\/wp\/v2\/product\/57327"}],"collection":[{"href":"https:\/\/donaulife-new.ogrisdigital.at\/sv\/wp-json\/wp\/v2\/product"}],"about":[{"href":"https:\/\/donaulife-new.ogrisdigital.at\/sv\/wp-json\/wp\/v2\/types\/product"}],"replies":[{"embeddable":true,"href":"https:\/\/donaulife-new.ogrisdigital.at\/sv\/wp-json\/wp\/v2\/comments?post=57327"}],"wp:featuredmedia":[{"embeddable":true,"href":"https:\/\/donaulife-new.ogrisdigital.at\/sv\/wp-json\/wp\/v2\/media\/56248"}],"wp:attachment":[{"href":"https:\/\/donaulife-new.ogrisdigital.at\/sv\/wp-json\/wp\/v2\/media?parent=57327"}],"wp:term":[{"taxonomy":"product_cat","embeddable":true,"href":"https:\/\/donaulife-new.ogrisdigital.at\/sv\/wp-json\/wp\/v2\/product_cat?post=57327"},{"taxonomy":"product_tag","embeddable":true,"href":"https:\/\/donaulife-new.ogrisdigital.at\/sv\/wp-json\/wp\/v2\/product_tag?post=57327"}],"curies":[{"name":"wp","href":"https:\/\/api.w.org\/{rel}","templated":true}]}}