{"id":57322,"date":"2024-07-04T14:56:17","date_gmt":"2024-07-04T14:56:17","guid":{"rendered":"https:\/\/donaulife-new.ogrisdigital.at\/grace-glass-percolatorbong-hammer-series-funky-twist-38-cm\/"},"modified":"2024-07-04T14:56:17","modified_gmt":"2024-07-04T14:56:17","slug":"grace-glass-percolatorbong-hammer-series-funky-twist-38-cm","status":"publish","type":"product","link":"https:\/\/donaulife-new.ogrisdigital.at\/sv\/grace-glass-percolatorbong-hammer-series-funky-twist-38-cm\/","title":{"rendered":"GRACE GLASS Percolatorbong Hammer Series &#8216;Funky Twist&#8217; |  38 cm"},"content":{"rendered":"<h2>GRACE GLASS Hammer Series &#8216;Funky Twist&#8217; med Spiralpercolator f\u00f6r svala tr\u00e4ffar<\/h2>\n<p>Denna Grace Glass Funky Twist Black fr\u00e5n Hammer-serien \u00e4r en rak bong med dubbelkammare. Med en h\u00f6jd av 38 cm och en trippel svart nyansering samt h\u00f6g detaljniv\u00e5 dekorationer p\u00e5 utsidan. Denna kraftfulla bong har tre isklackar f\u00f6r svala tr\u00e4ffar. Dessutom svalnar r\u00f6ken med en spiralformig percolator och en avtagbar, flerr\u00f6rsventil med matchande 18 mm tjock trattsk\u00e5l och ett gummibelagt kickh\u00e5l. Denna raka r\u00f6kbong st\u00e5r stadigt p\u00e5 en mycket tjock utf\u00e4lld fotsockel av kvalitetsborosilikatglas.<\/p>\n","protected":false},"excerpt":{"rendered":"<p>GRACE GLASS Hammer Series &#8216;Funky Twist&#8217; med Spiralpercolator f\u00f6r svala tr\u00e4ffar Denna Grace Glass Funky Twist Black fr\u00e5n Hammer-serien \u00e4r<\/p>\n","protected":false},"featured_media":18791,"comment_status":"open","ping_status":"closed","template":"","meta":{"_acf_changed":false},"product_cat":[],"product_tag":[],"acf":[],"_links":{"self":[{"href":"https:\/\/donaulife-new.ogrisdigital.at\/sv\/wp-json\/wp\/v2\/product\/57322"}],"collection":[{"href":"https:\/\/donaulife-new.ogrisdigital.at\/sv\/wp-json\/wp\/v2\/product"}],"about":[{"href":"https:\/\/donaulife-new.ogrisdigital.at\/sv\/wp-json\/wp\/v2\/types\/product"}],"replies":[{"embeddable":true,"href":"https:\/\/donaulife-new.ogrisdigital.at\/sv\/wp-json\/wp\/v2\/comments?post=57322"}],"wp:featuredmedia":[{"embeddable":true,"href":"https:\/\/donaulife-new.ogrisdigital.at\/sv\/wp-json\/wp\/v2\/media\/18791"}],"wp:attachment":[{"href":"https:\/\/donaulife-new.ogrisdigital.at\/sv\/wp-json\/wp\/v2\/media?parent=57322"}],"wp:term":[{"taxonomy":"product_cat","embeddable":true,"href":"https:\/\/donaulife-new.ogrisdigital.at\/sv\/wp-json\/wp\/v2\/product_cat?post=57322"},{"taxonomy":"product_tag","embeddable":true,"href":"https:\/\/donaulife-new.ogrisdigital.at\/sv\/wp-json\/wp\/v2\/product_tag?post=57322"}],"curies":[{"name":"wp","href":"https:\/\/api.w.org\/{rel}","templated":true}]}}