{"id":57319,"date":"2024-07-04T14:54:33","date_gmt":"2024-07-04T14:54:33","guid":{"rendered":"https:\/\/donaulife-new.ogrisdigital.at\/heisenberg-cylinder-bong-old-school-med-3-faldigt-honeycomb-56-cm\/"},"modified":"2024-07-04T14:54:33","modified_gmt":"2024-07-04T14:54:33","slug":"heisenberg-cylinder-bong-old-school-med-3-faldigt-honeycomb-56-cm","status":"publish","type":"product","link":"https:\/\/donaulife-new.ogrisdigital.at\/sv\/heisenberg-cylinder-bong-old-school-med-3-faldigt-honeycomb-56-cm\/","title":{"rendered":"HEISENBERG Cylinder Bong &#8216;Old School&#8217; med 3-faldigt Honeycomb | 56 cm"},"content":{"rendered":"<h2>Gammaldags i design och funktion<\/h2>\n<p>Med Heisenbergs Old School glasbong \u00e5terv\u00e4nder en bit historia till ditt hem. Designen p\u00e5 Old School \u00e4r precis lika &#8216;old school&#8217; som bongen sj\u00e4lv. Det \u00e4r en bong fr\u00e5n Color-Line d\u00e4r de f\u00e4rgade elementen verkligen uppm\u00e4rksammas. Till exempel g\u00e5r HEISENBERG-logotypen i en f\u00e4rggradering av bl\u00e5tt, gult och gr\u00f6nt, men de speciella detaljerna \u00e4r de tre f\u00e4rgade is-sk\u00e5rorna och den r\u00f6da, gr\u00f6na och bl\u00e5a honeycomb-skivan som s\u00e4tter pricken \u00f6ver i:et.<\/p>\n<p>F\u00f6r att ge dig optimal r\u00f6knjutning har vi designat en 5 mm tjock och 56 cm h\u00f6g bong som kryllar av perkolering. F\u00f6rst passerar r\u00f6ken en dubbelskiva som sedan \u00f6verg\u00e5r till en fast monterad snitt. H\u00e4r f\u00f6rbereds r\u00f6ken inte med 1, inte med 2, utan med 3(!) honeycombs och genomg\u00e5r sin f\u00f6rsta reng\u00f6ringsprocess. De tre ovanp\u00e5 varandra liggande honeycomb-diffusionsskivorna direkt efter dubbelskivan skapar otaliga bubblor, vilket ger optimal diffusion och en njutbar smak.<\/p>\n<p>Du kan dra utan begr\u00e4nsningar utan att f\u00e5 vatten i ansiktet. Trots sin storlek \u00e4r Old School Color-Line Bong en mycket mild r\u00f6kutrustning som inte belastar dina lungor. S\u00e5: En bekv\u00e4m enhet f\u00f6r oss old school-r\u00f6kare \ud83d\ude09<\/p>\n<div>\n<div><\/div>\n<\/div>\n","protected":false},"excerpt":{"rendered":"<p>Gammaldags i design och funktion Med Heisenbergs Old School glasbong \u00e5terv\u00e4nder en bit historia till ditt hem. Designen p\u00e5 Old<\/p>\n","protected":false},"featured_media":48889,"comment_status":"open","ping_status":"closed","template":"","meta":{"_acf_changed":false},"product_cat":[],"product_tag":[],"acf":[],"_links":{"self":[{"href":"https:\/\/donaulife-new.ogrisdigital.at\/sv\/wp-json\/wp\/v2\/product\/57319"}],"collection":[{"href":"https:\/\/donaulife-new.ogrisdigital.at\/sv\/wp-json\/wp\/v2\/product"}],"about":[{"href":"https:\/\/donaulife-new.ogrisdigital.at\/sv\/wp-json\/wp\/v2\/types\/product"}],"replies":[{"embeddable":true,"href":"https:\/\/donaulife-new.ogrisdigital.at\/sv\/wp-json\/wp\/v2\/comments?post=57319"}],"wp:featuredmedia":[{"embeddable":true,"href":"https:\/\/donaulife-new.ogrisdigital.at\/sv\/wp-json\/wp\/v2\/media\/48889"}],"wp:attachment":[{"href":"https:\/\/donaulife-new.ogrisdigital.at\/sv\/wp-json\/wp\/v2\/media?parent=57319"}],"wp:term":[{"taxonomy":"product_cat","embeddable":true,"href":"https:\/\/donaulife-new.ogrisdigital.at\/sv\/wp-json\/wp\/v2\/product_cat?post=57319"},{"taxonomy":"product_tag","embeddable":true,"href":"https:\/\/donaulife-new.ogrisdigital.at\/sv\/wp-json\/wp\/v2\/product_tag?post=57319"}],"curies":[{"name":"wp","href":"https:\/\/api.w.org\/{rel}","templated":true}]}}