{"id":57315,"date":"2024-07-04T14:50:06","date_gmt":"2024-07-04T14:50:06","guid":{"rendered":"https:\/\/donaulife-new.ogrisdigital.at\/finom-lilla-boet-foer-rostfritt-staalvaetefilter-6-mm\/"},"modified":"2024-07-04T14:50:06","modified_gmt":"2024-07-04T14:50:06","slug":"finom-lilla-boet-foer-rostfritt-staalvaetefilter-6-mm","status":"publish","type":"product","link":"https:\/\/donaulife-new.ogrisdigital.at\/sv\/finom-lilla-boet-foer-rostfritt-staalvaetefilter-6-mm\/","title":{"rendered":"FINOM &#8216;lilla boet&#8217; f\u00f6r rostfritt st\u00e5lv\u00e4tefilter 6 mm"},"content":{"rendered":"<h2>Finom-bo f\u00f6r rostfritt st\u00e5lv\u00e4tefilter 6 mm<\/h2>\n<p><strong>Det lilla boet \u00e4r en f\u00f6rvaringsl\u00e5da och br\u00e4nningsanordning f\u00f6r Fenix.<\/strong><\/p>\n<p>Boet underl\u00e4ttar br\u00e4nnandet.<\/p>\n<p>I detta bo kan en Fenix Z6 aktivt kolfilter f\u00f6rvaras.<\/p>\n<p>Kolonnen \u00e4r tillverkad av aluminium.<\/p>\n<p>F\u00f6r stommen kan du v\u00e4lja mellan olika tr\u00e4slag.<\/p>\n<table>\n<tbody>\n<tr>\n<td><strong>Bok<\/strong><\/td>\n<td>Ljust, enkelt tr\u00e4<\/td>\n<\/tr>\n<tr>\n<td><strong>Ek<\/strong><\/td>\n<td>Ljust till mellanbrunt, tydligt strukturerat<\/td>\n<\/tr>\n<tr>\n<td><strong>N\u00f6t<\/strong><\/td>\n<td>Brun f\u00e4rg, vacker \u00e5dring. Det enda m\u00f6rka tr\u00e4et fr\u00e5n v\u00e5ra trakter<\/td>\n<\/tr>\n<tr>\n<td><strong>K\u00f6rsb\u00e4r<\/strong><\/td>\n<td>L\u00e4tt r\u00f6daktigt ljust tr\u00e4 med harmoniskt fin struktur<\/td>\n<\/tr>\n<tr>\n<td><strong>\u00a0<\/strong><\/td>\n<td>Andra tr\u00e4slag finns tillg\u00e4ngliga p\u00e5 beg\u00e4ran.<\/td>\n<\/tr>\n<\/tbody>\n<\/table>\n<p><strong>M\u00e5tt:\u00a0<\/strong>20x20x55mm<\/p>\n<hr class=\"wp-block-separator has-alpha-channel-opacity is-style-wide\" \/>\n<p><strong>Inneh\u00e5ll:<\/strong><\/p>\n<ul>\n<li>1x litet bo<\/li>\n<\/ul>\n<h3>Hur f\u00f6rnyas kol eller hur br\u00e4nns filtret ut?<\/h3>\n<p><iframe title=\"Utburning\" src=\"https:\/\/www.youtube.com\/embed\/HJaEEe5buNs\" width=\"410\" height=\"728\" frameborder=\"0\" allowfullscreen=\"allowfullscreen\"><\/iframe><\/p>\n<div class=\"elementor-element elementor-element-131fd42 elementor-widget elementor-widget-heading\" data-id=\"131fd42\" data-element_type=\"widget\" data-widget_type=\"heading.default\">\n<div class=\"elementor-widget-container\">\n<h2 class=\"elementor-heading-title elementor-size-default\">Innovativ reaktivering<\/h2>\n<\/div>\n<\/div>\n<div class=\"elementor-element elementor-element-a18b39a elementor-widget elementor-widget-text-editor\" data-id=\"a18b39a\" data-element_type=\"widget\" data-widget_type=\"text-editor.default\">\n<div class=\"elementor-widget-container\">\n<p>Fenixen (ing\u00e5r ej) kan upphettas till upp till 1000\u00b0C utan skador f\u00f6r att reng\u00f6ras, vilket driver ut de partiklar som genererats och filtrerats ut ur filterh\u00f6ljet och framf\u00f6rallt fr\u00e5n den aktiva kolet. Eftersom ingen syre tr\u00e4nger in i h\u00f6ljet, f\u00f6rblir det aktiva kolet intakt.<\/p>\n<p>Denna process kallas pyrolys.<\/p>\n<p>Efter 3 till 10 br\u00e4nnv\u00e5gor \u00e4r det aktiva kolet m\u00e4ttat med icke-flyktiga element och m\u00e5ste bytas ut.<\/p>\n<p>Filterh\u00f6ljet f\u00f6rblir helt intakt. Det f\u00e4rgas gradvis mattsvart \u00f6ver tiden.<\/p>\n<p>F\u00f6r att g\u00f6ra reaktiveringen roligare erbjuder vi en perfekt och kraftfull mini-Bunsenbr\u00e4nnare.<\/p>\n<p><img fetchpriority=\"high\" decoding=\"async\" class=\"alignnone wp-image-53871\" src=\"https:\/\/www.donaulife.com\/wp-content\/uploads\/2024\/01\/FL_2023-09-17-HUN-03431-2-1-scaled-1-300x142.webp\" alt=\"\" width=\"499\" height=\"236\" \/><\/p>\n<div class=\"elementor-element elementor-element-6c7069bf elementor-widget elementor-widget-heading\" data-id=\"6c7069bf\" data-element_type=\"widget\" data-widget_type=\"heading.default\">\n<div class=\"elementor-widget-container\"><\/div>\n<\/div>\n<div class=\"elementor-element elementor-element-77b913e1 elementor-widget elementor-widget-text-editor\" data-id=\"77b913e1\" data-element_type=\"widget\" data-widget_type=\"text-editor.default\">\n<div class=\"elementor-widget-container\">\n<p>\u00a0<\/p>\n<p><span style=\"color: #333333; font-size: 20.16px;\">\u00d6ver Finom Metall:<\/span><\/p>\n<\/div>\n<\/div>\n<\/div>\n<\/div>\n<div class=\"elementor-element elementor-element-3d48d6c6 elementor-widget elementor-widget-heading\" data-id=\"3d48d6c6\" data-element_type=\"widget\" data-widget_type=\"heading.default\">\n<div class=\"elementor-widget-container\">\n<p class=\"elementor-heading-title elementor-size-default\"><strong>Den f\u00f6rsta helt \u00e5teranv\u00e4ndbara aktiva kolet filtret<\/strong><\/p>\n<\/div>\n<\/div>\n<div class=\"elementor-element elementor-element-1dbcba06 elementor-widget elementor-widget-text-editor\" data-id=\"1dbcba06\" data-element_type=\"widget\" data-widget_type=\"text-editor.default\">\n<div class=\"elementor-widget-container\">\n<p class=\"wp-block-heading has-text-align-left has-small-font-size\">Fenix \u00e4r en mytisk f\u00e5gel som brinner upp i slutet av sin livscykel f\u00f6r att \u00e5terf\u00f6das ur sin aska.<br \/>\nPrecis s\u00e5 regenereras v\u00e5rt filter i elden.<\/p>\n<p><img decoding=\"async\" class=\"alignnone size-full wp-image-53874\" src=\"https:\/\/www.donaulife.com\/wp-content\/uploads\/2024\/01\/Phoenix-neu.webp\" alt=\"\" width=\"300\" height=\"300\" \/><\/p>\n<\/div>\n<\/div>\n","protected":false},"excerpt":{"rendered":"<p>Finom-bo f\u00f6r rostfritt st\u00e5lv\u00e4tefilter 6 mm Det lilla boet \u00e4r en f\u00f6rvaringsl\u00e5da och br\u00e4nningsanordning f\u00f6r Fenix. Boet underl\u00e4ttar br\u00e4nnandet. I<\/p>\n","protected":false},"featured_media":48913,"comment_status":"open","ping_status":"closed","template":"","meta":{"_acf_changed":false},"product_cat":[],"product_tag":[],"acf":[],"_links":{"self":[{"href":"https:\/\/donaulife-new.ogrisdigital.at\/sv\/wp-json\/wp\/v2\/product\/57315"}],"collection":[{"href":"https:\/\/donaulife-new.ogrisdigital.at\/sv\/wp-json\/wp\/v2\/product"}],"about":[{"href":"https:\/\/donaulife-new.ogrisdigital.at\/sv\/wp-json\/wp\/v2\/types\/product"}],"replies":[{"embeddable":true,"href":"https:\/\/donaulife-new.ogrisdigital.at\/sv\/wp-json\/wp\/v2\/comments?post=57315"}],"wp:featuredmedia":[{"embeddable":true,"href":"https:\/\/donaulife-new.ogrisdigital.at\/sv\/wp-json\/wp\/v2\/media\/48913"}],"wp:attachment":[{"href":"https:\/\/donaulife-new.ogrisdigital.at\/sv\/wp-json\/wp\/v2\/media?parent=57315"}],"wp:term":[{"taxonomy":"product_cat","embeddable":true,"href":"https:\/\/donaulife-new.ogrisdigital.at\/sv\/wp-json\/wp\/v2\/product_cat?post=57315"},{"taxonomy":"product_tag","embeddable":true,"href":"https:\/\/donaulife-new.ogrisdigital.at\/sv\/wp-json\/wp\/v2\/product_tag?post=57315"}],"curies":[{"name":"wp","href":"https:\/\/api.w.org\/{rel}","templated":true}]}}