{"id":57310,"date":"2024-07-04T14:48:38","date_gmt":"2024-07-04T14:48:38","guid":{"rendered":"https:\/\/donaulife-new.ogrisdigital.at\/heisenberg-vorkuehler-riddle-med-showerheadperc-188188-mm\/"},"modified":"2024-07-04T14:48:38","modified_gmt":"2024-07-04T14:48:38","slug":"heisenberg-vorkuehler-riddle-med-showerheadperc-188188-mm","status":"publish","type":"product","link":"https:\/\/donaulife-new.ogrisdigital.at\/sv\/heisenberg-vorkuehler-riddle-med-showerheadperc-188188-mm\/","title":{"rendered":"HEISENBERG Vork\u00fchler \u2018Riddle\u2019 med Showerheadperc | 18,8>18,8 mm"},"content":{"rendered":"<h2>Heisenberg HNBG Riddle Vork\u00fchler med integrerad Showerhead Percolator<\/h2>\n<p>HNBG Riddle F\u00f6rkylare f\u00f6r glasbongs har en ledf\u00f6rbindelse p\u00e5 18,8>18,8. Anslutningsdelen f\u00f6r bongsk\u00e5lar \u00e4r kvinnlig (muff), anslutningen till bongsen \u00e4r manlig (k\u00e4rna). Den manliga anslutningsbiten \u00e4r vinklad ned\u00e5t och passar d\u00e4rf\u00f6r bra f\u00f6r bongs med en sidovinkel p\u00e5 cirka 40-45\u00b0.<\/p>\n<p>Den \u00f6ppna slingf\u00f6rbindelsen och den kompakta designen av vattenkammaren g\u00f6r perkolatorn l\u00e4mplig f\u00f6r m\u00e5nga olika koppar och standard-bongs. Kylar och filtrerar r\u00f6ken p\u00e5 ett p\u00e5litligt s\u00e4tt &#8211; Showerhead Percolator.<\/p>\n<p>HNBG Riddle F\u00f6rkylaren \u00e4r utrustad med en Showerhead Percolator. Den koniska Showerhead Percolatorn \u00e4r den framskjutande strukturen inuti vattenkammaren. Bottendelen av perkolatorn har sm\u00e5 sp\u00e5r l\u00e4ngs den yttre kanten. R\u00f6ken dras genom springorna och delas upp n\u00e4r man andas in den. Detta s\u00e4kerst\u00e4ller en j\u00e4mn och kraftig virvel inuti kammaren, vilket f\u00e5ngar upp de f\u00f6rsta askpartiklarna och skadliga \u00e4mnen tidigt och l\u00e5ter aromen utvecklas fullt ut n\u00e4r man r\u00f6ker. Draget \u00e4r behagligt och p\u00e5frestande att andas in.<\/p>\n","protected":false},"excerpt":{"rendered":"<p>Heisenberg HNBG Riddle Vork\u00fchler med integrerad Showerhead Percolator HNBG Riddle F\u00f6rkylare f\u00f6r glasbongs har en ledf\u00f6rbindelse p\u00e5 18,8>18,8. Anslutningsdelen f\u00f6r<\/p>\n","protected":false},"featured_media":48878,"comment_status":"open","ping_status":"closed","template":"","meta":{"_acf_changed":false},"product_cat":[],"product_tag":[],"acf":[],"_links":{"self":[{"href":"https:\/\/donaulife-new.ogrisdigital.at\/sv\/wp-json\/wp\/v2\/product\/57310"}],"collection":[{"href":"https:\/\/donaulife-new.ogrisdigital.at\/sv\/wp-json\/wp\/v2\/product"}],"about":[{"href":"https:\/\/donaulife-new.ogrisdigital.at\/sv\/wp-json\/wp\/v2\/types\/product"}],"replies":[{"embeddable":true,"href":"https:\/\/donaulife-new.ogrisdigital.at\/sv\/wp-json\/wp\/v2\/comments?post=57310"}],"wp:featuredmedia":[{"embeddable":true,"href":"https:\/\/donaulife-new.ogrisdigital.at\/sv\/wp-json\/wp\/v2\/media\/48878"}],"wp:attachment":[{"href":"https:\/\/donaulife-new.ogrisdigital.at\/sv\/wp-json\/wp\/v2\/media?parent=57310"}],"wp:term":[{"taxonomy":"product_cat","embeddable":true,"href":"https:\/\/donaulife-new.ogrisdigital.at\/sv\/wp-json\/wp\/v2\/product_cat?post=57310"},{"taxonomy":"product_tag","embeddable":true,"href":"https:\/\/donaulife-new.ogrisdigital.at\/sv\/wp-json\/wp\/v2\/product_tag?post=57310"}],"curies":[{"name":"wp","href":"https:\/\/api.w.org\/{rel}","templated":true}]}}