{"id":57306,"date":"2024-07-04T14:38:39","date_gmt":"2024-07-04T14:38:39","guid":{"rendered":"https:\/\/donaulife-new.ogrisdigital.at\/elements-cones-ks-40-stycken\/"},"modified":"2024-07-04T14:38:39","modified_gmt":"2024-07-04T14:38:39","slug":"elements-cones-ks-40-stycken","status":"publish","type":"product","link":"https:\/\/donaulife-new.ogrisdigital.at\/sv\/elements-cones-ks-40-stycken\/","title":{"rendered":"ELEMENTS Cones KS | 40 Stycken"},"content":{"rendered":"<h2>Elements Kingsize Cones 40 Stycken<\/h2>\n<div><\/div>\n<div>Elements Rullpapper \u00e4r skapade i harmoni med naturen. De ursprungliga Elements \u00e4r gjorda av blekt papper och brinner n\u00e4stan helt utan rester. I f\u00f6rpackningen hittar du 40 stycken av de finaste och tunnaste konerna av rispapper.<\/div>\n<div>\n<p>\u00a0<\/p>\n<\/div>\n<div class=\"std\">[row ][col span=&#8221;1\/4&#8243; ]<br \/>\n<img decoding=\"async\" class=\"alignnone size-full wp-image-20681\" style=\"color: #333333; font-size: 14.4px;\" src=\"https:\/\/www.donaulife.com\/wp-content\/uploads\/2020\/03\/icon_home_col1.png\" alt=\"\" width=\"185\" height=\"130\" \/>Elements Rullpapper \u00e4r tillverkade av naturliga material. De brinner n\u00e4stan helt rent, f\u00f6rutom naturligt socker som vid f\u00f6rbr\u00e4nning omvandlas till kola. Resultatet? Det b\u00e4sta rullpappret som m\u00e4nniskan n\u00e5gonsin sk\u00e5dat.[\/col]<br \/>\n[col span=&#8221;1\/4&#8243; ]<br \/>\n<img decoding=\"async\" class=\"alignnone size-full wp-image-20683\" style=\"font-size: 14.4px;\" src=\"https:\/\/www.donaulife.com\/wp-content\/uploads\/2020\/03\/icon_home_col3.png\" alt=\"\" width=\"185\" height=\"130\" \/>Elements Rullpapper inneh\u00e5ller \u00e4ven elementet luft. Produktionen av dessa vackra papper sker i en liten region i Spanien vid namn Alcoy, i bergen norr om Alicante, Spanien. Alcoy \u00e4r k\u00e4nt som rullpapprets f\u00f6delseplats (ungef\u00e4r 1700-talet).[\/col]<br \/>\n[col span=&#8221;1\/4&#8243; ]<br \/>\n<img decoding=\"async\" class=\"alignnone size-full wp-image-20682\" src=\"https:\/\/www.donaulife.com\/wp-content\/uploads\/2020\/03\/icon_home_col2.png\" alt=\"\" width=\"185\" height=\"130\" \/>Varje ark \u00e4r tryckt med f\u00f6retagets egna vattenst\u00e4mpel som g\u00e5r kors och tv\u00e4rs. Denna vattenst\u00e4mpel g\u00f6r att pappret brinner j\u00e4mnt och smidigt. H\u00e5ller du upp ett ark Elements Rullpapper mot ljuset kommer du att se hur den vackra vattenst\u00e4mpeln pressas in i varje ark.<\/col]\n[col span=\"1\/4\" ]\n<img loading=\"lazy\" decoding=\"async\" class=\"alignnone size-full wp-image-20684\" src=\"https:\/\/www.donaulife.com\/wp-content\/uploads\/2020\/03\/icon_home_col4.png\" alt=\"\" width=\"185\" height=\"130\" \/>Elements Rullpapper \u00e4r designade f\u00f6r eld, och tyv\u00e4rr brinner de n\u00e4stan perfekt utan aska. Pappren \u00e4r konstruerade f\u00f6r att brinna otroligt rent och p\u00e5verkar inte smaken av din r\u00f6k.<\/col][\/row]<\/div>\n","protected":false},"excerpt":{"rendered":"<p>Elements Kingsize Cones 40 Stycken Elements Rullpapper \u00e4r skapade i harmoni med naturen. De ursprungliga Elements \u00e4r gjorda av blekt<\/p>\n","protected":false},"featured_media":43403,"comment_status":"open","ping_status":"closed","template":"","meta":{"_acf_changed":false},"product_cat":[],"product_tag":[],"acf":[],"_links":{"self":[{"href":"https:\/\/donaulife-new.ogrisdigital.at\/sv\/wp-json\/wp\/v2\/product\/57306"}],"collection":[{"href":"https:\/\/donaulife-new.ogrisdigital.at\/sv\/wp-json\/wp\/v2\/product"}],"about":[{"href":"https:\/\/donaulife-new.ogrisdigital.at\/sv\/wp-json\/wp\/v2\/types\/product"}],"replies":[{"embeddable":true,"href":"https:\/\/donaulife-new.ogrisdigital.at\/sv\/wp-json\/wp\/v2\/comments?post=57306"}],"wp:featuredmedia":[{"embeddable":true,"href":"https:\/\/donaulife-new.ogrisdigital.at\/sv\/wp-json\/wp\/v2\/media\/43403"}],"wp:attachment":[{"href":"https:\/\/donaulife-new.ogrisdigital.at\/sv\/wp-json\/wp\/v2\/media?parent=57306"}],"wp:term":[{"taxonomy":"product_cat","embeddable":true,"href":"https:\/\/donaulife-new.ogrisdigital.at\/sv\/wp-json\/wp\/v2\/product_cat?post=57306"},{"taxonomy":"product_tag","embeddable":true,"href":"https:\/\/donaulife-new.ogrisdigital.at\/sv\/wp-json\/wp\/v2\/product_tag?post=57306"}],"curies":[{"name":"wp","href":"https:\/\/api.w.org\/{rel}","templated":true}]}}