{"id":57302,"date":"2024-07-04T13:37:07","date_gmt":"2024-07-04T13:37:07","guid":{"rendered":"https:\/\/donaulife-new.ogrisdigital.at\/raw-organiska-hampa-1-1-4-papper-tips-50-ark\/"},"modified":"2024-07-04T13:37:07","modified_gmt":"2024-07-04T13:37:07","slug":"raw-organiska-hampa-1-1-4-papper-tips-50-ark","status":"publish","type":"product","link":"https:\/\/donaulife-new.ogrisdigital.at\/sv\/raw-organiska-hampa-1-1-4-papper-tips-50-ark\/","title":{"rendered":"RAW Organiska Hampa 1 1\/4 Papper   Tips | 50 Ark"},"content":{"rendered":"<h2>RAW 1 1\/4 Hampa Papper med 50 Ark   Tips<\/h2>\n<div>RAW Organisk Hampa 1 1\/4 \u00e4r f\u00f6r de av oss som gillar naturliga p\u00e5sar. Pappren \u00e4r 84mm l\u00e5nga och har en h\u00f6jd p\u00e5 45 mm. RAW Organisk Hampa \u00e4r helt perfekt f\u00f6r vackert j\u00e4mnt brinnande Jays.<\/div>\n<div><\/div>\n<div>50 Ark per f\u00f6rpackning<\/div>\n<div>50 Tips per f\u00f6rpackning<\/div>\n<h3>Om RAW:<\/h3>\n<p>RAW &#8211; Det naturliga s\u00e4ttet att rulla.<\/p>\n<p>Fr\u00e5n dag 1 har RAW uppdraget att ta ledarrollen inom pappersrulleindustrin. RAW har revolutionerat r\u00f6kningens v\u00e4rld genom att skapa produkter som \u00e4r naturligt designade f\u00f6r att f\u00f6rb\u00e4ttra r\u00f6kningsupplevelsen.<\/p>\n<p>RAW tillverkar endast h\u00f6gkvalitativa och milj\u00f6v\u00e4nliga produkter som f\u00f6rb\u00e4ttrar din r\u00f6kningsupplevelse, och vi kommer aldrig \u00e4ndra p\u00e5 vad vi st\u00e5r f\u00f6r. Vi njuter av att r\u00f6ka v\u00e5rt oraffinerade papper varje dag, och vi kommer alltid att h\u00e5lla det helt rent allts\u00e5 &#8220;RAW&#8221; &#8211; f\u00f6r dig och f\u00f6r oss!<\/p>\n","protected":false},"excerpt":{"rendered":"<p>RAW 1 1\/4 Hampa Papper med 50 Ark Tips RAW Organisk Hampa 1 1\/4 \u00e4r f\u00f6r de av oss som<\/p>\n","protected":false},"featured_media":43517,"comment_status":"open","ping_status":"closed","template":"","meta":{"_acf_changed":false},"product_cat":[],"product_tag":[],"acf":[],"_links":{"self":[{"href":"https:\/\/donaulife-new.ogrisdigital.at\/sv\/wp-json\/wp\/v2\/product\/57302"}],"collection":[{"href":"https:\/\/donaulife-new.ogrisdigital.at\/sv\/wp-json\/wp\/v2\/product"}],"about":[{"href":"https:\/\/donaulife-new.ogrisdigital.at\/sv\/wp-json\/wp\/v2\/types\/product"}],"replies":[{"embeddable":true,"href":"https:\/\/donaulife-new.ogrisdigital.at\/sv\/wp-json\/wp\/v2\/comments?post=57302"}],"wp:featuredmedia":[{"embeddable":true,"href":"https:\/\/donaulife-new.ogrisdigital.at\/sv\/wp-json\/wp\/v2\/media\/43517"}],"wp:attachment":[{"href":"https:\/\/donaulife-new.ogrisdigital.at\/sv\/wp-json\/wp\/v2\/media?parent=57302"}],"wp:term":[{"taxonomy":"product_cat","embeddable":true,"href":"https:\/\/donaulife-new.ogrisdigital.at\/sv\/wp-json\/wp\/v2\/product_cat?post=57302"},{"taxonomy":"product_tag","embeddable":true,"href":"https:\/\/donaulife-new.ogrisdigital.at\/sv\/wp-json\/wp\/v2\/product_tag?post=57302"}],"curies":[{"name":"wp","href":"https:\/\/api.w.org\/{rel}","templated":true}]}}