{"id":57296,"date":"2024-07-03T18:17:57","date_gmt":"2024-07-03T18:17:57","guid":{"rendered":"https:\/\/donaulife-new.ogrisdigital.at\/higher-standards-dot-wipes-1-stycke\/"},"modified":"2024-07-03T18:17:57","modified_gmt":"2024-07-03T18:17:57","slug":"higher-standards-dot-wipes-1-stycke","status":"publish","type":"product","link":"https:\/\/donaulife-new.ogrisdigital.at\/sv\/higher-standards-dot-wipes-1-stycke\/","title":{"rendered":"HIGHER STANDARDS Dot Wipes | 1 stycke"},"content":{"rendered":"<h2>Higher Standards Dot Wipes 1 stycke<\/h2>\n<p>En l\u00e5da med 30 enskilt f\u00f6rpackade Dot Wipes fr\u00e5n Higher Standards. Dessa 70% isopropylalkoholtorkar har tv\u00e5 olika sidor. Den prickiga sidan ger extra struktur f\u00f6r att ta bort kraftiga rester, medan den sl\u00e4ta sidan \u00e4r avsedd f\u00f6r att polera glas-, metall- och silikondelar av din vaporizer eller bong.<\/p>\n<p>https:\/\/www.youtube.com\/watch?v=rlpIgoQJqhQ<\/p>\n<h3>Om Higher Standards:<\/h3>\n<div>Higher Standards grundades f\u00f6r att ge riktiga konsumenter verktygen de beh\u00f6ver f\u00f6r den b\u00e4sta r\u00f6karupplevelsen, fr\u00e5n premiumv\u00e5rdsprodukter som tar fram det b\u00e4sta av ditt material, till h\u00f6gpresterande glas och eftertraktade begr\u00e4nsade upplagor.<\/div>\n<div><\/div>\n<div>V\u00e5r kollektion av handgjort High End-glas, premiumv\u00e5rds- och underh\u00e5llsprodukter och begr\u00e4nsade samarbeten har alla skapats med tanke p\u00e5 den sanna njutaren som placerar smaken i f\u00f6rsta rummet.<\/div>\n","protected":false},"excerpt":{"rendered":"<p>Higher Standards Dot Wipes 1 stycke En l\u00e5da med 30 enskilt f\u00f6rpackade Dot Wipes fr\u00e5n Higher Standards. Dessa 70% isopropylalkoholtorkar<\/p>\n","protected":false},"featured_media":29827,"comment_status":"open","ping_status":"closed","template":"","meta":{"_acf_changed":false},"product_cat":[],"product_tag":[],"acf":[],"_links":{"self":[{"href":"https:\/\/donaulife-new.ogrisdigital.at\/sv\/wp-json\/wp\/v2\/product\/57296"}],"collection":[{"href":"https:\/\/donaulife-new.ogrisdigital.at\/sv\/wp-json\/wp\/v2\/product"}],"about":[{"href":"https:\/\/donaulife-new.ogrisdigital.at\/sv\/wp-json\/wp\/v2\/types\/product"}],"replies":[{"embeddable":true,"href":"https:\/\/donaulife-new.ogrisdigital.at\/sv\/wp-json\/wp\/v2\/comments?post=57296"}],"wp:featuredmedia":[{"embeddable":true,"href":"https:\/\/donaulife-new.ogrisdigital.at\/sv\/wp-json\/wp\/v2\/media\/29827"}],"wp:attachment":[{"href":"https:\/\/donaulife-new.ogrisdigital.at\/sv\/wp-json\/wp\/v2\/media?parent=57296"}],"wp:term":[{"taxonomy":"product_cat","embeddable":true,"href":"https:\/\/donaulife-new.ogrisdigital.at\/sv\/wp-json\/wp\/v2\/product_cat?post=57296"},{"taxonomy":"product_tag","embeddable":true,"href":"https:\/\/donaulife-new.ogrisdigital.at\/sv\/wp-json\/wp\/v2\/product_tag?post=57296"}],"curies":[{"name":"wp","href":"https:\/\/api.w.org\/{rel}","templated":true}]}}