{"id":57292,"date":"2024-07-03T16:50:26","date_gmt":"2024-07-03T16:50:26","guid":{"rendered":"https:\/\/donaulife-new.ogrisdigital.at\/best-buds-glas-askkopp-oe-85-10-cm\/"},"modified":"2024-07-03T16:50:26","modified_gmt":"2024-07-03T16:50:26","slug":"best-buds-glas-askkopp-oe-85-10-cm","status":"publish","type":"product","link":"https:\/\/donaulife-new.ogrisdigital.at\/sv\/best-buds-glas-askkopp-oe-85-10-cm\/","title":{"rendered":"BEST BUDS Glas Askkopp | \u00d8 8,5\/10 cm"},"content":{"rendered":"<div>\n<h2>Best Buds Askkopp i Glas<\/h2>\n<p><strong>AK-47<\/strong><\/p>\n<p>Denna askkopp visar en arg &#8220;Bud&#8221; som b\u00e4r tv\u00e5 AK47-gev\u00e4r med ammunition. En gigantisk r\u00f6kande cigarr i munnen \u00e4r ett m\u00e5ste, och i bakgrunden ser du gravstenarna f\u00f6r sorterna Amnesia Haze och Jack Herer.<\/p>\n<p><img fetchpriority=\"high\" decoding=\"async\" class=\"alignnone size-medium wp-image-53704\" src=\"https:\/\/www.donaulife.com\/wp-content\/uploads\/2024\/01\/wholesale-best-buds-ak47-ashtray-300x300.jpg\" alt=\"\" width=\"300\" height=\"300\" \/><\/p>\n<p><strong>Pineapple Express<\/strong><\/p>\n<p>Denna ananas b\u00e4r rosa solglas\u00f6gon, rider en raket med namnet &#8216;PINEAPPLE EXPRESS&#8217;. En fet blunt i handen f\u00e5r inte saknas. Definitivt en blickf\u00e5ngare p\u00e5 bordet.<\/p>\n<p><img decoding=\"async\" class=\"alignnone size-medium wp-image-53705\" src=\"https:\/\/www.donaulife.com\/wp-content\/uploads\/2024\/01\/wholesale-best-buds-pineapple-express-ashtray-300x300.jpg\" alt=\"\" width=\"300\" height=\"300\" \/><\/p>\n<p><strong>Purple Haze<\/strong><\/p>\n<p>Best Buds Purple Haze Askkopp visar olika m\u00f6nster och designer av svampar och knoppar som chillar i dimmig bakgrund.<\/p>\n<p><img decoding=\"async\" class=\"alignnone size-medium wp-image-53703\" style=\"font-size: 14.4px;\" src=\"https:\/\/www.donaulife.com\/wp-content\/uploads\/2024\/01\/wholesale-best-buds-purple-haze-ashtray-300x300.jpg\" alt=\"\" width=\"300\" height=\"300\" \/><\/p>\n<p><strong>Pizza Bud<\/strong><\/p>\n<p>Har den lilla Bud f\u00e5tt cravings igen? F\u00f6rvirrad r\u00f6ker han sin joint och \u00e4ter pizza bredvid \ud83d\ude42<\/p>\n<p><img loading=\"lazy\" decoding=\"async\" class=\"alignnone size-medium wp-image-53706\" style=\"font-size: 14.4px;\" src=\"https:\/\/www.donaulife.com\/wp-content\/uploads\/2024\/01\/wholesale-best-buds-pizza-ashtray-300x300.jpg\" alt=\"\" width=\"300\" height=\"300\" \/><\/p>\n<\/div>\n<div>Diameter L: 100 mm<\/div>\n<div>Diameter S: 85 mm<\/div>\n<h3>Om Best Buds:<\/h3>\n<p>M\u00e4rket Best Buds kommer fr\u00e5n Nederl\u00e4nderna och riktar sig mot en ung och trendig m\u00e5lgrupp. Varum\u00e4rket har som m\u00e5l att erbjuda coola designer till ett \u00f6verkomligt pris. Sortimentet str\u00e4cker sig fr\u00e5n rullbrickor till grinder och f\u00f6rvarings- eller f\u00f6rstoringglas.<\/p>\n","protected":false},"excerpt":{"rendered":"<p>Best Buds Askkopp i Glas AK-47 Denna askkopp visar en arg &#8220;Bud&#8221; som b\u00e4r tv\u00e5 AK47-gev\u00e4r med ammunition. En gigantisk<\/p>\n","protected":false},"featured_media":44025,"comment_status":"open","ping_status":"closed","template":"","meta":{"_acf_changed":false},"product_cat":[],"product_tag":[],"acf":[],"_links":{"self":[{"href":"https:\/\/donaulife-new.ogrisdigital.at\/sv\/wp-json\/wp\/v2\/product\/57292"}],"collection":[{"href":"https:\/\/donaulife-new.ogrisdigital.at\/sv\/wp-json\/wp\/v2\/product"}],"about":[{"href":"https:\/\/donaulife-new.ogrisdigital.at\/sv\/wp-json\/wp\/v2\/types\/product"}],"replies":[{"embeddable":true,"href":"https:\/\/donaulife-new.ogrisdigital.at\/sv\/wp-json\/wp\/v2\/comments?post=57292"}],"wp:featuredmedia":[{"embeddable":true,"href":"https:\/\/donaulife-new.ogrisdigital.at\/sv\/wp-json\/wp\/v2\/media\/44025"}],"wp:attachment":[{"href":"https:\/\/donaulife-new.ogrisdigital.at\/sv\/wp-json\/wp\/v2\/media?parent=57292"}],"wp:term":[{"taxonomy":"product_cat","embeddable":true,"href":"https:\/\/donaulife-new.ogrisdigital.at\/sv\/wp-json\/wp\/v2\/product_cat?post=57292"},{"taxonomy":"product_tag","embeddable":true,"href":"https:\/\/donaulife-new.ogrisdigital.at\/sv\/wp-json\/wp\/v2\/product_tag?post=57292"}],"curies":[{"name":"wp","href":"https:\/\/api.w.org\/{rel}","templated":true}]}}