{"id":57196,"date":"2024-07-02T14:08:57","date_gmt":"2024-07-02T14:08:57","guid":{"rendered":"https:\/\/donaulife-new.ogrisdigital.at\/raw-black-classic-ks-papper-33-ark\/"},"modified":"2024-07-02T14:08:57","modified_gmt":"2024-07-02T14:08:57","slug":"raw-black-classic-ks-papper-33-ark","status":"publish","type":"product","link":"https:\/\/donaulife-new.ogrisdigital.at\/sv\/raw-black-classic-ks-papper-33-ark\/","title":{"rendered":"RAW Black Classic KS-papper | 33 ark"},"content":{"rendered":"<h2>RAW Classic Black papper extra tunn<\/h2>\n<p>&#8216;RAW&#8217; Naturliga papper i Kingsize-format tillverkade av renaste naturfibrer med naturlig gummilimning.<\/p>\n<p>J\u00e4mn och l\u00e5ngsam, n\u00e4stan r\u00f6kfri f\u00f6rbr\u00e4nning.<br \/>\nBlack Edition \u00e4r det tunnaste obehandlade pappret som RAW n\u00e5gonsin har tillverkat och ger d\u00e4rmed en oslagbar njutning!<\/p>\n<h3>Om RAW:<\/h3>\n<p>RAW \u2013 Det naturliga s\u00e4ttet att rulla.<\/p>\n<p>Fr\u00e5n dag ett har RAW haft uppdraget att ta ledningen inom pappersrulleindustrin. RAW har revolutionerat r\u00f6kv\u00e4rlden genom att skapa produkter som \u00e4r genialt designade f\u00f6r att f\u00f6rb\u00e4ttra r\u00f6kningsupplevelsen.<\/p>\n<p>RAW tillverkar endast h\u00f6gkvalitativa och milj\u00f6v\u00e4nliga produkter som f\u00f6rb\u00e4ttrar din r\u00f6kningsupplevelse, och vi kommer aldrig att \u00e4ndra p\u00e5 vad vi st\u00e5r f\u00f6r. Vi \u00e4lskar att r\u00f6ka v\u00e5rt of\u00f6rfinade papper varje dag, och f\u00f6rblir alltid helt ren \u2013 &#8216;RAW&#8217; \u2013 f\u00f6r dig och oss!<\/p>\n<p>\u00a0<\/p>\n","protected":false},"excerpt":{"rendered":"<p>RAW Classic Black papper extra tunn &#8216;RAW&#8217; Naturliga papper i Kingsize-format tillverkade av renaste naturfibrer med naturlig gummilimning. J\u00e4mn och<\/p>\n","protected":false},"featured_media":0,"comment_status":"open","ping_status":"closed","template":"","meta":{"_acf_changed":false},"product_cat":[],"product_tag":[],"acf":[],"_links":{"self":[{"href":"https:\/\/donaulife-new.ogrisdigital.at\/sv\/wp-json\/wp\/v2\/product\/57196"}],"collection":[{"href":"https:\/\/donaulife-new.ogrisdigital.at\/sv\/wp-json\/wp\/v2\/product"}],"about":[{"href":"https:\/\/donaulife-new.ogrisdigital.at\/sv\/wp-json\/wp\/v2\/types\/product"}],"replies":[{"embeddable":true,"href":"https:\/\/donaulife-new.ogrisdigital.at\/sv\/wp-json\/wp\/v2\/comments?post=57196"}],"wp:attachment":[{"href":"https:\/\/donaulife-new.ogrisdigital.at\/sv\/wp-json\/wp\/v2\/media?parent=57196"}],"wp:term":[{"taxonomy":"product_cat","embeddable":true,"href":"https:\/\/donaulife-new.ogrisdigital.at\/sv\/wp-json\/wp\/v2\/product_cat?post=57196"},{"taxonomy":"product_tag","embeddable":true,"href":"https:\/\/donaulife-new.ogrisdigital.at\/sv\/wp-json\/wp\/v2\/product_tag?post=57196"}],"curies":[{"name":"wp","href":"https:\/\/api.w.org\/{rel}","templated":true}]}}