{"id":55240,"date":"2023-12-12T13:02:42","date_gmt":"2023-12-12T13:02:42","guid":{"rendered":"https:\/\/donaulife-new.ogrisdigital.at\/produkt\/fire-flow-metall-aschenbecher-weed-leaves\/"},"modified":"2024-07-01T01:13:54","modified_gmt":"2024-07-01T01:13:54","slug":"fire-flow-metall-aschenbecher-weed-leaves","status":"publish","type":"product","link":"https:\/\/donaulife-new.ogrisdigital.at\/sv\/fire-flow-metall-aschenbecher-weed-leaves\/","title":{"rendered":"FIRE FLOW Metall Aschenbecher | Weed Leaves"},"content":{"rendered":"<h2>Fire Flow Metall Aschenbecher Metallic<\/h2>\n<p>Stilvolle und praktische Accessoires mit abgefahrenen Motiven.<\/p>\n<p>Die Aschenbecher sch\u00fctzen vor Asche- und Brandflecken sowie herumfliegenden Asche-partikeln und eignen sich hervorragend, um den Jay oder die Selbstgedrehte sicher abzuparken.<\/p>\n<p>Die Aschenbecher bringen dein Rauchererlebnis auf eine neue Ebene.\u00a0 Hergestellt aus hochwertigem 0,35mm d\u00fcnnen Metall, vereinen unsere Aschenbecher Langlebigkeit und elegantes Design.<\/p>\n<p>Die FIRE-FLOW\u2122 Ashtrays sind in zwei Ausf\u00fchrungen erh\u00e4ltlich. Einem edlen matten Look und einem hochwertigen Metallic Look mit beeindruckenden All-Over-Prints.<\/p>\n<p>Egal, ob f\u00fcr dich oder zum Verschenken &#8211; die Auswahl an Designs ist vielf\u00e4ltig.<\/p>\n<p>Viele der Designs wurden von den talentierten CLIPPER Feuerzeug Grafik K\u00fcnstlern entworfen.<\/p>\n<p>Die FIRE-FLOW\u2122 Aschenbecher sind nicht nur \u00e4sthetisch ansprechend, sondern auch \u00e4u\u00dferst funktional. Das d\u00fcnne 0,35mm Metall sorgt f\u00fcr ein leichtes Gewicht und eine einfache Handhabung, w\u00e4hrend die glatte Oberfl\u00e4che ein m\u00fcheloses Reinigen gew\u00e4hrleistet.<\/p>\n<p>Ma\u00dfe: \u00d8 13,5 cm<\/p>\n<h3>\u00dcber Fire Flow:<\/h3>\n<p>Wir von FIRE-FLOW lieben CLIPPER\u00ae Feuerzeuge.<br \/>\nWir designen, bedrucken und verbreiten sie.<br \/>\nUnser junges Team aus Marketing Geeks, Print-Profis und Grafik-Designern<br \/>\nist seit 2004 auf Veredelung und Vertrieb der Kultfeuerzeuge aus Barcelona spezialisiert.<br \/>\nUnser Headquarter befindet sich in Berlin.<\/p>\n","protected":false},"excerpt":{"rendered":"<p>Fire Flow Metall Aschenbecher Metallic Stilvolle und praktische Accessoires mit abgefahrenen Motiven. Die Aschenbecher sch\u00fctzen vor Asche- und Brandflecken sowie<\/p>\n","protected":false},"featured_media":42964,"comment_status":"open","ping_status":"open","template":"","meta":{"_acf_changed":false},"product_cat":[2744,2451],"product_tag":[],"acf":[],"_links":{"self":[{"href":"https:\/\/donaulife-new.ogrisdigital.at\/sv\/wp-json\/wp\/v2\/product\/55240"}],"collection":[{"href":"https:\/\/donaulife-new.ogrisdigital.at\/sv\/wp-json\/wp\/v2\/product"}],"about":[{"href":"https:\/\/donaulife-new.ogrisdigital.at\/sv\/wp-json\/wp\/v2\/types\/product"}],"replies":[{"embeddable":true,"href":"https:\/\/donaulife-new.ogrisdigital.at\/sv\/wp-json\/wp\/v2\/comments?post=55240"}],"wp:featuredmedia":[{"embeddable":true,"href":"https:\/\/donaulife-new.ogrisdigital.at\/sv\/wp-json\/wp\/v2\/media\/42964"}],"wp:attachment":[{"href":"https:\/\/donaulife-new.ogrisdigital.at\/sv\/wp-json\/wp\/v2\/media?parent=55240"}],"wp:term":[{"taxonomy":"product_cat","embeddable":true,"href":"https:\/\/donaulife-new.ogrisdigital.at\/sv\/wp-json\/wp\/v2\/product_cat?post=55240"},{"taxonomy":"product_tag","embeddable":true,"href":"https:\/\/donaulife-new.ogrisdigital.at\/sv\/wp-json\/wp\/v2\/product_tag?post=55240"}],"curies":[{"name":"wp","href":"https:\/\/api.w.org\/{rel}","templated":true}]}}