{"id":55159,"date":"2023-10-30T10:57:08","date_gmt":"2023-10-30T10:57:08","guid":{"rendered":"https:\/\/donaulife-new.ogrisdigital.at\/produkt\/pure-glass-eisbong-zero-t-pink-38-cm\/"},"modified":"2025-01-15T07:06:15","modified_gmt":"2025-01-15T07:06:15","slug":"pure-glass-eisbong-zero-t-pink-38-cm","status":"publish","type":"product","link":"https:\/\/donaulife-new.ogrisdigital.at\/sv\/pure-glass-eisbong-zero-t-pink-38-cm\/","title":{"rendered":"PURE GLASS Eisbong &#8216;Zero T&#8217; | 38 cm"},"content":{"rendered":"<h2>Pure Glass Zero T mit K\u00fchlfl\u00fcssigkeit<\/h2>\n<p>Die Pure Glass Zero T Bong ist eine hochwertige, handgefertigte Bong aus Borosilikatglas. Mit einer H\u00f6he von 38 cm verf\u00fcgt sie \u00fcber einen geschlitzten Diffusor, 8-armigen Baum-Perkolator der mit Glyzerin gef\u00fcllten ist. Dieser Perkolator filtert den Rauch und der mit Glyzerin gef\u00fcllte Mittelteil fungiert als extreme K\u00fchlkammer.<\/p>\n<p>Die Bong wird mit einem 18,8-mm auf 14,5-mm-Diffusor Chillum geliefert. Die Bong ist mit einem Spritzschutz und einem stabilen Fu\u00df ausgestattet. Die Pure Glass Zero T Bong ist ein beeindruckendes Ger\u00e4t mit herausragender K\u00fchlleistung, das zu einem unschlagbaren Preis erh\u00e4ltlich ist.<\/p>\n<p>Ein 14,5 mm Bong Kopf wird ebenso mitgeliefert.<\/p>\n","protected":false},"excerpt":{"rendered":"<p>Pure Glass Zero T mit K\u00fchlfl\u00fcssigkeit Die Pure Glass Zero T Bong ist eine hochwertige, handgefertigte Bong aus Borosilikatglas. Mit<\/p>\n","protected":false},"featured_media":42411,"comment_status":"open","ping_status":"open","template":"","meta":{"_acf_changed":false},"product_cat":[2514,2459,2523,2577,2506,2463,2520,3746],"product_tag":[],"acf":[],"_links":{"self":[{"href":"https:\/\/donaulife-new.ogrisdigital.at\/sv\/wp-json\/wp\/v2\/product\/55159"}],"collection":[{"href":"https:\/\/donaulife-new.ogrisdigital.at\/sv\/wp-json\/wp\/v2\/product"}],"about":[{"href":"https:\/\/donaulife-new.ogrisdigital.at\/sv\/wp-json\/wp\/v2\/types\/product"}],"replies":[{"embeddable":true,"href":"https:\/\/donaulife-new.ogrisdigital.at\/sv\/wp-json\/wp\/v2\/comments?post=55159"}],"wp:featuredmedia":[{"embeddable":true,"href":"https:\/\/donaulife-new.ogrisdigital.at\/sv\/wp-json\/wp\/v2\/media\/42411"}],"wp:attachment":[{"href":"https:\/\/donaulife-new.ogrisdigital.at\/sv\/wp-json\/wp\/v2\/media?parent=55159"}],"wp:term":[{"taxonomy":"product_cat","embeddable":true,"href":"https:\/\/donaulife-new.ogrisdigital.at\/sv\/wp-json\/wp\/v2\/product_cat?post=55159"},{"taxonomy":"product_tag","embeddable":true,"href":"https:\/\/donaulife-new.ogrisdigital.at\/sv\/wp-json\/wp\/v2\/product_tag?post=55159"}],"curies":[{"name":"wp","href":"https:\/\/api.w.org\/{rel}","templated":true}]}}