{"id":55140,"date":"2023-10-25T09:14:54","date_gmt":"2023-10-25T09:14:54","guid":{"rendered":"https:\/\/donaulife-new.ogrisdigital.at\/produkt\/groove-cara-dab-pen\/"},"modified":"2025-01-15T07:06:22","modified_gmt":"2025-01-15T07:06:22","slug":"groove-cara-dab-pen","status":"publish","type":"product","link":"https:\/\/donaulife-new.ogrisdigital.at\/sv\/groove-cara-dab-pen\/","title":{"rendered":"GROOVE Cara+ Dab Pen"},"content":{"rendered":"<h2>Groove Cara+<\/h2>\n<div>\n<p>Der Groove CARA Plus ist ein kleiner, schlanker und solider Verdampfer, der ein sanftes und effektives Dampferlebnis liefert. Der Groove CARA Plus Verdampfer ist der neue Begleiter f\u00fcr Fans von Konzentraten die nach einem hochwertigen Ger\u00e4t suchen das ein konstant perfektes Dampferlebnis liefert.<\/p>\n<p>Der CARA+ ist gr\u00f6\u00dfer als sein Vorg\u00e4nger und verf\u00fcgt \u00fcber einen Quarzbeh\u00e4lter und eine 10-Sekunden-Vorheizfunktion.<\/p>\n<p><strong>Verwendung des CARA+:<\/strong><\/p>\n<ul>\n<li>Schalten Sie das Ger\u00e4t ein\/aus, indem Sie 5 Mal auf die Taste klicken<\/li>\n<li>Wechseln Sie zwischen den 3 Temperatureinstellungen durch 3-maliges Dr\u00fccken der Taste<\/li>\n<li>Nehmen Sie das Mundst\u00fcck ab und geben Sie Ihr Material in das Quarzheizelement (mit oder ohne ein paar Quarzkugeln). Setzen Sie das Mundst\u00fcck wieder auf. Dr\u00fccken und halten Sie den Knopf und genie\u00dfen Sie Ihr Vaping. Wiederholen Sie den Vorgang wie gew\u00fcnscht.<\/li>\n<\/ul>\n<h3>Eigenschaften:<\/h3>\n<ul>\n<li>Konzentrat-kompatibel<\/li>\n<li>Batterie mit variabler Spannung<\/li>\n<li>1700mAh Akkukapazit\u00e4t<\/li>\n<li>USB-C Ladetechnologie (2,5 Stunden f\u00fcr eine volle Ladung)<\/li>\n<li>Quarzkammer<\/li>\n<li>Abgeschr\u00e4gtes Mundst\u00fcck<\/li>\n<li>Wellenf\u00f6rmiges Aufheizen<\/li>\n<li>10-Sekunden-Vorheizfunktion<\/li>\n<\/ul>\n<h3>Was ist in der Box:<\/h3>\n<p>1x Groove CARA+<br \/>\n1x Silikon-Mundst\u00fcck<br \/>\n2x Pick-Tools<br \/>\n2x Dichtungsringe<br \/>\n12x Quarzkugeln<br \/>\n1x Typ-C-Ladekabel<br \/>\n1x Aufh\u00e4ngering<br \/>\n1x Umh\u00e4ngeband<br \/>\n1x Gebrauchsanweisung<\/p>\n<p><img fetchpriority=\"high\" decoding=\"async\" class=\"alignnone size-medium wp-image-51178\" src=\"https:\/\/www.donaulife.com\/wp-content\/uploads\/2023\/10\/Groove-Cara_-04__74639-1-300x300.png\" alt=\"\" width=\"300\" height=\"300\" \/><\/p>\n<\/div>\n<h3>\u00dcber Groove:<\/h3>\n<p>Hochwertige Glasprodukte, die einfach, funktionell und zuverl\u00e4ssig sind. Die Groove Glass Line besteht aus hochwertigen Materialien mit einem klaren und klassischen Look. Klares Glas mit schwarzen Akzenten macht diese Produkte zeitlos und auf lange Sicht stilvoll.<\/p>\n","protected":false},"excerpt":{"rendered":"<p>Groove Cara+ Der Groove CARA Plus ist ein kleiner, schlanker und solider Verdampfer, der ein sanftes und effektives Dampferlebnis liefert.<\/p>\n","protected":false},"featured_media":42252,"comment_status":"open","ping_status":"closed","template":"","meta":{"_acf_changed":false},"product_cat":[3185,2549,2625,2623],"product_tag":[3659],"acf":[],"_links":{"self":[{"href":"https:\/\/donaulife-new.ogrisdigital.at\/sv\/wp-json\/wp\/v2\/product\/55140"}],"collection":[{"href":"https:\/\/donaulife-new.ogrisdigital.at\/sv\/wp-json\/wp\/v2\/product"}],"about":[{"href":"https:\/\/donaulife-new.ogrisdigital.at\/sv\/wp-json\/wp\/v2\/types\/product"}],"replies":[{"embeddable":true,"href":"https:\/\/donaulife-new.ogrisdigital.at\/sv\/wp-json\/wp\/v2\/comments?post=55140"}],"wp:featuredmedia":[{"embeddable":true,"href":"https:\/\/donaulife-new.ogrisdigital.at\/sv\/wp-json\/wp\/v2\/media\/42252"}],"wp:attachment":[{"href":"https:\/\/donaulife-new.ogrisdigital.at\/sv\/wp-json\/wp\/v2\/media?parent=55140"}],"wp:term":[{"taxonomy":"product_cat","embeddable":true,"href":"https:\/\/donaulife-new.ogrisdigital.at\/sv\/wp-json\/wp\/v2\/product_cat?post=55140"},{"taxonomy":"product_tag","embeddable":true,"href":"https:\/\/donaulife-new.ogrisdigital.at\/sv\/wp-json\/wp\/v2\/product_tag?post=55140"}],"curies":[{"name":"wp","href":"https:\/\/api.w.org\/{rel}","templated":true}]}}