{"id":55119,"date":"2023-10-16T15:12:25","date_gmt":"2023-10-16T15:12:25","guid":{"rendered":"https:\/\/donaulife-new.ogrisdigital.at\/produkt\/plexiglas-dose-mit-silikoneinsatz-weiss\/"},"modified":"2024-07-01T01:12:36","modified_gmt":"2024-07-01T01:12:36","slug":"plexiglas-dose-mit-silikoneinsatz-weiss","status":"publish","type":"product","link":"https:\/\/donaulife-new.ogrisdigital.at\/sv\/plexiglas-dose-mit-silikoneinsatz-weiss\/","title":{"rendered":"Plexiglas Dose mit Silikoneinsatz | wei\u00df"},"content":{"rendered":"<p>Die kompakte Plexiglasdose mit herausnehmbarem Silikoneinsatz ist die ideale L\u00f6sung f\u00fcr die Aufbewahrung von Extrakten oder anderen klebrigen Konzentraten. Die durchsichtige Plexiglas-Konstruktion erm\u00f6glicht einen klaren Blick auf den Inhalt, w\u00e4hrend der herausnehmbare Silikoneinsatz eine saubere und einfache Handhabung gew\u00e4hrleistet.<\/p>\n<p>Dank ihrer handlichen Gr\u00f6\u00dfe ist die Dose leicht transportierbar und passt problemlos in jede Tasche. Der Silikoneinsatz erm\u00f6glicht eine m\u00fchelose Entnahme des Konzentrats, ohne dass R\u00fcckst\u00e4nde kleben bleiben. Dies gew\u00e4hrleistet nicht nur eine effiziente Nutzung, sondern auch eine einfache Reinigung f\u00fcr den n\u00e4chsten Gebrauch.<\/p>\n","protected":false},"excerpt":{"rendered":"<p>Die kompakte Plexiglasdose mit herausnehmbarem Silikoneinsatz ist die ideale L\u00f6sung f\u00fcr die Aufbewahrung von Extrakten oder anderen klebrigen Konzentraten. Die<\/p>\n","protected":false},"featured_media":42176,"comment_status":"open","ping_status":"closed","template":"","meta":{"_acf_changed":false},"product_cat":[2607,2549,2451,2608],"product_tag":[],"acf":[],"_links":{"self":[{"href":"https:\/\/donaulife-new.ogrisdigital.at\/sv\/wp-json\/wp\/v2\/product\/55119"}],"collection":[{"href":"https:\/\/donaulife-new.ogrisdigital.at\/sv\/wp-json\/wp\/v2\/product"}],"about":[{"href":"https:\/\/donaulife-new.ogrisdigital.at\/sv\/wp-json\/wp\/v2\/types\/product"}],"replies":[{"embeddable":true,"href":"https:\/\/donaulife-new.ogrisdigital.at\/sv\/wp-json\/wp\/v2\/comments?post=55119"}],"wp:featuredmedia":[{"embeddable":true,"href":"https:\/\/donaulife-new.ogrisdigital.at\/sv\/wp-json\/wp\/v2\/media\/42176"}],"wp:attachment":[{"href":"https:\/\/donaulife-new.ogrisdigital.at\/sv\/wp-json\/wp\/v2\/media?parent=55119"}],"wp:term":[{"taxonomy":"product_cat","embeddable":true,"href":"https:\/\/donaulife-new.ogrisdigital.at\/sv\/wp-json\/wp\/v2\/product_cat?post=55119"},{"taxonomy":"product_tag","embeddable":true,"href":"https:\/\/donaulife-new.ogrisdigital.at\/sv\/wp-json\/wp\/v2\/product_tag?post=55119"}],"curies":[{"name":"wp","href":"https:\/\/api.w.org\/{rel}","templated":true}]}}