{"id":55046,"date":"2023-09-19T09:45:46","date_gmt":"2023-09-19T09:45:46","guid":{"rendered":"https:\/\/donaulife-new.ogrisdigital.at\/produkt\/paradice-chillum-188145-mm\/"},"modified":"2025-01-15T07:06:29","modified_gmt":"2025-01-15T07:06:29","slug":"paradice-chillum-188145-mm","status":"publish","type":"product","link":"https:\/\/donaulife-new.ogrisdigital.at\/sv\/paradice-chillum-188145-mm\/","title":{"rendered":"PARADICE Chillum | 18,8>14,5 mm"},"content":{"rendered":"<h2>PARADICE Chillum 18,8&gt;14,5 mm Schliff<\/h2>\n<p>Das hochwertiges Ersatz-Chillum mit 18,8 mm auf 14,5 mm Schliff ist das perfekt passende Ersatzteil f\u00fcr deine Premium Paradice Bong. Hergestellt aus langlebigem Borosilikatglas, bietet dieses Chillum eine erstklassige Raucherfahrung. Mit pr\u00e4ziser Passform und ausgezeichneter Haltbarkeit ist es die ideale Erg\u00e4nzung f\u00fcr deine Paradice Bong, um das Raucherlebnis auf das n\u00e4chste Level zu heben.<\/p>\n","protected":false},"excerpt":{"rendered":"<p>PARADICE Chillum 18,8&gt;14,5 mm Schliff Das hochwertiges Ersatz-Chillum mit 18,8 mm auf 14,5 mm Schliff ist das perfekt passende Ersatzteil<\/p>\n","protected":false},"featured_media":41780,"comment_status":"open","ping_status":"open","template":"","meta":{"_acf_changed":false},"product_cat":[2599,2459,2530,2463,3070,2460],"product_tag":[],"acf":[],"_links":{"self":[{"href":"https:\/\/donaulife-new.ogrisdigital.at\/sv\/wp-json\/wp\/v2\/product\/55046"}],"collection":[{"href":"https:\/\/donaulife-new.ogrisdigital.at\/sv\/wp-json\/wp\/v2\/product"}],"about":[{"href":"https:\/\/donaulife-new.ogrisdigital.at\/sv\/wp-json\/wp\/v2\/types\/product"}],"replies":[{"embeddable":true,"href":"https:\/\/donaulife-new.ogrisdigital.at\/sv\/wp-json\/wp\/v2\/comments?post=55046"}],"wp:featuredmedia":[{"embeddable":true,"href":"https:\/\/donaulife-new.ogrisdigital.at\/sv\/wp-json\/wp\/v2\/media\/41780"}],"wp:attachment":[{"href":"https:\/\/donaulife-new.ogrisdigital.at\/sv\/wp-json\/wp\/v2\/media?parent=55046"}],"wp:term":[{"taxonomy":"product_cat","embeddable":true,"href":"https:\/\/donaulife-new.ogrisdigital.at\/sv\/wp-json\/wp\/v2\/product_cat?post=55046"},{"taxonomy":"product_tag","embeddable":true,"href":"https:\/\/donaulife-new.ogrisdigital.at\/sv\/wp-json\/wp\/v2\/product_tag?post=55046"}],"curies":[{"name":"wp","href":"https:\/\/api.w.org\/{rel}","templated":true}]}}