{"id":55031,"date":"2023-09-18T14:16:33","date_gmt":"2023-09-18T14:16:33","guid":{"rendered":"https:\/\/donaulife-new.ogrisdigital.at\/produkt\/black-leaf-glaspfeife-bernstein-9-cm\/"},"modified":"2025-01-15T07:06:34","modified_gmt":"2025-01-15T07:06:34","slug":"black-leaf-glaspfeife-bernstein-9-cm","status":"publish","type":"product","link":"https:\/\/donaulife-new.ogrisdigital.at\/sv\/black-leaf-glaspfeife-bernstein-9-cm\/","title":{"rendered":"BLACK LEAF Glaspfeife bernstein | 9 cm"},"content":{"rendered":"<h2>Black Leaf Glaspfeife<\/h2>\n<p>Diese Handpfeife aus hochwertigem Glas bietet ein au\u00dfergew\u00f6hnliches Raucherlebnis f\u00fcr reines Vergn\u00fcgen oder das Genie\u00dfen von Kr\u00e4utermischungen. Hergestellt aus robustem Glas in einem warmen Bernstein-Farbton, zeichnet sie sich durch eine L\u00e4nge von 90 mm aus.<\/p>\n<p>Diese Pfeife wurde mit einem Kickloch entwickelt, um die Kontrolle \u00fcber den Rauch und das Aroma zu optimieren. Das Glasmaterial gew\u00e4hrleistet die Reinheit des Geschmacks, ohne jeglichen Beigeschmack. Sie ist leicht zu handhaben und einfach zu reinigen, wodurch sie sowohl f\u00fcr erfahrene Raucher als auch f\u00fcr Neueinsteiger geeignet ist.<\/p>\n","protected":false},"excerpt":{"rendered":"<p>Black Leaf Glaspfeife Diese Handpfeife aus hochwertigem Glas bietet ein au\u00dfergew\u00f6hnliches Raucherlebnis f\u00fcr reines Vergn\u00fcgen oder das Genie\u00dfen von Kr\u00e4utermischungen.<\/p>\n","protected":false},"featured_media":41685,"comment_status":"open","ping_status":"open","template":"","meta":{"_acf_changed":false},"product_cat":[2502,2451,2501],"product_tag":[2521],"acf":[],"_links":{"self":[{"href":"https:\/\/donaulife-new.ogrisdigital.at\/sv\/wp-json\/wp\/v2\/product\/55031"}],"collection":[{"href":"https:\/\/donaulife-new.ogrisdigital.at\/sv\/wp-json\/wp\/v2\/product"}],"about":[{"href":"https:\/\/donaulife-new.ogrisdigital.at\/sv\/wp-json\/wp\/v2\/types\/product"}],"replies":[{"embeddable":true,"href":"https:\/\/donaulife-new.ogrisdigital.at\/sv\/wp-json\/wp\/v2\/comments?post=55031"}],"wp:featuredmedia":[{"embeddable":true,"href":"https:\/\/donaulife-new.ogrisdigital.at\/sv\/wp-json\/wp\/v2\/media\/41685"}],"wp:attachment":[{"href":"https:\/\/donaulife-new.ogrisdigital.at\/sv\/wp-json\/wp\/v2\/media?parent=55031"}],"wp:term":[{"taxonomy":"product_cat","embeddable":true,"href":"https:\/\/donaulife-new.ogrisdigital.at\/sv\/wp-json\/wp\/v2\/product_cat?post=55031"},{"taxonomy":"product_tag","embeddable":true,"href":"https:\/\/donaulife-new.ogrisdigital.at\/sv\/wp-json\/wp\/v2\/product_tag?post=55031"}],"curies":[{"name":"wp","href":"https:\/\/api.w.org\/{rel}","templated":true}]}}