{"id":55026,"date":"2023-09-18T09:23:49","date_gmt":"2023-09-18T09:23:49","guid":{"rendered":"https:\/\/donaulife-new.ogrisdigital.at\/produkt\/silikon-dabmatte-rot-40-x-60-cm\/"},"modified":"2024-07-01T01:11:36","modified_gmt":"2024-07-01T01:11:36","slug":"silikon-dabmatte-rot-40-x-60-cm","status":"publish","type":"product","link":"https:\/\/donaulife-new.ogrisdigital.at\/sv\/silikon-dabmatte-rot-40-x-60-cm\/","title":{"rendered":"Silikon Dabmatte rot | 40 x 60 cm"},"content":{"rendered":"<p>Diese Dabmatte eignet sich perfekt f\u00fcr deine Dab-Session. Auf ihr k\u00f6nnen die Extrakte zwischengelagert werden ohne dass auch nur ein Rest darauf h\u00e4ngen bleibt. Mit einer Gr\u00f6\u00dfe von 40&#215;60 cm z\u00e4hlt sie zu den kleinen Matten.<\/p>\n","protected":false},"excerpt":{"rendered":"<p>Diese Dabmatte eignet sich perfekt f\u00fcr deine Dab-Session. Auf ihr k\u00f6nnen die Extrakte zwischengelagert werden ohne dass auch nur ein<\/p>\n","protected":false},"featured_media":41644,"comment_status":"open","ping_status":"open","template":"","meta":{"_acf_changed":false},"product_cat":[2609,2549],"product_tag":[],"acf":[],"_links":{"self":[{"href":"https:\/\/donaulife-new.ogrisdigital.at\/sv\/wp-json\/wp\/v2\/product\/55026"}],"collection":[{"href":"https:\/\/donaulife-new.ogrisdigital.at\/sv\/wp-json\/wp\/v2\/product"}],"about":[{"href":"https:\/\/donaulife-new.ogrisdigital.at\/sv\/wp-json\/wp\/v2\/types\/product"}],"replies":[{"embeddable":true,"href":"https:\/\/donaulife-new.ogrisdigital.at\/sv\/wp-json\/wp\/v2\/comments?post=55026"}],"wp:featuredmedia":[{"embeddable":true,"href":"https:\/\/donaulife-new.ogrisdigital.at\/sv\/wp-json\/wp\/v2\/media\/41644"}],"wp:attachment":[{"href":"https:\/\/donaulife-new.ogrisdigital.at\/sv\/wp-json\/wp\/v2\/media?parent=55026"}],"wp:term":[{"taxonomy":"product_cat","embeddable":true,"href":"https:\/\/donaulife-new.ogrisdigital.at\/sv\/wp-json\/wp\/v2\/product_cat?post=55026"},{"taxonomy":"product_tag","embeddable":true,"href":"https:\/\/donaulife-new.ogrisdigital.at\/sv\/wp-json\/wp\/v2\/product_tag?post=55026"}],"curies":[{"name":"wp","href":"https:\/\/api.w.org\/{rel}","templated":true}]}}