{"id":55021,"date":"2023-09-14T14:32:49","date_gmt":"2023-09-14T14:32:49","guid":{"rendered":"https:\/\/donaulife-new.ogrisdigital.at\/produkt\/budkups-fuer-pax-plus-pax-3-dosierkapsel-humidor\/"},"modified":"2024-07-01T01:11:31","modified_gmt":"2024-07-01T01:11:31","slug":"budkups-fuer-pax-plus-pax-3-dosierkapsel-humidor","status":"publish","type":"product","link":"https:\/\/donaulife-new.ogrisdigital.at\/sv\/budkups-fuer-pax-plus-pax-3-dosierkapsel-humidor\/","title":{"rendered":"BUDKUPS f\u00fcr Pax Plus \/ Pax 3 | Dosierkapsel + Humidor"},"content":{"rendered":"<h2 class=\"h-large\"><strong>Budkaps Dosierkapseln f\u00fcr Pax Vaporizer<\/strong><\/h2>\n<p>Halten Sie immer eine frische Dosis bereit. Entwickelt f\u00fcr die Lagerung oder den Transport Ihrer mit Bl\u00fcten gef\u00fcllten BudKups bei optimaler Luftfeuchtigkeit. Kompatibel mit PAX2\/3\/Plus.<\/p>\n<p>Enth\u00e4lt 6 BudKups der Generation 3.0, den Pocket Humidor, 2 Boveda Humidity Control Packs (je 4 Gramm, 62% relative Luftfeuchtigkeit) und 2 BudKup-Entnahmewerkzeuge.<\/p>\n<p>Die BudKups 3.0 sind so konzipiert, dass sie den Luftstrom und die Erw\u00e4rmung verbessern. Hergestellt aus lebensmittelechtem Edelstahl.<\/p>\n<p>Um die BudKups 3.0 zu nutzen, befolgen Sie einfach diese einfachen Schritte: F\u00fcllen Sie einen BudKup mit Ihrem Kr\u00e4utermaterial, nimm das Metallsieb aus der Ofenkammer deines PAX Vaporizers heraus und ersetze es durch den gef\u00fcllten BudKup. Nun bist du bereit, ein reines und duftendes Dampferlebnis mit Ihrem PAX Vaporizer zu genie\u00dfen!<\/p>\n<h3>Lieferumfang<\/h3>\n<ul>\n<li>6x Budkaps (passend f\u00fcr Pax 2, Pax 3 oder Pax Plus)<\/li>\n<li>1x Budcase + Boveda Pack (62%)<\/li>\n<\/ul>\n<h3>\u00dcber BudKaps:<\/h3>\n<p>Wir sind gerne klein&#8230;<\/p>\n<p>BudKups begann mit zwei Schwestern, einem 70 Jahre alten Familienunternehmen und einer einfachen Idee: K\u00f6nnen wir unser Fachwissen in den Bereichen Technik und Herstellung nutzen, um das verdampfen von Cannabisbl\u00fcten noch einfacher zu machen? Seit der Entwicklung der BudKup-Ladekapsel arbeitet unser in Maryland ans\u00e4ssiges Team weiter an der Entwicklung von L\u00f6sungen f\u00fcr Cannabisbl\u00fcten. Wir sind der Qualit\u00e4t, der Innovation und unseren Kunden verpflichtet.<\/p>\n","protected":false},"excerpt":{"rendered":"<p>Budkaps Dosierkapseln f\u00fcr Pax Vaporizer Halten Sie immer eine frische Dosis bereit. Entwickelt f\u00fcr die Lagerung oder den Transport Ihrer<\/p>\n","protected":false},"featured_media":41616,"comment_status":"open","ping_status":"closed","template":"","meta":{"_acf_changed":false},"product_cat":[2489,2566,2625,3664,2623],"product_tag":[3726,3665],"acf":[],"_links":{"self":[{"href":"https:\/\/donaulife-new.ogrisdigital.at\/sv\/wp-json\/wp\/v2\/product\/55021"}],"collection":[{"href":"https:\/\/donaulife-new.ogrisdigital.at\/sv\/wp-json\/wp\/v2\/product"}],"about":[{"href":"https:\/\/donaulife-new.ogrisdigital.at\/sv\/wp-json\/wp\/v2\/types\/product"}],"replies":[{"embeddable":true,"href":"https:\/\/donaulife-new.ogrisdigital.at\/sv\/wp-json\/wp\/v2\/comments?post=55021"}],"wp:featuredmedia":[{"embeddable":true,"href":"https:\/\/donaulife-new.ogrisdigital.at\/sv\/wp-json\/wp\/v2\/media\/41616"}],"wp:attachment":[{"href":"https:\/\/donaulife-new.ogrisdigital.at\/sv\/wp-json\/wp\/v2\/media?parent=55021"}],"wp:term":[{"taxonomy":"product_cat","embeddable":true,"href":"https:\/\/donaulife-new.ogrisdigital.at\/sv\/wp-json\/wp\/v2\/product_cat?post=55021"},{"taxonomy":"product_tag","embeddable":true,"href":"https:\/\/donaulife-new.ogrisdigital.at\/sv\/wp-json\/wp\/v2\/product_tag?post=55021"}],"curies":[{"name":"wp","href":"https:\/\/api.w.org\/{rel}","templated":true}]}}