{"id":54975,"date":"2023-09-12T09:37:07","date_gmt":"2023-09-12T09:37:07","guid":{"rendered":"https:\/\/donaulife-new.ogrisdigital.at\/produkt\/roor-little-sista-7-0-rot-weiss-45-cm\/"},"modified":"2025-01-15T07:06:46","modified_gmt":"2025-01-15T07:06:46","slug":"roor-little-sista-7-0-rot-weiss-45-cm","status":"publish","type":"product","link":"https:\/\/donaulife-new.ogrisdigital.at\/sv\/roor-little-sista-7-0-rot-weiss-45-cm\/","title":{"rendered":"ROOR &#8216;Little Sista&#8217; 7.0 gr\u00fcn | 45 cm"},"content":{"rendered":"<h2>Roor Beakerbong mit gr\u00fcnem Logo<\/h2>\n<p>7 mm Wandst\u00e4rke und 50 mm Rohrdurchmesser geben hier mit 45 cm H\u00f6he ganz klar die Richtung vor: massiv, gro\u00dfes Wasservolumen, imposant.<\/p>\n<p>Die ROOR Little Sista 7.0 ist ein beeindruckendes St\u00fcck Glasdesign, das die Perfektion des Rauchens verk\u00f6rpert. Mit einer H\u00f6he von 45 cm bietet sie nicht nur eine eindrucksvolle Erscheinung, sondern auch ein erstklassiges Raucherlebnis. Der 18,8 mm Schliff erm\u00f6glicht die Verwendung verschiedener Aufs\u00e4tze und Zubeh\u00f6rteile, um Ihre Rauchsession nach Ihren W\u00fcnschen anzupassen.<\/p>\n<p>Das gr\u00fcne ROOR-Logo auf der Bong ist ein Zeichen f\u00fcr Qualit\u00e4t und Stil. Es unterstreicht die Authentizit\u00e4t und Exklusivit\u00e4t dieses Produkts. Das integrierte Kickloch erm\u00f6glicht eine einfache Kontrolle des Luftstroms und erm\u00f6glicht es Ihnen, Ihren Zug nach Ihren Vorlieben anzupassen.<\/p>\n<p>Die ROOR Little Sista 7.0 ist die perfekte Wahl f\u00fcr Kenner und alle, die Wert auf hochwertige Verarbeitung und einzigartiges Design legen. Erlebe h\u00f6chsten Genuss mit dieser herausragenden Bong.<\/p>\n<h3>\u00dcber ROOR:<\/h3>\n<div class=\"elementor-element elementor-element-96e4633 elementor-widget elementor-widget-text-editor\" data-id=\"96e4633\" data-element_type=\"widget\" data-widget_type=\"text-editor.default\">\n<div class=\"elementor-widget-container\">\n<div class=\"elementor-text-editor elementor-clearfix\">\n<p>Bereits Mitte der 1990er Jahre widmete sich der Kunsthandwerker Martin Birzle der Glaspfeifenherstellung. Seine Kompetenz im Glasbl\u00e4serhandwerk verbindet sich mit dem Anspruch, keine Massenware, sondern Kunstwerke zu erschaffen. Seine Philosophie: H\u00f6chste Qualit\u00e4t und beste Funktionalit\u00e4t bei individuellem und ansprechendem Design.<\/p>\n<p>Der Erfolg gibt ihm Recht: Die Marke ist in zahlreichen Headshops im In- und Ausland etabliert und hebt sich mehr als deutlich von minderwertigen Billigprodukten ab.<\/p>\n<p>Als 11-facher Gewinner des High-Times-Cup verstehen wir die Auszeichnungen auf internationalen Messen als Motivation, unserer Philosophie treu zu bleiben. Zu Recht hat RooR im Laufe der Jahre jede Menge prominente Fans und Freunde an sich gebunden: B-Real, System of a Down, Howard Marks und viele mehr.<\/p>\n<\/div>\n<\/div>\n<\/div>\n<div class=\"elementor-element elementor-element-dfbf275 elementor-widget elementor-widget-heading\" data-id=\"dfbf275\" data-element_type=\"widget\" data-widget_type=\"heading.default\">\n<div class=\"elementor-widget-container\"><span class=\"elementor-heading-title elementor-size-default\">DIE STORY GEHT WEITER&#8230;<\/span><\/div>\n<\/div>\n","protected":false},"excerpt":{"rendered":"<p>Roor Beakerbong mit gr\u00fcnem Logo 7 mm Wandst\u00e4rke und 50 mm Rohrdurchmesser geben hier mit 45 cm H\u00f6he ganz klar<\/p>\n","protected":false},"featured_media":41391,"comment_status":"open","ping_status":"open","template":"","meta":{"_acf_changed":false},"product_cat":[2514,2459,2523,2515,2635,2506,2463,3656],"product_tag":[3320],"acf":[],"_links":{"self":[{"href":"https:\/\/donaulife-new.ogrisdigital.at\/sv\/wp-json\/wp\/v2\/product\/54975"}],"collection":[{"href":"https:\/\/donaulife-new.ogrisdigital.at\/sv\/wp-json\/wp\/v2\/product"}],"about":[{"href":"https:\/\/donaulife-new.ogrisdigital.at\/sv\/wp-json\/wp\/v2\/types\/product"}],"replies":[{"embeddable":true,"href":"https:\/\/donaulife-new.ogrisdigital.at\/sv\/wp-json\/wp\/v2\/comments?post=54975"}],"wp:featuredmedia":[{"embeddable":true,"href":"https:\/\/donaulife-new.ogrisdigital.at\/sv\/wp-json\/wp\/v2\/media\/41391"}],"wp:attachment":[{"href":"https:\/\/donaulife-new.ogrisdigital.at\/sv\/wp-json\/wp\/v2\/media?parent=54975"}],"wp:term":[{"taxonomy":"product_cat","embeddable":true,"href":"https:\/\/donaulife-new.ogrisdigital.at\/sv\/wp-json\/wp\/v2\/product_cat?post=54975"},{"taxonomy":"product_tag","embeddable":true,"href":"https:\/\/donaulife-new.ogrisdigital.at\/sv\/wp-json\/wp\/v2\/product_tag?post=54975"}],"curies":[{"name":"wp","href":"https:\/\/api.w.org\/{rel}","templated":true}]}}