{"id":54957,"date":"2023-09-12T07:14:29","date_gmt":"2023-09-12T07:14:29","guid":{"rendered":"https:\/\/donaulife-new.ogrisdigital.at\/produkt\/roor-herzog-2-0-straight-500-32-375-cm\/"},"modified":"2025-01-15T07:06:48","modified_gmt":"2025-01-15T07:06:48","slug":"roor-herzog-2-0-straight-500-32-375-cm","status":"publish","type":"product","link":"https:\/\/donaulife-new.ogrisdigital.at\/sv\/roor-herzog-2-0-straight-500-32-375-cm\/","title":{"rendered":"ROOR Herzog 2.0 &#8216;Straight 500&#8217; | 37 cm"},"content":{"rendered":"<h2>Roor Bong x Herzog Colab<\/h2>\n<p>Die ROOR Herzog 2.0 Straight 500 3 mm Bong ist ein Meisterwerk des Glasdesigns und bietet ein unvergleichliches Raucherlebnis. Mit einer H\u00f6he von 37 cm ist sie nicht nur ein Blickfang, sondern hat auch die perfekte Gr\u00f6\u00dfe f\u00fcr angenehme Hits. Mit einer F\u00fcllmenge von 500 ml erm\u00f6glicht sie gro\u00dfz\u00fcgige Z\u00fcge und ein intensives Aroma. Das Diffusor Chillum sorgt f\u00fcr eine effiziente Filtration und K\u00fchlung des Rauchs, was zu einem seidig-glatten Zug f\u00fchrt.<\/p>\n<p>Das Herzog Logo am Hals der Bong verleiht ihr eine einzigartige Note und unterstreicht die Exklusivit\u00e4t dieses Produkts. Die ROOR Herzog 2.0 Straight 500 Bong ist die perfekte Wahl f\u00fcr anspruchsvolle Raucher, die Qualit\u00e4t und Design sch\u00e4tzen.<\/p>\n<p><img fetchpriority=\"high\" decoding=\"async\" class=\"alignnone wp-image-49832\" src=\"https:\/\/www.donaulife.com\/wp-content\/uploads\/2023\/09\/HGerzog2.0-logo-300x297.jpg\" alt=\"\" width=\"420\" height=\"416\" \/><\/p>\n<h3>\u00dcber ROOR:<\/h3>\n<div class=\"elementor-element elementor-element-96e4633 elementor-widget elementor-widget-text-editor\" data-id=\"96e4633\" data-element_type=\"widget\" data-widget_type=\"text-editor.default\">\n<div class=\"elementor-widget-container\">\n<div class=\"elementor-text-editor elementor-clearfix\">\n<p>Bereits Mitte der 1990er Jahre widmete sich der Kunsthandwerker Martin Birzle der Glaspfeifenherstellung. Seine Kompetenz im Glasbl\u00e4serhandwerk verbindet sich mit dem Anspruch, keine Massenware, sondern Kunstwerke zu erschaffen. Seine Philosophie: H\u00f6chste Qualit\u00e4t und beste Funktionalit\u00e4t bei individuellem und ansprechendem Design.<\/p>\n<p>Der Erfolg gibt ihm Recht: Die Marke ist in zahlreichen Headshops im In- und Ausland etabliert und hebt sich mehr als deutlich von minderwertigen Billigprodukten ab.<\/p>\n<p>Als 11-facher Gewinner des High-Times-Cup verstehen wir die Auszeichnungen auf internationalen Messen als Motivation, unserer Philosophie treu zu bleiben. Zu Recht hat RooR im Laufe der Jahre jede Menge prominente Fans und Freunde an sich gebunden: B-Real, System of a Down, Howard Marks und viele mehr.<\/p>\n<\/div>\n<\/div>\n<\/div>\n<div class=\"elementor-element elementor-element-dfbf275 elementor-widget elementor-widget-heading\" data-id=\"dfbf275\" data-element_type=\"widget\" data-widget_type=\"heading.default\">\n<div class=\"elementor-widget-container\"><span class=\"elementor-heading-title elementor-size-default\">DIE STORY GEHT WEITER&#8230;<\/span><\/div>\n<\/div>\n","protected":false},"excerpt":{"rendered":"<p>Roor Bong x Herzog Colab Die ROOR Herzog 2.0 Straight 500 3 mm Bong ist ein Meisterwerk des Glasdesigns und<\/p>\n","protected":false},"featured_media":41281,"comment_status":"open","ping_status":"open","template":"","meta":{"_acf_changed":false},"product_cat":[2514,2459,2510,2506,2463,2520,3656],"product_tag":[3320],"acf":[],"_links":{"self":[{"href":"https:\/\/donaulife-new.ogrisdigital.at\/sv\/wp-json\/wp\/v2\/product\/54957"}],"collection":[{"href":"https:\/\/donaulife-new.ogrisdigital.at\/sv\/wp-json\/wp\/v2\/product"}],"about":[{"href":"https:\/\/donaulife-new.ogrisdigital.at\/sv\/wp-json\/wp\/v2\/types\/product"}],"replies":[{"embeddable":true,"href":"https:\/\/donaulife-new.ogrisdigital.at\/sv\/wp-json\/wp\/v2\/comments?post=54957"}],"wp:featuredmedia":[{"embeddable":true,"href":"https:\/\/donaulife-new.ogrisdigital.at\/sv\/wp-json\/wp\/v2\/media\/41281"}],"wp:attachment":[{"href":"https:\/\/donaulife-new.ogrisdigital.at\/sv\/wp-json\/wp\/v2\/media?parent=54957"}],"wp:term":[{"taxonomy":"product_cat","embeddable":true,"href":"https:\/\/donaulife-new.ogrisdigital.at\/sv\/wp-json\/wp\/v2\/product_cat?post=54957"},{"taxonomy":"product_tag","embeddable":true,"href":"https:\/\/donaulife-new.ogrisdigital.at\/sv\/wp-json\/wp\/v2\/product_tag?post=54957"}],"curies":[{"name":"wp","href":"https:\/\/api.w.org\/{rel}","templated":true}]}}