{"id":54929,"date":"2023-09-06T13:36:50","date_gmt":"2023-09-06T13:36:50","guid":{"rendered":"https:\/\/donaulife-new.ogrisdigital.at\/produkt\/heisenberg-percolatorbong-bubble-color-57-cm\/"},"modified":"2024-07-01T01:10:32","modified_gmt":"2024-07-01T01:10:32","slug":"heisenberg-percolatorbong-bubble-color-57-cm","status":"publish","type":"product","link":"https:\/\/donaulife-new.ogrisdigital.at\/sv\/heisenberg-percolatorbong-bubble-color-57-cm\/","title":{"rendered":"HEISENBERG Percolatorbong &#8216;Bubble Color&#8217; | 57 cm"},"content":{"rendered":"<h2>Heisenberg Beakerbong mit 2x 5-Arm Perc<\/h2>\n<div id=\"description\" class=\"data item content\" role=\"tabpanel\" data-role=\"content\" aria-labelledby=\"tab-label-description\" aria-hidden=\"false\">\n<div class=\"product attribute description\">\n<div class=\"value\">\n<p><strong>5-Arm Perkolator<\/strong>\u00a0&#8211; Bei dem gro\u00dfen Perkolator zwischen Mundst\u00fcck und Beaker-Boden handelt es sich um einen gro\u00dfen Two Perc mit 5 einzelnen Diffusor-Armen. Jedes einzelne \u00c4rmchen wird von 2 Schlitzen durchzogen, durch die der Rauch gezogen und intensiv verwirbelt wird, um ihn zu k\u00fchlen und m\u00f6glichst vielen Schadstoffen zu befreien, bevor er eingeatmet werden kann.<\/p>\n<p><strong>6-Schlitzloch\u00a0Showerhead\u00a0<\/strong>&#8211; Dieser rundet die Beaker Bubble Color Arm Perc 7mm perfekt ab und macht sie zu einem aufregenden Raucherlebnis<\/p>\n<p><strong>Kickloch mit Verschlusstopfen<\/strong>\u00a0&#8211; Dieses bietet den Vorteil, dass das K\u00f6pfchen zum Hitten nicht angehoben werden muss und vereinfacht das reinigen und trocknen der Bong nach der Benutzung. Um die Finger beim Rauchen sauber zu behalten und die Reinigung der Bong noch einfacher zu gestalten, ist bei der Lieferung ein Kicklochstutzen aus Silikon enthalten.<\/p>\n<p><strong>Lieferumfang:<\/strong><\/p>\n<p>&#8211; Beaker Bubble Color 2x 5 Arm<br \/>\n&#8211; Schlitzdiffusor 29,2&gt;18,8 L\u00e4nge: ca. 12,5cm<br \/>\n&#8211; Standard Bowl 18,8 mm, male<br \/>\n&#8211; Verschlussstopfen aus Silikon<\/p>\n<p><span style=\"font-size: 20.16px; color: #333333;\">\u00dcber Heisenberg:<\/span><\/p>\n<\/div>\n<\/div>\n<\/div>\n<div>\n<div>\n<p>Heisenberg \u2013 nicht nur durch Breaking Bad ein Ph\u00e4nomen. Die Marke Heisenberg ist unter anderem durch ihre Glasbongs bekannt geworden. Keine Bong der Heisenberg Serie ist wie die andere. Hier werden verschiedene Gestaltungselemente geboten, wie beispielsweise poppige Farben oder mit Glow in the dark Funktion, Pl\u00e4tzen zum Einsetzen von LED Beleuchtung und anderen Extras.<\/p>\n<p>Bei dem interessanten Sortiment an Glasbongs, ist mit Sicherheit auch was f\u00fcr dich dabei!<\/p>\n<\/div>\n<\/div>\n","protected":false},"excerpt":{"rendered":"<p>Heisenberg Beakerbong mit 2x 5-Arm Perc 5-Arm Perkolator\u00a0&#8211; Bei dem gro\u00dfen Perkolator zwischen Mundst\u00fcck und Beaker-Boden handelt es sich um<\/p>\n","protected":false},"featured_media":41103,"comment_status":"open","ping_status":"open","template":"","meta":{"_acf_changed":false},"product_cat":[2514,2459,2507,3404,2523,2515,2635,2506,2463],"product_tag":[3405,2466],"acf":[],"_links":{"self":[{"href":"https:\/\/donaulife-new.ogrisdigital.at\/sv\/wp-json\/wp\/v2\/product\/54929"}],"collection":[{"href":"https:\/\/donaulife-new.ogrisdigital.at\/sv\/wp-json\/wp\/v2\/product"}],"about":[{"href":"https:\/\/donaulife-new.ogrisdigital.at\/sv\/wp-json\/wp\/v2\/types\/product"}],"replies":[{"embeddable":true,"href":"https:\/\/donaulife-new.ogrisdigital.at\/sv\/wp-json\/wp\/v2\/comments?post=54929"}],"wp:featuredmedia":[{"embeddable":true,"href":"https:\/\/donaulife-new.ogrisdigital.at\/sv\/wp-json\/wp\/v2\/media\/41103"}],"wp:attachment":[{"href":"https:\/\/donaulife-new.ogrisdigital.at\/sv\/wp-json\/wp\/v2\/media?parent=54929"}],"wp:term":[{"taxonomy":"product_cat","embeddable":true,"href":"https:\/\/donaulife-new.ogrisdigital.at\/sv\/wp-json\/wp\/v2\/product_cat?post=54929"},{"taxonomy":"product_tag","embeddable":true,"href":"https:\/\/donaulife-new.ogrisdigital.at\/sv\/wp-json\/wp\/v2\/product_tag?post=54929"}],"curies":[{"name":"wp","href":"https:\/\/api.w.org\/{rel}","templated":true}]}}