{"id":54903,"date":"2023-09-06T09:00:09","date_gmt":"2023-09-06T09:00:09","guid":{"rendered":"https:\/\/donaulife-new.ogrisdigital.at\/produkt\/puffco-proxy-glass-bubbler-bub-cover-grau\/"},"modified":"2024-07-01T01:10:16","modified_gmt":"2024-07-01T01:10:16","slug":"puffco-proxy-glass-bubbler-bub-cover-grau","status":"publish","type":"product","link":"https:\/\/donaulife-new.ogrisdigital.at\/sv\/puffco-proxy-glass-bubbler-bub-cover-grau\/","title":{"rendered":"PUFFCO Proxy Glass Bubbler Bub Cover"},"content":{"rendered":"<h2>Puffco Proxy Glas Bubbler Erweiterung<\/h2>\n<p>Hergestellt aus mundgeblasenem Borosilikatglas, f\u00fcgt der Proxy Bub dem Proxy-Erlebnis eine Wasserfunktion hinzu.<\/p>\n<p>*Die Proxy Bub-Glasbeschichtung wurde mit Blick auf die Sicherheit entwickelt und erf\u00fcllt alle Industriestandards f\u00fcr die Sicherheit eines medizinischen Ger\u00e4ts.<\/p>\n<p>Es handelt sich bei dem Produkt nur um die Glas Bubbler Erweiterung. Der Puffco Proxy ist NICHT inkludiert \ud83d\ude42<\/p>\n<div style=\"width: 1080px;\" class=\"wp-video\"><!--[if lt IE 9]><script>document.createElement('video');<\/script><![endif]-->\n<video class=\"wp-video-shortcode\" id=\"video-54903-1\" width=\"1080\" height=\"1080\" preload=\"metadata\" controls=\"controls\"><source type=\"video\/mp4\" src=\"https:\/\/www.donaulife.com\/wp-content\/uploads\/2023\/09\/Puffco-proxy-bub.mp4?_=1\" \/><a href=\"https:\/\/www.donaulife.com\/wp-content\/uploads\/2023\/09\/Puffco-proxy-bub.mp4\" target=\"_blank\" rel=\"noopener\">https:\/\/www.donaulife.com\/wp-content\/uploads\/2023\/09\/Puffco-proxy-bub.mp4<\/a><\/video><\/div>\n<h3>\u00dcber Puffco:<\/h3>\n<p>Unsere Reise begann 2013, als CEO Roger Volodarsky die Nachfrage von Konzentrat Vapes erkannte. Mit dem Ziel, die beste Plattform f\u00fcr den Extraktkonsum zu schaffen, brachte er Design und Technologie zusammen, um Puffco zu gr\u00fcnden. Wir haben einen sichereren, einfacheren und viel geschmackvolleren Industriestandard entwickelt. Ob es die Geschmacksnuancen sind, die Sie bei Ihren Lieblingssorten noch nicht bemerkt haben, die neuen Gef\u00fchle in Ihrem K\u00f6rper und\/oder ein klarerer mentaler Zustand &#8211; der Puffco-Unterschied ist tiefgreifend.<\/p>\n<p><img fetchpriority=\"high\" decoding=\"async\" class=\"alignnone size-medium wp-image-49566\" src=\"https:\/\/www.donaulife.com\/wp-content\/uploads\/2023\/09\/accessories_0008_Bub2_1-300x300.webp\" alt=\"\" width=\"300\" height=\"300\" \/><\/p>\n<p>&nbsp;<\/p>\n","protected":false},"excerpt":{"rendered":"<p>Puffco Proxy Glas Bubbler Erweiterung Hergestellt aus mundgeblasenem Borosilikatglas, f\u00fcgt der Proxy Bub dem Proxy-Erlebnis eine Wasserfunktion hinzu. *Die Proxy<\/p>\n","protected":false},"featured_media":40981,"comment_status":"open","ping_status":"closed","template":"","meta":{"_acf_changed":false},"product_cat":[2566,2625,2623],"product_tag":[],"acf":[],"_links":{"self":[{"href":"https:\/\/donaulife-new.ogrisdigital.at\/sv\/wp-json\/wp\/v2\/product\/54903"}],"collection":[{"href":"https:\/\/donaulife-new.ogrisdigital.at\/sv\/wp-json\/wp\/v2\/product"}],"about":[{"href":"https:\/\/donaulife-new.ogrisdigital.at\/sv\/wp-json\/wp\/v2\/types\/product"}],"replies":[{"embeddable":true,"href":"https:\/\/donaulife-new.ogrisdigital.at\/sv\/wp-json\/wp\/v2\/comments?post=54903"}],"wp:featuredmedia":[{"embeddable":true,"href":"https:\/\/donaulife-new.ogrisdigital.at\/sv\/wp-json\/wp\/v2\/media\/40981"}],"wp:attachment":[{"href":"https:\/\/donaulife-new.ogrisdigital.at\/sv\/wp-json\/wp\/v2\/media?parent=54903"}],"wp:term":[{"taxonomy":"product_cat","embeddable":true,"href":"https:\/\/donaulife-new.ogrisdigital.at\/sv\/wp-json\/wp\/v2\/product_cat?post=54903"},{"taxonomy":"product_tag","embeddable":true,"href":"https:\/\/donaulife-new.ogrisdigital.at\/sv\/wp-json\/wp\/v2\/product_tag?post=54903"}],"curies":[{"name":"wp","href":"https:\/\/api.w.org\/{rel}","templated":true}]}}