{"id":54882,"date":"2023-08-25T13:46:16","date_gmt":"2023-08-25T13:46:16","guid":{"rendered":"https:\/\/donaulife-new.ogrisdigital.at\/produkt\/center-piece-glaspfeife-little-puff\/"},"modified":"2024-07-01T01:10:03","modified_gmt":"2024-07-01T01:10:03","slug":"center-piece-glaspfeife-little-puff","status":"publish","type":"product","link":"https:\/\/donaulife-new.ogrisdigital.at\/sv\/center-piece-glaspfeife-little-puff\/","title":{"rendered":"CENTER PIECE Glaspfeife &#8216;little Puff&#8217;"},"content":{"rendered":"<h2>Center Piece Glaspfeife<\/h2>\n<p>Diese robuste Pfeife f\u00fcr getrocknete Kr\u00e4uter ist aus 3 mm dickem Borosilikatglas in medizinischer Qualit\u00e4t gefertigt.<\/p>\n<p>Die Pfeife verf\u00fcgt \u00fcber einen gro\u00dfen Pfeifenkopf, der es erm\u00f6glicht, gro\u00dfe Hits und dichte Wolken zu produzieren.<\/p>\n<p>Das Design ist schlicht und trotzdem modern gehalten und die Farbakzente treffen sich perfekt mit den reinen Glas Elementen.<\/p>\n<p>Die Unterseite der breiten und flachen Basis sorgt nicht nur daf\u00fcr, dass die Spoon-Glaspfeife beim Bef\u00fcllen stabil bleibt, sondern bietet auch einen bequemen, ergonomischen und sicheren Griff. Au\u00dferdem ist unter der Pfeife eine kleine geschraubte Basis in der Kr\u00e4uter transportiert werden k\u00f6nnen.<\/p>\n<h3>Eigenschaften<\/h3>\n<ul>\n<li>Robust und leicht<\/li>\n<li>Gro\u00dfe F\u00fcllmenge<\/li>\n<li>Ergonomischer Griff<\/li>\n<li>Aus 3 mm dickem Glas in medizinischer Qualit\u00e4t<\/li>\n<\/ul>\n<h3>LIEFERUMFANG<\/h3>\n<ul>\n<li>1 x Spoon Pfeife<\/li>\n<li>1 x Pfeifenreiniger<\/li>\n<li>1 x Box<\/li>\n<\/ul>\n<h3>\u00dcber Higher Standards:<\/h3>\n<div>Higher Standards wurde gegr\u00fcndet, um echten Kennern die Werkzeuge zu liefern, die sie f\u00fcr das beste Raucherlebnis ben\u00f6tigen, von Premium-Pflegeprodukten, die den besten Geschmack aus Ihrem Material herausholen, bis hin zu Hochleistungsgl\u00e4sern und begehrten limitierten Editionen.<\/div>\n<div><\/div>\n<div>Unsere Kollektion von handgefertigtem High End Glas, erstklassigen Pflege- und Wartungsprodukten und limitierten Kooperationen wurden alle mit dem Gedanken an den wahren Genie\u00dfer geschaffen, der den Geschmack an erste Stelle setzt.<\/div>\n","protected":false},"excerpt":{"rendered":"<p>Center Piece Glaspfeife Diese robuste Pfeife f\u00fcr getrocknete Kr\u00e4uter ist aus 3 mm dickem Borosilikatglas in medizinischer Qualit\u00e4t gefertigt. Die<\/p>\n","protected":false},"featured_media":40826,"comment_status":"open","ping_status":"open","template":"","meta":{"_acf_changed":false},"product_cat":[2489,2566,2502,2451,2501],"product_tag":[],"acf":[],"_links":{"self":[{"href":"https:\/\/donaulife-new.ogrisdigital.at\/sv\/wp-json\/wp\/v2\/product\/54882"}],"collection":[{"href":"https:\/\/donaulife-new.ogrisdigital.at\/sv\/wp-json\/wp\/v2\/product"}],"about":[{"href":"https:\/\/donaulife-new.ogrisdigital.at\/sv\/wp-json\/wp\/v2\/types\/product"}],"replies":[{"embeddable":true,"href":"https:\/\/donaulife-new.ogrisdigital.at\/sv\/wp-json\/wp\/v2\/comments?post=54882"}],"wp:featuredmedia":[{"embeddable":true,"href":"https:\/\/donaulife-new.ogrisdigital.at\/sv\/wp-json\/wp\/v2\/media\/40826"}],"wp:attachment":[{"href":"https:\/\/donaulife-new.ogrisdigital.at\/sv\/wp-json\/wp\/v2\/media?parent=54882"}],"wp:term":[{"taxonomy":"product_cat","embeddable":true,"href":"https:\/\/donaulife-new.ogrisdigital.at\/sv\/wp-json\/wp\/v2\/product_cat?post=54882"},{"taxonomy":"product_tag","embeddable":true,"href":"https:\/\/donaulife-new.ogrisdigital.at\/sv\/wp-json\/wp\/v2\/product_tag?post=54882"}],"curies":[{"name":"wp","href":"https:\/\/api.w.org\/{rel}","templated":true}]}}