{"id":54874,"date":"2023-08-25T10:59:49","date_gmt":"2023-08-25T10:59:49","guid":{"rendered":"https:\/\/donaulife-new.ogrisdigital.at\/produkt\/puffco-peak-pro-e-nail-fuer-extrakte\/"},"modified":"2024-07-01T01:09:59","modified_gmt":"2024-07-01T01:09:59","slug":"puffco-peak-pro-e-nail-fuer-extrakte","status":"publish","type":"product","link":"https:\/\/donaulife-new.ogrisdigital.at\/sv\/puffco-peak-pro-e-nail-fuer-extrakte\/","title":{"rendered":"PUFFCO Peak Pro E-Nail f\u00fcr Extrakte"},"content":{"rendered":"<h2>Puffco Peak Pro Konzentrat Portable Vaporizer<\/h2>\n<p>Der tragbare Puffco Peak Pro Concentrate Vaporizer ist die n\u00e4chste Stufe der Technologie f\u00fcr das vapen von Konzentraten. Es ist eine innovative neue Art, die Magie von Konzentraten zu genie\u00dfen, die einfacher und bequemer ist als je zuvor. Er bietet unsere ultimative Anpassungserfahrung f\u00fcr Kenner, die das bestm\u00f6gliche Erlebnis w\u00fcnschen, mit einer vollst\u00e4ndigen Bandbreite an Kontrolle vom Anf\u00e4nger bis zum Experten.<\/p>\n<p><img fetchpriority=\"high\" decoding=\"async\" class=\"alignnone size-medium wp-image-49223\" src=\"https:\/\/www.donaulife.com\/wp-content\/uploads\/2023\/08\/Peach_Tpack-215x300.webp\" alt=\"\" width=\"215\" height=\"300\" \/>\u00a0<img decoding=\"async\" class=\"alignnone wp-image-49226\" style=\"font-size: 14.4px;\" src=\"https:\/\/www.donaulife.com\/wp-content\/uploads\/2023\/08\/Peach_bottomleft-215x300.webp\" alt=\"\" width=\"214\" height=\"299\" \/>\u00a0<img decoding=\"async\" class=\"alignnone size-medium wp-image-49228\" style=\"font-size: 14.4px;\" src=\"https:\/\/www.donaulife.com\/wp-content\/uploads\/2023\/08\/Peach_bottomright-284x300.webp\" alt=\"\" width=\"284\" height=\"300\" \/><span style=\"font-size: 14.4px;\">\u00a0<\/span><img loading=\"lazy\" decoding=\"async\" class=\"alignnone wp-image-49225\" style=\"font-size: 14.4px;\" src=\"https:\/\/www.donaulife.com\/wp-content\/uploads\/2023\/08\/Peach_BottomMiddle_2_4017ca9e-1413-47f8-a63e-888c08721cf7-300x235.webp\" alt=\"\" width=\"384\" height=\"301\" \/> <span style=\"font-size: 14.4px;\">\u00a0<\/span><span style=\"font-size: 14.4px;\">\u00a0<\/span><\/p>\n<p><strong>Bluetooth verbinden &#8211; App Features genie\u00dfen<\/strong><\/p>\n<p>Mit der Peak Pro App k\u00f6nnen Sie jeden Aspekt Ihres Ger\u00e4ts steuern.<\/p>\n<p><img loading=\"lazy\" decoding=\"async\" class=\"alignnone wp-image-49227\" style=\"font-size: 14.4px;\" src=\"https:\/\/www.donaulife.com\/wp-content\/uploads\/2023\/08\/Peach_BottomMiddle-300x235.webp\" alt=\"\" width=\"384\" height=\"301\" \/><\/p>\n<p><strong>Kabelloses Aufladen<\/strong><\/p>\n<p>Mit der kabellosen Ladestation ist Ihr Peak immer voll aufgeladen.<\/p>\n<p><strong>Peak Pro &#8211; Eine neue Perspektive<\/strong><\/p>\n<p>Die Oculus Carb Cap ist das perfekte Zubeh\u00f6r f\u00fcr jedes Dab-Rig und das erste Fenster zu Deinem Dab-Erlebnis. Die Press-Fit-Verbindung sorgt daf\u00fcr, dass die Carb Cap an ihrem Platz bleibt. Wir haben auch einen gerichteten Luftweg in das Design integriert, um die Dampfproduktion zu maximieren, indem die warme Luft aus dem Hauptluftstrom direkt auf die sehr hei\u00dfe Konzentratoberfl\u00e4che geleitet wird.<\/p>\n<p>Die Peak Pro Kammer ist das Herzst\u00fcck dieses Ger\u00e4ts. Der Sensor im Inneren der Kammer \u00fcberwacht Ihre Temperatur und stellt sicher, dass sie genau dort bleibt, wo sie sein soll &#8211; unabh\u00e4ngig davon, wie stark Sie inhalieren oder wie viel \u00d6l Sie verwenden.<\/p>\n<p>Das neue versiegelte Kammerdesign wurde komplett \u00fcberarbeitet und bleibt nun nicht nur sauberer f\u00fcr ein besseres Erlebnis, sondern ist auch zuverl\u00e4ssiger. Eine 40% gr\u00f6\u00dfere Kammer erm\u00f6glicht es Ihnen, gr\u00f6\u00dfere Dabs mit Leichtigkeit zu nehmen.<\/p>\n<p><strong>App zum Aktivieren der Steuerung im Peak Pro<\/strong><\/p>\n<p>Entfalten Sie das Potenzial Ihres Peak Pro, indem Sie die kostenlose Puffco-App herunterladen. Sie werden auch in der Lage sein, Dutzende von benutzerdefinierten W\u00e4rmeprofilen zu erstellen, die Temperatur, Zeit und LED-Farbe anzupassen und den Boost-Modus einzustellen.<\/p>\n<p><strong>Das Peak Pro Power Dock<\/strong><\/p>\n<p>Das Puffco Power Dock ist ein kabelloses Ladeger\u00e4t und eine sichere Basis f\u00fcr Ihren Peak Pro. Es fungiert auch als tragbare Powerbank, die Ihren Peak oder jedes andere USB-betriebene Ger\u00e4t unterwegs aufladen kann. Au\u00dferdem verf\u00fcgt es \u00fcber einen Bereitschaftsmodus, der aktiviert wird, wenn Sie es mit der App koppeln.<\/p>\n<p><strong>Einfach zu benutzen; Einfach zu warten<\/strong><\/p>\n<p>1. Aufladen<br \/>\n3. Doppelklick<br \/>\n4. Nach dem Summen dr\u00fccken<\/p>\n<p><strong>Spezifikationen des Produkts<\/strong><\/p>\n<ul>\n<li>Bluetooth-App-Konnektivit\u00e4t<\/li>\n<li>Kabelloses Qi-Laden<\/li>\n<li>USB-C-Anschluss<\/li>\n<li>Echtzeit-Temp. Steuerung<\/li>\n<li>Gro\u00dfe versiegelte Keramikkammer<\/li>\n<li>Anpassbare LED-Beleuchtung<\/li>\n<li>Doppelte Wasserkapazit\u00e4t<\/li>\n<li>Auto-Sleep-Funktion<\/li>\n<li>4 vorprogrammierte W\u00e4rmeeinstellungen (weitere \u00fcber die App verf\u00fcgbar)<\/li>\n<li>2 Stunden Schnellladezeit<\/li>\n<li>Durchschnittliche Akkulaufzeit von 30 Sitzungen<\/li>\n<li>30-Sekunden-Aufheizzeit<\/li>\n<li>Inklusive Tragetasche<\/li>\n<\/ul>\n<h3>\u00dcber Puffco:<\/h3>\n<p>Unsere Reise begann 2013, als CEO Roger Volodarsky die Nachfrage von Konzentrat Vapes erkannte. Mit dem Ziel, die beste Plattform f\u00fcr den Extraktkonsum zu schaffen, brachte er Design und Technologie zusammen, um Puffco zu gr\u00fcnden. Wir haben einen sichereren, einfacheren und viel geschmackvolleren Industriestandard entwickelt. Ob es die Geschmacksnuancen sind, die Sie bei Ihren Lieblingssorten noch nicht bemerkt haben, die neuen Gef\u00fchle in Ihrem K\u00f6rper und\/oder ein klarerer mentaler Zustand &#8211; der Puffco-Unterschied ist tiefgreifend.<\/p>\n<p>&nbsp;<\/p>\n<p>&nbsp;<\/p>\n","protected":false},"excerpt":{"rendered":"<p>Puffco Peak Pro Konzentrat Portable Vaporizer Der tragbare Puffco Peak Pro Concentrate Vaporizer ist die n\u00e4chste Stufe der Technologie f\u00fcr<\/p>\n","protected":false},"featured_media":40745,"comment_status":"open","ping_status":"closed","template":"","meta":{"_acf_changed":false},"product_cat":[2566,2625,2624,2623],"product_tag":[],"acf":[],"_links":{"self":[{"href":"https:\/\/donaulife-new.ogrisdigital.at\/sv\/wp-json\/wp\/v2\/product\/54874"}],"collection":[{"href":"https:\/\/donaulife-new.ogrisdigital.at\/sv\/wp-json\/wp\/v2\/product"}],"about":[{"href":"https:\/\/donaulife-new.ogrisdigital.at\/sv\/wp-json\/wp\/v2\/types\/product"}],"replies":[{"embeddable":true,"href":"https:\/\/donaulife-new.ogrisdigital.at\/sv\/wp-json\/wp\/v2\/comments?post=54874"}],"wp:featuredmedia":[{"embeddable":true,"href":"https:\/\/donaulife-new.ogrisdigital.at\/sv\/wp-json\/wp\/v2\/media\/40745"}],"wp:attachment":[{"href":"https:\/\/donaulife-new.ogrisdigital.at\/sv\/wp-json\/wp\/v2\/media?parent=54874"}],"wp:term":[{"taxonomy":"product_cat","embeddable":true,"href":"https:\/\/donaulife-new.ogrisdigital.at\/sv\/wp-json\/wp\/v2\/product_cat?post=54874"},{"taxonomy":"product_tag","embeddable":true,"href":"https:\/\/donaulife-new.ogrisdigital.at\/sv\/wp-json\/wp\/v2\/product_tag?post=54874"}],"curies":[{"name":"wp","href":"https:\/\/api.w.org\/{rel}","templated":true}]}}