{"id":54871,"date":"2023-08-24T11:31:38","date_gmt":"2023-08-24T11:31:38","guid":{"rendered":"https:\/\/donaulife-new.ogrisdigital.at\/produkt\/c-cell-pen-m3-battery-silber-usb-ladegeraet\/"},"modified":"2024-07-01T01:09:54","modified_gmt":"2024-07-01T01:09:54","slug":"c-cell-pen-m3-battery-silber-usb-ladegeraet","status":"publish","type":"product","link":"https:\/\/donaulife-new.ogrisdigital.at\/sv\/c-cell-pen-m3-battery-silber-usb-ladegeraet\/","title":{"rendered":"C-CELL Pen M3 Battery (silber) + USB Ladeger\u00e4t"},"content":{"rendered":"<h2>C-Cell Vape Pen M3 inkl. Ladeger\u00e4t<\/h2>\n<ul>\n<li>Edelstahlgeh\u00e4use ohne Knopf<\/li>\n<li>Batteriekapazit\u00e4t: 350mAh<\/li>\n<li>Abmessungen: \u03a610,5 \u00d7 76,4H (mm)<\/li>\n<li>Geh\u00e4use aus rostfreiem Stahl<\/li>\n<li>Standard 510er Gewinde<\/li>\n<li>Eingebaute LED-Anzeige<\/li>\n<li>510er-Gewinde zum Aufladen \u00fcber USB<\/li>\n<\/ul>\n<p>Der M3 ist perfekt f\u00fcrs mitnehmen. Hochwertige Materialien vereint mit einem einfachen Standardisierten Gewinde. Durch zahlreiche Tests haben unsere Ingenieure schlie\u00dflich die perfekte Balance zwischen hoher Leistung und kompaktem Design erreicht.<\/p>\n","protected":false},"excerpt":{"rendered":"<p>C-Cell Vape Pen M3 inkl. Ladeger\u00e4t Edelstahlgeh\u00e4use ohne Knopf Batteriekapazit\u00e4t: 350mAh Abmessungen: \u03a610,5 \u00d7 76,4H (mm) Geh\u00e4use aus rostfreiem Stahl<\/p>\n","protected":false},"featured_media":40726,"comment_status":"open","ping_status":"open","template":"","meta":{"_acf_changed":false},"product_cat":[2549,3355,2623],"product_tag":[],"acf":[],"_links":{"self":[{"href":"https:\/\/donaulife-new.ogrisdigital.at\/sv\/wp-json\/wp\/v2\/product\/54871"}],"collection":[{"href":"https:\/\/donaulife-new.ogrisdigital.at\/sv\/wp-json\/wp\/v2\/product"}],"about":[{"href":"https:\/\/donaulife-new.ogrisdigital.at\/sv\/wp-json\/wp\/v2\/types\/product"}],"replies":[{"embeddable":true,"href":"https:\/\/donaulife-new.ogrisdigital.at\/sv\/wp-json\/wp\/v2\/comments?post=54871"}],"wp:featuredmedia":[{"embeddable":true,"href":"https:\/\/donaulife-new.ogrisdigital.at\/sv\/wp-json\/wp\/v2\/media\/40726"}],"wp:attachment":[{"href":"https:\/\/donaulife-new.ogrisdigital.at\/sv\/wp-json\/wp\/v2\/media?parent=54871"}],"wp:term":[{"taxonomy":"product_cat","embeddable":true,"href":"https:\/\/donaulife-new.ogrisdigital.at\/sv\/wp-json\/wp\/v2\/product_cat?post=54871"},{"taxonomy":"product_tag","embeddable":true,"href":"https:\/\/donaulife-new.ogrisdigital.at\/sv\/wp-json\/wp\/v2\/product_tag?post=54871"}],"curies":[{"name":"wp","href":"https:\/\/api.w.org\/{rel}","templated":true}]}}